{"id":317788,"date":"2021-10-11T22:05:16","date_gmt":"2024-03-14T22:02:35","guid":{"rendered":"https:\/\/www.moskito.cz\/produkt\/couteau-de-tir-microtech-ultratech-jedi-122-1jk\/"},"modified":"2025-05-07T11:04:32","modified_gmt":"2025-05-07T10:04:32","slug":"couteau-de-tir-microtech-ultratech-jedi-122-1jk","status":"publish","type":"product","link":"https:\/\/www.moskito.cz\/fr\/produkt\/couteau-de-tir-microtech-ultratech-jedi-122-1jk\/","title":{"rendered":"Couteau de tir Microtech ULTRATECH JEDI 122-1JK"},"content":{"rendered":"<p>Couteau de tir <strong>Microtech<\/strong> ULTRATECH JEDI 122-1JK.<\/p>\n<p><strong>Ultratech<\/strong> est sans aucun doute le produit phare de Microtech depuis son lancement en 1999. Chaque couteau Microtech OTF poss\u00e8de des m\u00e9canismes internes extr\u00eamement sophistiqu\u00e9s qui am\u00e9liorent la fonctionnalit\u00e9 op\u00e9rationnelle globale et la fiabilit\u00e9. Cette \u00e9dition limit\u00e9e sp\u00e9ciale 122-1JK comprend une poign\u00e9e de style \u00ab tri-grip \u00bb partiellement noire avec un anneau unique et une fonction de bris de verre int\u00e9gr\u00e9e ainsi qu&rsquo;un poignard de style dague \u00e0 finition bleue. La partie lisse de la poign\u00e9e a un design unique et le clip de poche porte \u00ab JK \u00bb en plus du num\u00e9ro de s\u00e9rie et de la date de fabrication. Fabriqu\u00e9 aux \u00c9tats-Unis.<\/p>\n<p>CARACT\u00c9RISTIQUES:<\/p>\n<p>Longueur de la lame : 8,5 cm<br \/>\nLongueur totale : 21 cm<br \/>\nMat\u00e9riau de la lame : acier inoxydable M390<br \/>\nFinition de la lame : bleue<br \/>\nMat\u00e9riau du manche : aluminium 6061-T6<br \/>\nPoids : 3,2 onces.<\/p>\n<p><iframe title=\"Microtech Combat Troodon Torture Test\" width=\"800\" height=\"450\" src=\"https:\/\/www.youtube.com\/embed\/xE9TeOFYEjg?feature=oembed\" frameborder=\"0\" allow=\"accelerometer; autoplay; clipboard-write; encrypted-media; gyroscope; picture-in-picture; web-share\" allowfullscreen><\/iframe><\/p>\n<p>&nbsp;<\/p>\n<p>L&rsquo; <strong>Ultratech<\/strong> est sans aucun doute le produit phare de Microtech en mati\u00e8re de couteau automobile avant depuis son introduction en 1999. Chaque couteau Microtech OTF poss\u00e8de des m\u00e9canismes internes extr\u00eamement sophistiqu\u00e9s qui am\u00e9liorent la fonctionnalit\u00e9 op\u00e9rationnelle globale et la fiabilit\u00e9. Ce mod\u00e8le sp\u00e9cial limit\u00e9, le 122-1JK, est dot\u00e9 d&rsquo;une poign\u00e9e noire de style partiellement \u00ab tri-grip \u00bb avec une quincaillerie annel\u00e9e unique et une fonction de brise-verre int\u00e9gr\u00e9e ainsi qu&rsquo;une lame de style poignard dans une finition bleue. La section lisse de la poign\u00e9e pr\u00e9sente un design unique et le clip de poche indique \u00ab&nbsp;JK&nbsp;\u00bb en plus du num\u00e9ro de s\u00e9rie et de la date de production. Fabriqu\u00e9 aux Etats-Unis.<\/p>\n<p>Caract\u00e9ristiques:<\/p>\n<p>Longueur de la lame : 3,375&Prime;<br \/>\nLongueur totale&nbsp;: 8,375&Prime;<br \/>\nMat\u00e9riau de la lame : acier inoxydable M390.<br \/>\nFinition de la lame&nbsp;: Bleu<br \/>\nLongueur du manche : 5&Prime;<br \/>\nMat\u00e9riau de la poign\u00e9e&nbsp;: aluminium 6061-T6<br \/>\nPoids : 3,2 onces.<\/p>\n","protected":false},"excerpt":{"rendered":"<p>Au fil des ann\u00e9es , Microtech\u00ae Knives a rempli les couteaux avec passion et comp\u00e9tence pour cr\u00e9er presque des \u0153uvres d&rsquo;art qui sont le summum de la fonctionnalit\u00e9. Toutes les pi\u00e8ces sont fabriqu\u00e9es aux \u00c9tats-Unis.<br \/>\n<strong>Tous les couteaux Microtech sont garantis \u00e0 vie (min. 80 000 cycles, ouverture et fermeture)<\/strong><\/p>\n<p><strong>Transports gratuits.<\/strong><\/p>\n","protected":false},"featured_media":317796,"comment_status":"open","ping_status":"closed","template":"","meta":[],"pwb-brand":[3751],"product_brand":[],"product_cat":[3699,3696],"product_tag":[3754],"class_list":{"0":"post-317788","1":"product","2":"type-product","3":"status-publish","4":"has-post-thumbnail","6":"pwb-brand-microtechnologie","7":"product_cat-couteaux-de-tir","8":"product_cat-des-couteaux","9":"product_tag-b2b-fr","11":"first","12":"instock","13":"taxable","14":"shipping-taxable","15":"purchasable","16":"product-type-simple"},"brands":[{"id":3751,"name":"Microtechnologie","slug":"microtechnologie"}],"_links":{"self":[{"href":"https:\/\/www.moskito.cz\/fr\/wp-json\/wp\/v2\/product\/317788","targetHints":{"allow":["GET"]}}],"collection":[{"href":"https:\/\/www.moskito.cz\/fr\/wp-json\/wp\/v2\/product"}],"about":[{"href":"https:\/\/www.moskito.cz\/fr\/wp-json\/wp\/v2\/types\/product"}],"replies":[{"embeddable":true,"href":"https:\/\/www.moskito.cz\/fr\/wp-json\/wp\/v2\/comments?post=317788"}],"wp:featuredmedia":[{"embeddable":true,"href":"https:\/\/www.moskito.cz\/fr\/wp-json\/wp\/v2\/media\/317796"}],"wp:attachment":[{"href":"https:\/\/www.moskito.cz\/fr\/wp-json\/wp\/v2\/media?parent=317788"}],"wp:term":[{"taxonomy":"pwb-brand","embeddable":true,"href":"https:\/\/www.moskito.cz\/fr\/wp-json\/wp\/v2\/pwb-brand?post=317788"},{"taxonomy":"product_brand","embeddable":true,"href":"https:\/\/www.moskito.cz\/fr\/wp-json\/wp\/v2\/product_brand?post=317788"},{"taxonomy":"product_cat","embeddable":true,"href":"https:\/\/www.moskito.cz\/fr\/wp-json\/wp\/v2\/product_cat?post=317788"},{"taxonomy":"product_tag","embeddable":true,"href":"https:\/\/www.moskito.cz\/fr\/wp-json\/wp\/v2\/product_tag?post=317788"}],"curies":[{"name":"wp","href":"https:\/\/api.w.org\/{rel}","templated":true}]}}