{"id":317845,"date":"2021-09-22T17:17:23","date_gmt":"2024-03-14T22:02:46","guid":{"rendered":"https:\/\/www.moskito.cz\/produkt\/microtech-ultratech-signature-series-couteau-de-tir-damas-en-fibre-de-carbone\/"},"modified":"2025-05-07T11:04:35","modified_gmt":"2025-05-07T10:04:35","slug":"microtech-ultratech-signature-series-couteau-de-tir-damas-en-fibre-de-carbone","status":"publish","type":"product","link":"https:\/\/www.moskito.cz\/fr\/produkt\/microtech-ultratech-signature-series-couteau-de-tir-damas-en-fibre-de-carbone\/","title":{"rendered":"Microtech Ultratech Signature Series Couteau de tir damas en fibre de carbone"},"content":{"rendered":"<p>Couteau de tir damas en fibre de carbone <strong>Microtech<\/strong> Ultratech Signature Series.<\/p>\n<p>En tant que mod\u00e8le phare de la gamme OTF de Microtech, Ultratech\u00ae \u00e9tablit la norme en mati\u00e8re de technologie OTF. Une technologie brevet\u00e9e permet au ressort de d\u00e9clenchement d&rsquo;\u00eatre au repos en position ouverte et ferm\u00e9e, r\u00e9duisant ainsi consid\u00e9rablement l&rsquo;usure des m\u00e9canismes de d\u00e9clenchement internes. La poign\u00e9e du ch\u00e2ssis moul\u00e9 offre une sensation plus l\u00e9g\u00e8re et plus ergonomique et pr\u00e9sente une surface lisse et plate.<\/p>\n<p>Ouverture\/fermeture automatique &#8211; ouverture frontale<br \/>\nLongueur de la lame : 8,6 cm<br \/>\nStyle de lame&nbsp;: Damas, double tranchant, poignard<br \/>\nMat\u00e9riau de la poign\u00e9e&nbsp;: coque rigide noire Mil-Spec, aluminium anodis\u00e9 6061-T6 avec dessus en fibre de carbone<br \/>\nLongueur ouverte : 22 cm<br \/>\nMat\u00e9riau du clip de poche : acier inoxydable 301, pleine duret\u00e9.<br \/>\nDessus standard&nbsp;: fibre de carbone<br \/>\nG\u00e2chette : acier inoxydable 303<br \/>\nBrise-vitre<br \/>\nFabriqu\u00e9 aux \u00c9tats-Unis<\/p>\n<p><iframe title=\"Microtech Combat Troodon Torture Test\" width=\"800\" height=\"450\" src=\"https:\/\/www.youtube.com\/embed\/xE9TeOFYEjg?feature=oembed\" frameborder=\"0\" allow=\"accelerometer; autoplay; clipboard-write; encrypted-media; gyroscope; picture-in-picture; web-share\" allowfullscreen><\/iframe><\/p>\n<p>En tant que mod\u00e8le phare de la gamme OTF de Microtech, l&rsquo;Ultratech\u00ae \u00e9tablit la norme en mati\u00e8re de technologie OTF. Une technologie exclusive permet au ressort de d\u00e9clenchement d&rsquo;\u00eatre au repos en position ouverte et ferm\u00e9e, r\u00e9duisant ainsi consid\u00e9rablement l&rsquo;usure des m\u00e9canismes de d\u00e9clenchement internes. La poign\u00e9e profil\u00e9e du ch\u00e2ssis offre une sensation plus l\u00e9g\u00e8re et plus ergonomique et pr\u00e9sente une finition lisse et plate.<\/p>\n<p>Longueur de la lame 3,35\u2033, longueur totale 8,36\u2033, acier de la lame *voir ci-dessous, mat\u00e9riau du manche 6061 T6, poids total (OZ) 3,5<\/p>\n<p>Ouverture\/Fermeture Automatique &#8211; Ouverture Frontale<br \/>\nLongueur de la lame : 3,46\u2033<br \/>\nStyle de lame&nbsp;: Damas, double tranchant, poignard<br \/>\n\u00c9paisseur du manche : 0,640\u2033<br \/>\nMat\u00e9riau de la poign\u00e9e&nbsp;: aluminium 6061-T6 anodis\u00e9 \u00e0 rev\u00eatement dur Mil-Spec noir avec dessus en fibre de carbone<br \/>\nLongueur ferm\u00e9 : 4,84\u2033<br \/>\nLongueur ouverte : 8,30\u2033<br \/>\nMat\u00e9riau du clip de poche&nbsp;:&nbsp;301 inoxydable enti\u00e8rement dur<br \/>\nDessus standard&nbsp;: fibre de carbone<br \/>\nG\u00e2chette&nbsp;:&nbsp;303 inoxydable<br \/>\nBriseur de fen\u00eatre<br \/>\nFabriqu\u00e9 aux \u00c9tats-Unis<\/p>\n","protected":false},"excerpt":{"rendered":"<p>Au fil des ann\u00e9es, Microtech\u00ae Knives a rempli les couteaux de passion et de savoir-faire pour cr\u00e9er presque des \u0153uvres d&rsquo;art qui sont le summum de la fonctionnalit\u00e9. Toutes les pi\u00e8ces sont fabriqu\u00e9es aux \u00c9tats-Unis.<br \/>\n<strong>Tous les couteaux Microtech sont garantis \u00e0 vie.<\/strong><\/p>\n","protected":false},"featured_media":317847,"comment_status":"open","ping_status":"closed","template":"","meta":[],"pwb-brand":[3751],"product_brand":[],"product_cat":[3699,3696],"product_tag":[3754],"class_list":{"0":"post-317845","1":"product","2":"type-product","3":"status-publish","4":"has-post-thumbnail","6":"pwb-brand-microtechnologie","7":"product_cat-couteaux-de-tir","8":"product_cat-des-couteaux","9":"product_tag-b2b-fr","11":"first","12":"outofstock","13":"taxable","14":"shipping-taxable","15":"purchasable","16":"product-type-simple"},"brands":[{"id":3751,"name":"Microtechnologie","slug":"microtechnologie"}],"_links":{"self":[{"href":"https:\/\/www.moskito.cz\/fr\/wp-json\/wp\/v2\/product\/317845","targetHints":{"allow":["GET"]}}],"collection":[{"href":"https:\/\/www.moskito.cz\/fr\/wp-json\/wp\/v2\/product"}],"about":[{"href":"https:\/\/www.moskito.cz\/fr\/wp-json\/wp\/v2\/types\/product"}],"replies":[{"embeddable":true,"href":"https:\/\/www.moskito.cz\/fr\/wp-json\/wp\/v2\/comments?post=317845"}],"wp:featuredmedia":[{"embeddable":true,"href":"https:\/\/www.moskito.cz\/fr\/wp-json\/wp\/v2\/media\/317847"}],"wp:attachment":[{"href":"https:\/\/www.moskito.cz\/fr\/wp-json\/wp\/v2\/media?parent=317845"}],"wp:term":[{"taxonomy":"pwb-brand","embeddable":true,"href":"https:\/\/www.moskito.cz\/fr\/wp-json\/wp\/v2\/pwb-brand?post=317845"},{"taxonomy":"product_brand","embeddable":true,"href":"https:\/\/www.moskito.cz\/fr\/wp-json\/wp\/v2\/product_brand?post=317845"},{"taxonomy":"product_cat","embeddable":true,"href":"https:\/\/www.moskito.cz\/fr\/wp-json\/wp\/v2\/product_cat?post=317845"},{"taxonomy":"product_tag","embeddable":true,"href":"https:\/\/www.moskito.cz\/fr\/wp-json\/wp\/v2\/product_tag?post=317845"}],"curies":[{"name":"wp","href":"https:\/\/api.w.org\/{rel}","templated":true}]}}