{"id":317859,"date":"2020-08-03T21:05:52","date_gmt":"2024-03-14T22:02:55","guid":{"rendered":"https:\/\/www.moskito.cz\/produkt\/couteau-de-tir-microtech-ultratech-zombie-122-10-z\/"},"modified":"2025-07-11T07:51:55","modified_gmt":"2025-07-11T06:51:55","slug":"couteau-de-tir-microtech-ultratech-zombie-122-10-z","status":"publish","type":"product","link":"https:\/\/www.moskito.cz\/fr\/produkt\/couteau-de-tir-microtech-ultratech-zombie-122-10-z\/","title":{"rendered":"Couteau de tir Microtech Ultratech Zombie 122-10 Z"},"content":{"rendered":"<p>Couteau de tir <strong>Microtech<\/strong> Ultratech Zombie 122-10 Z.<br \/>\nUltratech est sans aucun doute le produit phare de Microtech depuis son lancement en 1999. R\u00e9cemment, il a subi une autre refonte esth\u00e9tique apr\u00e8s le succ\u00e8s retentissant et les \u00e9loges du style traditionnel. Alors que les dimensions de l&rsquo;Ultratech restent inchang\u00e9es, la poign\u00e9e a \u00e9t\u00e9 ramen\u00e9e \u00e0 ses racines d&rsquo;origine &#8211; avec d\u00e9sormais un cadre profil\u00e9 lisse, mais toujours une quincaillerie triangulaire, une s\u00e9curit\u00e9 redessin\u00e9e et un brise-verre qui comprend d\u00e9sormais un roulement \u00e0 billes moul\u00e9 pour un confort plus grand. mais une exp\u00e9rience utilisateur toujours fonctionnelle. Chaque couteau Microtech OTF poss\u00e8de des m\u00e9canismes internes tr\u00e8s sophistiqu\u00e9s qui am\u00e9liorent la fonctionnalit\u00e9 op\u00e9rationnelle globale et la fiabilit\u00e9. Ce mod\u00e8le sp\u00e9cial Zombie Tech comprend une poign\u00e9e verte zombie sculpt\u00e9e avec un motif unique d&rsquo;\u00e9claboussures de sang rouge, du mat\u00e9riel standard et une fonction de bris de verre int\u00e9gr\u00e9e ainsi qu&rsquo;un poignard de style poignard avec une finition en pierre. Le clip est \u00e9tiquet\u00e9 \u00ab\u00a0Zombie Tech\u00a0\u00bb et le logo Microtech. Fabriqu\u00e9 aux \u00c9tats-Unis.<\/p>\n<p>Longueur totale : 22 cm<br \/>\nLongueur de la lame : 8,6 cm<br \/>\nMat\u00e9riau de la lame : Bohler M390<br \/>\nStyle de lame&nbsp;:&nbsp;Dague<br \/>\nInsertions&nbsp;: plates<br \/>\nType de bordure&nbsp;:&nbsp;Unie<br \/>\nMat\u00e9riau du manche : aluminium<br \/>\nPoids : 3,60 onces.<br \/>\nUtilisateur&nbsp;:&nbsp;Main droite<br \/>\nClip de poche&nbsp;: rabattable<br \/>\nType de couteau&nbsp;: OTF automatique \u00e0 double action<br \/>\nOuvreur&nbsp;:&nbsp;glissi\u00e8re du pouce<br \/>\nMarque : Microtech<br \/>\nMod\u00e8le : Ultratech<br \/>\nNum\u00e9ro de mod\u00e8le: 122-10 Z<br \/>\nPays d&rsquo;origine : \u00c9tats-Unis<br \/>\nMeilleure utilisation&nbsp;: tous les jours<\/p>\n<p><iframe title=\"Microtech Combat Troodon Torture Test\" width=\"800\" height=\"450\" src=\"https:\/\/www.youtube.com\/embed\/xE9TeOFYEjg?feature=oembed\" frameborder=\"0\" allow=\"accelerometer; autoplay; clipboard-write; encrypted-media; gyroscope; picture-in-picture; web-share\" allowfullscreen><\/iframe><\/p>\n<p>&nbsp;<\/p>\n","protected":false},"excerpt":{"rendered":"<p>Au fil des ann\u00e9es, Microtech\u00ae Knives a rempli les couteaux de passion et de savoir-faire pour cr\u00e9er presque des \u0153uvres d&rsquo;art qui sont le summum de la fonctionnalit\u00e9. Toutes les pi\u00e8ces sont fabriqu\u00e9es aux \u00c9tats-Unis.<br \/>\n<strong>Tous les couteaux Microtech sont garantis \u00e0 vie.<\/strong><\/p>\n","protected":false},"featured_media":237677,"comment_status":"open","ping_status":"closed","template":"","meta":[],"pwb-brand":[3751],"product_brand":[],"product_cat":[3699,3696],"product_tag":[3754],"class_list":{"0":"post-317859","1":"product","2":"type-product","3":"status-publish","4":"has-post-thumbnail","6":"pwb-brand-microtechnologie","7":"product_cat-couteaux-de-tir","8":"product_cat-des-couteaux","9":"product_tag-b2b-fr","11":"first","12":"instock","13":"taxable","14":"shipping-taxable","15":"purchasable","16":"product-type-simple"},"brands":[{"id":3751,"name":"Microtechnologie","slug":"microtechnologie"}],"_links":{"self":[{"href":"https:\/\/www.moskito.cz\/fr\/wp-json\/wp\/v2\/product\/317859","targetHints":{"allow":["GET"]}}],"collection":[{"href":"https:\/\/www.moskito.cz\/fr\/wp-json\/wp\/v2\/product"}],"about":[{"href":"https:\/\/www.moskito.cz\/fr\/wp-json\/wp\/v2\/types\/product"}],"replies":[{"embeddable":true,"href":"https:\/\/www.moskito.cz\/fr\/wp-json\/wp\/v2\/comments?post=317859"}],"wp:featuredmedia":[{"embeddable":true,"href":"https:\/\/www.moskito.cz\/fr\/wp-json\/wp\/v2\/media\/237677"}],"wp:attachment":[{"href":"https:\/\/www.moskito.cz\/fr\/wp-json\/wp\/v2\/media?parent=317859"}],"wp:term":[{"taxonomy":"pwb-brand","embeddable":true,"href":"https:\/\/www.moskito.cz\/fr\/wp-json\/wp\/v2\/pwb-brand?post=317859"},{"taxonomy":"product_brand","embeddable":true,"href":"https:\/\/www.moskito.cz\/fr\/wp-json\/wp\/v2\/product_brand?post=317859"},{"taxonomy":"product_cat","embeddable":true,"href":"https:\/\/www.moskito.cz\/fr\/wp-json\/wp\/v2\/product_cat?post=317859"},{"taxonomy":"product_tag","embeddable":true,"href":"https:\/\/www.moskito.cz\/fr\/wp-json\/wp\/v2\/product_tag?post=317859"}],"curies":[{"name":"wp","href":"https:\/\/api.w.org\/{rel}","templated":true}]}}