{"id":317866,"date":"2019-11-05T20:08:32","date_gmt":"2024-03-14T22:03:02","guid":{"rendered":"https:\/\/www.moskito.cz\/produkt\/couteau-de-tir-microtech-ultratech-122-10ap\/"},"modified":"2025-07-11T07:50:15","modified_gmt":"2025-07-11T06:50:15","slug":"couteau-de-tir-microtech-ultratech-122-10ap","status":"publish","type":"product","link":"https:\/\/www.moskito.cz\/fr\/produkt\/couteau-de-tir-microtech-ultratech-122-10ap\/","title":{"rendered":"Couteau de tir Microtech Ultratech 122-10AP"},"content":{"rendered":"<p><span class=\"tlid-translation translation\"><span class=\"\" title=\"\">Couteau de tir <strong>Microtech<\/strong> Ultratech 122-10AP.<\/span><\/span><\/p>\n<p><span class=\"tlid-translation translation\"><span class=\"\" title=\"\">Un couteau qui tire de face.<\/span><\/span><\/p>\n<p><span class=\"tlid-translation translation\"><span class=\"\" title=\"\">Le couteau de tir Microtech Ultratech 122-10 AP est \u00e9quip\u00e9 d&rsquo;une double lame aux bords tranchants simples.<\/span> Le couteau est <span class=\"\" title=\"\">dot\u00e9 d&rsquo;un manche en aluminium anodis\u00e9 6061-T6 avec une pointe sph\u00e9rique pour briser le verre en acier inoxydable.<\/span><\/span><\/p>\n<p><span title=\"\"><strong>Microtech<\/strong> a \u00e9quip\u00e9 cette version du tr\u00e8s populaire couteau Ultratech D\/A OTF d&rsquo;un manche profil\u00e9 et lisse qui augmente le confort d&rsquo;utilisation.<\/span> <span title=\"\">Ce mod\u00e8le mis \u00e0 jour offre les m\u00eames dimensions, mat\u00e9riel et durabilit\u00e9 offerts par la variante \u00ab\u00a0Tri-Grip\u00a0\u00bb, mais tient plus facilement dans la main et dans la poche.<\/span><\/p>\n<p><span title=\"\">Pour ceux qui ne connaissent pas Ultratech, il s\u2019agit d\u2019un couteau enti\u00e8rement automatique dot\u00e9 d\u2019un double m\u00e9canisme sur le devant, ce qui signifie que la lame se plie et se r\u00e9tracte avec le pouce.<\/span> <span title=\"\">Le couteau Ultratech de Microtech place la barre pour tous les couteaux OTF.<\/span><\/p>\n<p><span class=\"tlid-translation translation\"><span class=\"\" title=\"\">Longueur totale : 22 cm<\/span><br \/>\n<span class=\"\" title=\"\">Longueur de la lame : 8,6 cm<\/span><br \/>\n<span title=\"\">Mat\u00e9riau de la lame : Bohler M390<\/span><br \/>\n<span class=\"\" title=\"\">Style de lame&nbsp;:&nbsp;Dague<\/span><br \/>\n<span class=\"\" title=\"\">Insertions&nbsp;: plates<\/span><br \/>\n<span title=\"\">Couleur noire<\/span><br \/>\n<span title=\"\">Type de bordure&nbsp;:&nbsp;Unie<\/span><br \/>\n<span title=\"\">Mat\u00e9riau du manche : aluminium<\/span><br \/>\n<span title=\"\">Poids : 3,60 onces.<\/span><br \/>\n<span title=\"\">Utilisateur&nbsp;:&nbsp;Main droite<\/span><br \/>\n<span title=\"\">Clip de poche&nbsp;: rabattable<\/span><br \/>\n<span title=\"\">Type de couteau&nbsp;: OTF automatique \u00e0 double action<\/span><br \/>\n<span title=\"\">Ouvreur&nbsp;:&nbsp;glissi\u00e8re du pouce<\/span><br \/>\n<span title=\"\">Marque : Microtech<\/span><br \/>\n<span title=\"\">Mod\u00e8le : Ultratech<\/span><br \/>\n<span title=\"\">Num\u00e9ro de mod\u00e8le&nbsp;:<\/span> <span class=\"\" title=\"\">122-10&nbsp;AP<\/span><br \/>\n<span title=\"\">Pays d&rsquo;origine : \u00c9tats-Unis<\/span><br \/>\n<span title=\"\">Meilleure utilisation&nbsp;: tous les jours<\/span><\/span><\/p>\n<p><iframe title=\"Microtech Combat Troodon Torture Test\" width=\"800\" height=\"450\" src=\"https:\/\/www.youtube.com\/embed\/xE9TeOFYEjg?feature=oembed\" frameborder=\"0\" allow=\"accelerometer; autoplay; clipboard-write; encrypted-media; gyroscope; picture-in-picture; web-share\" allowfullscreen><\/iframe><\/p>\n","protected":false},"excerpt":{"rendered":"<p>Au fil des ann\u00e9es, Microtech\u00ae Knives a rempli les couteaux de passion et de savoir-faire pour cr\u00e9er presque des \u0153uvres d&rsquo;art qui sont le summum de la fonctionnalit\u00e9. Toutes les pi\u00e8ces sont fabriqu\u00e9es aux \u00c9tats-Unis.<br \/>\n<strong>Tous les couteaux Microtech sont garantis \u00e0 vie.<\/strong><\/p>\n","protected":false},"featured_media":210127,"comment_status":"open","ping_status":"closed","template":"","meta":[],"pwb-brand":[3751],"product_brand":[],"product_cat":[3699,3696],"product_tag":[3754],"class_list":{"0":"post-317866","1":"product","2":"type-product","3":"status-publish","4":"has-post-thumbnail","6":"pwb-brand-microtechnologie","7":"product_cat-couteaux-de-tir","8":"product_cat-des-couteaux","9":"product_tag-b2b-fr","11":"first","12":"instock","13":"taxable","14":"shipping-taxable","15":"purchasable","16":"product-type-simple"},"brands":[{"id":3751,"name":"Microtechnologie","slug":"microtechnologie"}],"_links":{"self":[{"href":"https:\/\/www.moskito.cz\/fr\/wp-json\/wp\/v2\/product\/317866","targetHints":{"allow":["GET"]}}],"collection":[{"href":"https:\/\/www.moskito.cz\/fr\/wp-json\/wp\/v2\/product"}],"about":[{"href":"https:\/\/www.moskito.cz\/fr\/wp-json\/wp\/v2\/types\/product"}],"replies":[{"embeddable":true,"href":"https:\/\/www.moskito.cz\/fr\/wp-json\/wp\/v2\/comments?post=317866"}],"wp:featuredmedia":[{"embeddable":true,"href":"https:\/\/www.moskito.cz\/fr\/wp-json\/wp\/v2\/media\/210127"}],"wp:attachment":[{"href":"https:\/\/www.moskito.cz\/fr\/wp-json\/wp\/v2\/media?parent=317866"}],"wp:term":[{"taxonomy":"pwb-brand","embeddable":true,"href":"https:\/\/www.moskito.cz\/fr\/wp-json\/wp\/v2\/pwb-brand?post=317866"},{"taxonomy":"product_brand","embeddable":true,"href":"https:\/\/www.moskito.cz\/fr\/wp-json\/wp\/v2\/product_brand?post=317866"},{"taxonomy":"product_cat","embeddable":true,"href":"https:\/\/www.moskito.cz\/fr\/wp-json\/wp\/v2\/product_cat?post=317866"},{"taxonomy":"product_tag","embeddable":true,"href":"https:\/\/www.moskito.cz\/fr\/wp-json\/wp\/v2\/product_tag?post=317866"}],"curies":[{"name":"wp","href":"https:\/\/api.w.org\/{rel}","templated":true}]}}