{"id":317998,"date":"2023-07-02T21:17:18","date_gmt":"2024-03-15T08:02:10","guid":{"rendered":"https:\/\/www.moskito.cz\/produkt\/couteau-pliant-spyderco-lil-native-wharncliffe-compression-c230gpwc\/"},"modified":"2026-01-11T04:52:48","modified_gmt":"2026-01-11T03:52:48","slug":"couteau-pliant-spyderco-lil-native-wharncliffe-compression-c230gpwc","status":"publish","type":"product","link":"https:\/\/www.moskito.cz\/fr\/produkt\/couteau-pliant-spyderco-lil-native-wharncliffe-compression-c230gpwc\/","title":{"rendered":"Couteau pliant Spyderco Lil&rsquo; Native Wharncliffe Compression C230GPWC"},"content":{"rendered":"<p>Couteau pliant <strong>Spyderco<\/strong> Lil&rsquo; Native Wharncliffe Compression C230GPWC<\/p>\n<p><strong>Spyderco<\/strong> a une longue et fi\u00e8re tradition de fabrication de \u00ab petits gros couteaux \u00bb : des couteaux pliants compacts et faciles \u00e0 transporter qui coupent avec autorit\u00e9 bien au-del\u00e0 de leur taille. Certains de leurs premiers mod\u00e8les, tels que l&rsquo;Executive et le Co-Pilot, ont \u00e9t\u00e9 les pionniers de ce concept, mais le d\u00e9sormais classique Dragonfly a contribu\u00e9 \u00e0 le perfectionner en introduisant l&rsquo;index 50\/50 \u2013 le secret pour que le petit couteau tienne confortablement dans la main de chacun. tailles.<\/p>\n<p>Au fil des ann\u00e9es, nous avons ajout\u00e9 divers autres mod\u00e8les \u00e0 la famille des \u00ab petits gros couteaux \u00bb, mais peu ont rassembl\u00e9 un public aussi d\u00e9vou\u00e9 que le Lil&rsquo; Native. Inspir\u00e9 par l&rsquo;expression de la cinqui\u00e8me g\u00e9n\u00e9ration de l&#8217;embl\u00e9matique Native, le Lil&rsquo; Native distille toutes les caract\u00e9ristiques et avantages de ce design \u00e9prouv\u00e9 dans un outil de coupe ultra-compact et incroyablement performant. Il offre \u00e9galement toutes ces qualit\u00e9s dans une forme \u00e9l\u00e9gamment raffin\u00e9e, ce qui en fait un candidat parfait pour un dossier d&rsquo;homme ou pour \u00eatre transport\u00e9 dans la poche peu profonde d&rsquo;une femme.<\/p>\n<p>Introduit en 2017, le Lil&rsquo; Native \u00e9tait \u00e0 l&rsquo;origine disponible avec un choix de deux options de verrouillage diff\u00e9rentes : un verrouillage arri\u00e8re, comme son pr\u00e9d\u00e9cesseur, et le populaire verrouillage \u00e0 compression de Spyderco. La version backlock comprend une poign\u00e9e sans doublure fabriqu\u00e9e \u00e0 partir d&rsquo;\u00e9cailles G10 avec un rev\u00eatement pelable, un d\u00e9limiteur arri\u00e8re en acier inoxydable et un large clip de poche \u00e0 quatre positions avec un trou pour lani\u00e8re.<\/p>\n<p>Le verrouillage par compression du Lil Native repose sur des inserts en acier inoxydable int\u00e9gr\u00e9s dans des \u00e9cailles de manche \u00e0 rev\u00eatement pelable G10 qui constituent la base du m\u00e9canisme de verrouillage du couteau. Ce verrou signature Spyderco vous permet de fermer le couteau en toute s\u00e9curit\u00e9 d&rsquo;une seule main sans mettre vos doigts sur le chemin de la lame. La version \u00e0 verrouillage par compression du Lil&rsquo; Native offre \u00e9galement un transport ultra-discret avec un clip m\u00e9tallique de poche profond qui est r\u00e9versible pour un port rabattable du c\u00f4t\u00e9 gauche ou droit.<\/p>\n<p>En 2021, Spyderco a ajout\u00e9 une troisi\u00e8me version du Lil&rsquo; Native dans un format d\u00e9verrouillable. Id\u00e9al pour les juridictions o\u00f9 le transport de couteaux \u00e0 lame ferm\u00e9e n&rsquo;est pas autoris\u00e9, il est dot\u00e9 d&rsquo;un m\u00e9canisme unique de \u00ab joint \u00e0 encoche \u00bb qui utilise la pression du ressort et une encoche peu profonde pour maintenir la lame du couteau ouverte. Lorsque cette fonctionnalit\u00e9 est combin\u00e9e \u00e0 la capacit\u00e9 d&rsquo;ouverture d&rsquo;une seule main fournie par l&rsquo;ouverture ronde de la lame et aux options de transport polyvalentes de son clip de poche \u00e0 quatre positions, le r\u00e9sultat est SLIPIT. Cette race unique de couteaux Spyderco int\u00e8gre toutes les caract\u00e9ristiques d\u00e9terminantes de leur plateforme r\u00e9volutionnaire CLIPIT avec les avantages juridiques et sociaux d&rsquo;une lame sans d\u00e9tente.<\/p>\n<p>Petit natif de Wharncliffe<\/p>\n<p>Parmi les trois versions de base de Lil&rsquo; Native, le format Compression Lock est \u00e0 bien des \u00e9gards le plus polyvalent. Gr\u00e2ce \u00e0 sa conception ouverte et au fait que le portail n&rsquo;affleure pas le vantail lorsqu&rsquo;il est ferm\u00e9, il offre plus d&rsquo;espace disponible pour diff\u00e9rentes formes de vantail.<\/p>\n<p>Cette version de Lil&rsquo; Native profite pleinement de cette opportunit\u00e9 en pr\u00e9sentant le profil Wharncliffe classique avec des bords droits. La lame est fabriqu\u00e9e en acier inoxydable CPM S30V et pr\u00e9sente un sol enti\u00e8rement plat pour une g\u00e9om\u00e9trie de lame \u00e0 faible friction. Sa colonne vert\u00e9brale se courbe gracieusement vers le bas pour rejoindre le bord en un point pointu, offrant une pr\u00e9cision semblable \u00e0 celle d&rsquo;un scalpel pour une coupe d\u00e9taill\u00e9e. Le tranchant parfaitement droit offre un excellent effet de levier et coupe avec toute la puissance sur toute sa longueur. Ensemble, ces caract\u00e9ristiques rendent la lame Lil&rsquo; Native Wharncliffe incroyablement polyvalente et performante pour sa taille. Dans le m\u00eame temps, il ne mesure que 2,44 pouces (62 mm) de longueur \u2013 en toute s\u00e9curit\u00e9 sous la limite l\u00e9gale de longueur de lame pour les juridictions restrictives comme Chicago et Boston.<\/p>\n<p>Toutes les autres caract\u00e9ristiques du Lil&rsquo; Native Wharncliffe sont conformes \u00e0 celles de son homologue \u00e0 lame de feuille, y compris des \u00e9cailles G10 avec un rev\u00eatement pelable, un solide m\u00e9canisme de verrouillage par compression et un clip m\u00e9tallique de poche profond double face qui permet un mouvement discret et gauche. ou c\u00f4t\u00e9 droit. transport pliable. Comme tous les Lil&rsquo; Natives, il comporte \u00e9galement un index 50\/50 pro\u00e9minent qui offre une prise confortable \u00e0 quatre doigts, m\u00eame pour les grandes mains.<\/p>\n<p>Les \u00ab Little Big Knives \u00bb <strong>de Spyderco<\/strong> sont une incroyable fusion de taille compacte et de service complet. Lil&rsquo; Native Wharncliffe perp\u00e9tue fi\u00e8rement cette tradition tout en \u00e9tablissant de nouvelles normes en mati\u00e8re de performance et de fiabilit\u00e9.<\/p>\n<p>Caract\u00e9ristiques<br \/>\nLongueur de la lame : 6,2 cm<br \/>\nLongueur ferm\u00e9 : 8,8 cm<br \/>\nLongueur totale : 14,9 cm<br \/>\n\u00c9paisseur de la lame : 0,32 cm<br \/>\nMat\u00e9riau de la lame : acier inoxydable CPM-S30V<br \/>\nStyle de lame&nbsp;: Wharncliffe<br \/>\nMeulage de la lame&nbsp;: Enti\u00e8rement plat<br \/>\nTraitement de surface de la lame : satin\u00e9<br \/>\nBord de la lame&nbsp;:&nbsp;Lisse<br \/>\nMat\u00e9riau du manche : G10<br \/>\nCouleur de la poign\u00e9e: noir<br \/>\nM\u00e9canisme de verrouillage&nbsp;: verrouillage par compression<br \/>\nClip de poche&nbsp;: rabattable, \u00e0 porter \u00e0 droite\/\u00e0 gauche<br \/>\nNum\u00e9ro de mod\u00e8le: C230GPWC<br \/>\nNom du mod\u00e8le : Lil&rsquo; Native Wharncliffe<br \/>\nPoids : 2,50 onces. (71g)<br \/>\nFabriqu\u00e9 aux \u00c9tats-Unis<\/p>\n","protected":false},"excerpt":{"rendered":"<p><strong>Spyderco a une longue et fi\u00e8re tradition de fabrication de \u00ab petits gros couteaux \u00bb : des couteaux pliants compacts et faciles \u00e0 transporter.<\/strong><\/p>\n","protected":false},"featured_media":317999,"comment_status":"open","ping_status":"closed","template":"","meta":[],"pwb-brand":[3778],"product_brand":[],"product_cat":[3700,3696],"product_tag":[3754],"class_list":{"0":"post-317998","1":"product","2":"type-product","3":"status-publish","4":"has-post-thumbnail","6":"pwb-brand-spyderco-fr","7":"product_cat-couteaux-de-fermeture","8":"product_cat-des-couteaux","9":"product_tag-b2b-fr","11":"first","12":"instock","13":"taxable","14":"shipping-taxable","15":"purchasable","16":"product-type-simple"},"brands":[{"id":3778,"name":"Spyderco","slug":"spyderco-fr"}],"_links":{"self":[{"href":"https:\/\/www.moskito.cz\/fr\/wp-json\/wp\/v2\/product\/317998","targetHints":{"allow":["GET"]}}],"collection":[{"href":"https:\/\/www.moskito.cz\/fr\/wp-json\/wp\/v2\/product"}],"about":[{"href":"https:\/\/www.moskito.cz\/fr\/wp-json\/wp\/v2\/types\/product"}],"replies":[{"embeddable":true,"href":"https:\/\/www.moskito.cz\/fr\/wp-json\/wp\/v2\/comments?post=317998"}],"wp:featuredmedia":[{"embeddable":true,"href":"https:\/\/www.moskito.cz\/fr\/wp-json\/wp\/v2\/media\/317999"}],"wp:attachment":[{"href":"https:\/\/www.moskito.cz\/fr\/wp-json\/wp\/v2\/media?parent=317998"}],"wp:term":[{"taxonomy":"pwb-brand","embeddable":true,"href":"https:\/\/www.moskito.cz\/fr\/wp-json\/wp\/v2\/pwb-brand?post=317998"},{"taxonomy":"product_brand","embeddable":true,"href":"https:\/\/www.moskito.cz\/fr\/wp-json\/wp\/v2\/product_brand?post=317998"},{"taxonomy":"product_cat","embeddable":true,"href":"https:\/\/www.moskito.cz\/fr\/wp-json\/wp\/v2\/product_cat?post=317998"},{"taxonomy":"product_tag","embeddable":true,"href":"https:\/\/www.moskito.cz\/fr\/wp-json\/wp\/v2\/product_tag?post=317998"}],"curies":[{"name":"wp","href":"https:\/\/api.w.org\/{rel}","templated":true}]}}