{"id":318309,"date":"2024-03-16T00:49:53","date_gmt":"2024-03-15T23:49:53","guid":{"rendered":"https:\/\/www.moskito.cz\/produkt\/couteau-de-fermeture-microtech-stitch-stonewashed-169rl-10flgtta\/"},"modified":"2025-05-07T11:04:58","modified_gmt":"2025-05-07T10:04:58","slug":"couteau-de-fermeture-microtech-stitch-stonewashed-169rl-10flgtta","status":"publish","type":"product","link":"https:\/\/www.moskito.cz\/fr\/produkt\/couteau-de-fermeture-microtech-stitch-stonewashed-169rl-10flgtta\/","title":{"rendered":"Couteau de fermeture Microtech Stitch Stonewashed 169RL-10FLGTTA"},"content":{"rendered":"<p>Couteau de fermeture <strong>Microtech<\/strong> Stitch Stonewashed 169RL-10FLGTTA<\/p>\n<p>Sorti en 2023, le Stitch RAM-LOK a fait ses d\u00e9buts avec le MSI (Microtech Standard issue) en tant que premi\u00e8re lame Microtech \u00e0 disposer de la fantastique technologie RAM-LOK. Ce verrou \u00e0 barre transversale au look dur pr\u00e9sente le motif de marche signature de Microtech rendu c\u00e9l\u00e8bre par la s\u00e9rie d&rsquo;interrupteurs de commande Ultratech. La grande d\u00e9coupe de la lame offre suffisamment d&rsquo;espace pour un \u00e9lan arri\u00e8re du majeur ainsi qu&rsquo;une ouverture lente standard du pouce avec ou sans gants. Si vous n&rsquo;\u00eates pas \u00e0 l&rsquo;aise avec l&rsquo;un ou l&rsquo;autre, tirez simplement sur le RAM-LOK et la lame s&rsquo;ouvre d&rsquo;un simple mouvement du poignet. Les poign\u00e9es G10 sont lisses et l\u00e9g\u00e8rement collantes et offrent un grand potentiel d&rsquo;adh\u00e9rence en poign\u00e9es standard et invers\u00e9es. Robuste, durable et fabriqu\u00e9 aux \u00c9tats-Unis ; nous savons que MSI deviendra rapidement un favori parmi tous les membres de la communaut\u00e9 des couteaux.<\/p>\n<p>Le Microtech Stitch est une belle collaboration tactique entre Tony Marfione et Sebastijan Berenji, \u00e9galement connu sous le nom de Borka. Il reprend l&rsquo;incroyable design Stitch de Sebastijan et le combine avec l&rsquo;incroyable m\u00e9canique d&rsquo;ouverture de Tony pour cr\u00e9er l&rsquo;une des collaborations de production les plus \u00e9tonnantes de tous les temps. La lame \u00e0 pointe de lance pr\u00e9sente une meule plate et une gouge sur le doigt et le pouce pour un achat sup\u00e9rieur sur des t\u00e2ches de coupe plus fines.<\/p>\n<p>Longueur totale : 21,7 cm<br \/>\nLongueur de la lame : 9,4 cm<br \/>\n\u00c9paisseur de la lame : 0,4 cm<br \/>\nTraitement de surface de la lame : Stonewashed<br \/>\nStyle de bordure&nbsp;:&nbsp;Unie<br \/>\nMat\u00e9riau du manche&nbsp;: G10 cannel\u00e9 beige<br \/>\nAcier : M390<br \/>\nPays d&rsquo;origine : \u00c9tats-Unis<\/p>\n<p><iframe title=\"Microtech Combat Troodon Torture Test\" width=\"800\" height=\"450\" src=\"https:\/\/www.youtube.com\/embed\/xE9TeOFYEjg?feature=oembed\" frameborder=\"0\" allow=\"accelerometer; autoplay; clipboard-write; encrypted-media; gyroscope; picture-in-picture; web-share\" allowfullscreen><\/iframe><\/p>\n<p>&nbsp;<\/p>\n","protected":false},"excerpt":{"rendered":"<p><strong>Au fil des ann\u00e9es, Microtech\u00ae Knives a rempli les couteaux avec passion et comp\u00e9tence pour cr\u00e9er presque des \u0153uvres d&rsquo;art qui sont le summum de la fonctionnalit\u00e9. Toutes les pi\u00e8ces sont fabriqu\u00e9es aux \u00c9tats-Unis.<\/strong><br \/>\n<strong>Tous les couteaux Microtech sont garantis \u00e0 vie.<\/strong><\/p>\n<p><strong>Transports gratuits.<\/strong><\/p>\n","protected":false},"featured_media":318258,"comment_status":"open","ping_status":"closed","template":"","meta":[],"pwb-brand":[3751],"product_brand":[],"product_cat":[3700,3696],"product_tag":[3754],"class_list":{"0":"post-318309","1":"product","2":"type-product","3":"status-publish","4":"has-post-thumbnail","6":"pwb-brand-microtechnologie","7":"product_cat-couteaux-de-fermeture","8":"product_cat-des-couteaux","9":"product_tag-b2b-fr","11":"first","12":"instock","13":"taxable","14":"shipping-taxable","15":"purchasable","16":"product-type-simple"},"brands":[{"id":3751,"name":"Microtechnologie","slug":"microtechnologie"}],"_links":{"self":[{"href":"https:\/\/www.moskito.cz\/fr\/wp-json\/wp\/v2\/product\/318309","targetHints":{"allow":["GET"]}}],"collection":[{"href":"https:\/\/www.moskito.cz\/fr\/wp-json\/wp\/v2\/product"}],"about":[{"href":"https:\/\/www.moskito.cz\/fr\/wp-json\/wp\/v2\/types\/product"}],"replies":[{"embeddable":true,"href":"https:\/\/www.moskito.cz\/fr\/wp-json\/wp\/v2\/comments?post=318309"}],"wp:featuredmedia":[{"embeddable":true,"href":"https:\/\/www.moskito.cz\/fr\/wp-json\/wp\/v2\/media\/318258"}],"wp:attachment":[{"href":"https:\/\/www.moskito.cz\/fr\/wp-json\/wp\/v2\/media?parent=318309"}],"wp:term":[{"taxonomy":"pwb-brand","embeddable":true,"href":"https:\/\/www.moskito.cz\/fr\/wp-json\/wp\/v2\/pwb-brand?post=318309"},{"taxonomy":"product_brand","embeddable":true,"href":"https:\/\/www.moskito.cz\/fr\/wp-json\/wp\/v2\/product_brand?post=318309"},{"taxonomy":"product_cat","embeddable":true,"href":"https:\/\/www.moskito.cz\/fr\/wp-json\/wp\/v2\/product_cat?post=318309"},{"taxonomy":"product_tag","embeddable":true,"href":"https:\/\/www.moskito.cz\/fr\/wp-json\/wp\/v2\/product_tag?post=318309"}],"curies":[{"name":"wp","href":"https:\/\/api.w.org\/{rel}","templated":true}]}}