{"id":318371,"date":"2024-03-16T10:19:30","date_gmt":"2024-03-16T09:20:34","guid":{"rendered":"https:\/\/www.moskito.cz\/produkt\/couteau-de-tir-microtech-signature-series-daytona-126-1rdbis\/"},"modified":"2025-05-07T11:05:00","modified_gmt":"2025-05-07T10:05:00","slug":"couteau-de-tir-microtech-signature-series-daytona-126-1rdbis","status":"publish","type":"product","link":"https:\/\/www.moskito.cz\/fr\/produkt\/couteau-de-tir-microtech-signature-series-daytona-126-1rdbis\/","title":{"rendered":"Couteau de tir Microtech Signature Series Daytona 126-1RDBIS"},"content":{"rendered":"<p>Couteau de tir <strong>Microtech<\/strong> Signature Series Daytona 126-1RDBIS<\/p>\n<p>Le couteau automatique Microtech Daytona Out-the-Front \u00e9tait la star de la gamme Microtech Knives en 2009 et s&rsquo;est av\u00e9r\u00e9 \u00eatre un vendeur tr\u00e8s appr\u00e9ci\u00e9 lorsqu&rsquo;il \u00e9tait disponible. Faisant 85 % de la taille du Microtech Ultratech, le Microtech Daytona est fabriqu\u00e9 \u00e0 partir des m\u00eames mat\u00e9riaux, sur les m\u00eames machines et avec la m\u00eame ing\u00e9niosit\u00e9 que son pr\u00e9d\u00e9cesseur. Divers inserts ajoutent suffisamment de classe et de style \u00e0 ce couteau. Le Microtech Daytona est le couteau parfait pour toutes les situations, quelle que soit votre t\u00e2che de coupe, il s&rsquo;int\u00e8gre parfaitement \u00e0 votre style de vie. Gr\u00e2ce \u00e0 l&rsquo;ouverture et \u00e0 la fermeture rapides d&rsquo;une seule main, il accomplit le travail en quelques secondes.<\/p>\n<p>Caract\u00e9ristiques<br \/>\nLongueur totale : 22 cm<br \/>\nLongueur de la lame : 8,6 cm<br \/>\nAcier : M390<br \/>\n\u00c9paisseur de la lame : 0,125&Prime;<br \/>\nStyle de lame&nbsp;:&nbsp;Dague \u00e0 double tranchant<br \/>\nMeulage de la lame&nbsp;:&nbsp;Plat<br \/>\nFinition de la lame : noir<br \/>\nMat\u00e9riau du manche : Aluminium rouge avec inserts en titane Black Brute Bubble<br \/>\nM\u00e9canisme de verrouillage : coulissant<br \/>\nClip de poche : Acier inoxydable (pliable, usure droite\/gauche)<br \/>\nPoids : 3,53 onces.<br \/>\nCr\u00e9ateur : Tony Marfione<br \/>\nFabriqu\u00e9 aux \u00c9tats-Unis<\/p>\n<p><iframe title=\"Microtech Combat Troodon Torture Test\" width=\"800\" height=\"450\" src=\"https:\/\/www.youtube.com\/embed\/xE9TeOFYEjg?feature=oembed\" frameborder=\"0\" allow=\"accelerometer; autoplay; clipboard-write; encrypted-media; gyroscope; picture-in-picture; web-share\" allowfullscreen><\/iframe><\/p>\n<p>&nbsp;<\/p>\n","protected":false},"excerpt":{"rendered":"<p><strong>Au fil des ann\u00e9es, Microtech\u00ae Knives a rempli les couteaux de passion et de savoir-faire pour cr\u00e9er presque des \u0153uvres d&rsquo;art qui sont le summum de la fonctionnalit\u00e9. Toutes les pi\u00e8ces sont fabriqu\u00e9es aux \u00c9tats-Unis.<\/strong><br \/>\n<strong>Tous les couteaux Microtech sont garantis \u00e0 vie.<\/strong><\/p>\n<p><strong>Transports gratuits.<\/strong><\/p>\n","protected":false},"featured_media":318315,"comment_status":"open","ping_status":"closed","template":"","meta":[],"pwb-brand":[3751],"product_brand":[],"product_cat":[3699,3696],"product_tag":[3754],"class_list":{"0":"post-318371","1":"product","2":"type-product","3":"status-publish","4":"has-post-thumbnail","6":"pwb-brand-microtechnologie","7":"product_cat-couteaux-de-tir","8":"product_cat-des-couteaux","9":"product_tag-b2b-fr","11":"first","12":"instock","13":"taxable","14":"shipping-taxable","15":"purchasable","16":"product-type-simple"},"brands":[{"id":3751,"name":"Microtechnologie","slug":"microtechnologie"}],"_links":{"self":[{"href":"https:\/\/www.moskito.cz\/fr\/wp-json\/wp\/v2\/product\/318371","targetHints":{"allow":["GET"]}}],"collection":[{"href":"https:\/\/www.moskito.cz\/fr\/wp-json\/wp\/v2\/product"}],"about":[{"href":"https:\/\/www.moskito.cz\/fr\/wp-json\/wp\/v2\/types\/product"}],"replies":[{"embeddable":true,"href":"https:\/\/www.moskito.cz\/fr\/wp-json\/wp\/v2\/comments?post=318371"}],"wp:featuredmedia":[{"embeddable":true,"href":"https:\/\/www.moskito.cz\/fr\/wp-json\/wp\/v2\/media\/318315"}],"wp:attachment":[{"href":"https:\/\/www.moskito.cz\/fr\/wp-json\/wp\/v2\/media?parent=318371"}],"wp:term":[{"taxonomy":"pwb-brand","embeddable":true,"href":"https:\/\/www.moskito.cz\/fr\/wp-json\/wp\/v2\/pwb-brand?post=318371"},{"taxonomy":"product_brand","embeddable":true,"href":"https:\/\/www.moskito.cz\/fr\/wp-json\/wp\/v2\/product_brand?post=318371"},{"taxonomy":"product_cat","embeddable":true,"href":"https:\/\/www.moskito.cz\/fr\/wp-json\/wp\/v2\/product_cat?post=318371"},{"taxonomy":"product_tag","embeddable":true,"href":"https:\/\/www.moskito.cz\/fr\/wp-json\/wp\/v2\/product_tag?post=318371"}],"curies":[{"name":"wp","href":"https:\/\/api.w.org\/{rel}","templated":true}]}}