{"id":318408,"date":"2024-03-16T10:49:17","date_gmt":"2024-03-16T09:52:13","guid":{"rendered":"https:\/\/www.moskito.cz\/produkt\/couteau-de-tir-microtech-makora-stonewashed-206-12odbis\/"},"modified":"2025-05-07T11:05:02","modified_gmt":"2025-05-07T10:05:02","slug":"couteau-de-tir-microtech-makora-stonewashed-206-12odbis","status":"publish","type":"product","link":"https:\/\/www.moskito.cz\/fr\/produkt\/couteau-de-tir-microtech-makora-stonewashed-206-12odbis\/","title":{"rendered":"Couteau de tir Microtech Makora Stonewashed 206-12ODBIS"},"content":{"rendered":"<p>Couteau de tir <strong>Microtech<\/strong> Makora Stonewashed 206-12ODBIS<\/p>\n<p>S\u00e9rie <strong>Makora<\/strong><br \/>\nPr\u00e8s de 20 ans apr\u00e8s sa premi\u00e8re sortie, <strong>Makora<\/strong> revient ! Ce couteau classique <strong>Microtech<\/strong> OTF a \u00e9t\u00e9 relanc\u00e9 avec un design mis \u00e0 jour et une technologie am\u00e9lior\u00e9e. Bien qu\u2019il semble tr\u00e8s similaire au Microtech Ultratech, il pr\u00e9sente quelques diff\u00e9rences subtiles \u2013 et s\u00e9rieuses. Il est un peu plus \u00e9pais, un peu plus l\u00e9ger et poss\u00e8de une poign\u00e9e pointue et un brise-verre mis \u00e0 jour. Les deux c\u00f4t\u00e9s de la poign\u00e9e avec insert en fibre de carbone ainsi que le haut et le bas de la poign\u00e9e comportent des trous qui fonctionnent avec les rainures \u00e0 la base de la lame pour la rendre plus fonctionnelle sous l&rsquo;eau. L&rsquo;action du couteau est renforc\u00e9e par des composants internes en nickel et en bore qui r\u00e9duisent la friction et am\u00e9liorent la consistance. Ce nouveau <strong>Makora<\/strong> montre le chemin parcouru par <strong>Microtech<\/strong> et prouve son engagement envers ses racines.<\/p>\n<p>Caract\u00e9ristiques<br \/>\nLongueur totale : 21,59 cm<br \/>\nAcier : M390<br \/>\nLongueur de la lame : 8,25 cm<br \/>\nStyle de lame&nbsp;:&nbsp;Dague<br \/>\nFinition&nbsp;: Stonewash<br \/>\nType de bord&nbsp;: Dentel\u00e9, Uni<br \/>\nMat\u00e9riau du manche : Aluminium<br \/>\nLa couleur verte<br \/>\nPoids : 3,32 onces<br \/>\nUtilisateur&nbsp;:&nbsp;Main droite<br \/>\nClip de poche&nbsp;: rabattable<br \/>\nType de couteau : OTF automatique double action<br \/>\nOuvreur&nbsp;: faites glisser votre pouce<br \/>\nMarque : Microtech<br \/>\nMod\u00e8le : Makora<br \/>\nNum\u00e9ro de mod\u00e8le&nbsp;: 206-12ODBIS<br \/>\nConcepteur : Microtech<br \/>\nPays d&rsquo;origine : \u00c9tats-Unis<br \/>\nMeilleures utilisations&nbsp;: transport quotidien, tactique<\/p>\n<p><iframe title=\"Microtech Combat Troodon Torture Test\" width=\"800\" height=\"450\" src=\"https:\/\/www.youtube.com\/embed\/xE9TeOFYEjg?feature=oembed\" frameborder=\"0\" allow=\"accelerometer; autoplay; clipboard-write; encrypted-media; gyroscope; picture-in-picture; web-share\" allowfullscreen><\/iframe><\/p>\n<p>&nbsp;<\/p>\n","protected":false},"excerpt":{"rendered":"<p><strong>Au fil des ann\u00e9es, Microtech\u00ae Knives a rempli les couteaux avec passion et comp\u00e9tence pour cr\u00e9er presque des \u0153uvres d&rsquo;art qui sont le summum de la fonctionnalit\u00e9. Toutes les pi\u00e8ces sont fabriqu\u00e9es aux \u00c9tats-Unis.<\/strong><br \/>\n<strong>Tous les couteaux Microtech sont garantis \u00e0 vie (min. 80 000 cycles, ouverture et fermeture)<\/strong><\/p>\n<p><strong>Transports gratuits.<\/strong><\/p>\n","protected":false},"featured_media":318380,"comment_status":"open","ping_status":"closed","template":"","meta":[],"pwb-brand":[3751],"product_brand":[],"product_cat":[3699,3696],"product_tag":[3754],"class_list":{"0":"post-318408","1":"product","2":"type-product","3":"status-publish","4":"has-post-thumbnail","6":"pwb-brand-microtechnologie","7":"product_cat-couteaux-de-tir","8":"product_cat-des-couteaux","9":"product_tag-b2b-fr","11":"first","12":"instock","13":"sale","14":"taxable","15":"shipping-taxable","16":"purchasable","17":"product-type-simple"},"brands":[{"id":3751,"name":"Microtechnologie","slug":"microtechnologie"}],"_links":{"self":[{"href":"https:\/\/www.moskito.cz\/fr\/wp-json\/wp\/v2\/product\/318408","targetHints":{"allow":["GET"]}}],"collection":[{"href":"https:\/\/www.moskito.cz\/fr\/wp-json\/wp\/v2\/product"}],"about":[{"href":"https:\/\/www.moskito.cz\/fr\/wp-json\/wp\/v2\/types\/product"}],"replies":[{"embeddable":true,"href":"https:\/\/www.moskito.cz\/fr\/wp-json\/wp\/v2\/comments?post=318408"}],"wp:featuredmedia":[{"embeddable":true,"href":"https:\/\/www.moskito.cz\/fr\/wp-json\/wp\/v2\/media\/318380"}],"wp:attachment":[{"href":"https:\/\/www.moskito.cz\/fr\/wp-json\/wp\/v2\/media?parent=318408"}],"wp:term":[{"taxonomy":"pwb-brand","embeddable":true,"href":"https:\/\/www.moskito.cz\/fr\/wp-json\/wp\/v2\/pwb-brand?post=318408"},{"taxonomy":"product_brand","embeddable":true,"href":"https:\/\/www.moskito.cz\/fr\/wp-json\/wp\/v2\/product_brand?post=318408"},{"taxonomy":"product_cat","embeddable":true,"href":"https:\/\/www.moskito.cz\/fr\/wp-json\/wp\/v2\/product_cat?post=318408"},{"taxonomy":"product_tag","embeddable":true,"href":"https:\/\/www.moskito.cz\/fr\/wp-json\/wp\/v2\/product_tag?post=318408"}],"curies":[{"name":"wp","href":"https:\/\/api.w.org\/{rel}","templated":true}]}}