{"id":318465,"date":"2022-11-01T22:18:06","date_gmt":"2022-11-01T21:18:06","guid":{"rendered":"https:\/\/www.moskito.cz\/produkt\/couteau-solid-cold-steel-couteau-ceinture-canadien\/"},"modified":"2024-03-16T11:45:05","modified_gmt":"2024-03-16T10:45:05","slug":"couteau-solid-cold-steel-couteau-ceinture-canadien","status":"publish","type":"product","link":"https:\/\/www.moskito.cz\/fr\/produkt\/couteau-solid-cold-steel-couteau-ceinture-canadien\/","title":{"rendered":"Couteau Solid Cold Steel COUTEAU CEINTURE CANADIEN"},"content":{"rendered":"<p>Couteau solide <strong>Cold Steel<\/strong> COUTEAU \u00c0 CEINTURE CANADIENNE.<\/p>\n<p>Le couteau de ceinture canadien Cold Steel s&rsquo;inspire d&rsquo;un vieux classique des ann\u00e9es 50. vol. Il poss\u00e8de toutes les caract\u00e9ristiques qui ont fait de l&rsquo;original un favori international prim\u00e9, ainsi que quelques am\u00e9liorations modernes.<br \/>\nNotre version actuelle est fabriqu\u00e9e \u00e0 partir d&rsquo;acier inoxydable allemand 4116 tremp\u00e9 sous z\u00e9ro et est rectifi\u00e9e en creux pour obtenir un bord incroyablement tranchant. Contrairement \u00e0 certaines poign\u00e9es en bois, notre poign\u00e9e en polypropyl\u00e8ne durable est suffisamment solide pour r\u00e9sister aux impacts violents tout en restant l\u00e9g\u00e8re et confortable. Cette lame ultra l\u00e9g\u00e8re de 2 onces est livr\u00e9e avec une gaine en polym\u00e8re s\u00e9curis\u00e9e et discr\u00e8te qui la rend facile \u00e0 transporter toute la journ\u00e9e ou lors de longues aventures de chasse ou de camping.<\/p>\n<p>PARAM\u00c8TRES DU PRODUIT<br \/>\nCouleur: noir\/argent<br \/>\nTaille hors tout : 215,9 mm<br \/>\nLongueur du manche : 114 mm<br \/>\nMat\u00e9riau de la gaine&nbsp;: Gaine Secure-Ex\u00ae<br \/>\nMat\u00e9riau du manche&nbsp;: polypropyl\u00e8ne long \u00e0 fort impact<br \/>\nAcier&nbsp;: acier inoxydable allemand 4116 cryo-tremp\u00e9<br \/>\nPoids : 62,36 g<br \/>\nLongueur de la lame : 101,6 mm<br \/>\n\u00c9paisseur de la lame : 2,5 mm<\/p>\n","protected":false},"excerpt":{"rendered":"<p><strong>Le couteau de ceinture canadien Cold Steel est un couteau solide inspir\u00e9 d&rsquo;un classique des ann\u00e9es 1950.<\/strong><\/p>\n","protected":false},"featured_media":318466,"comment_status":"open","ping_status":"closed","template":"","meta":[],"pwb-brand":[3789],"product_brand":[],"product_cat":[3697,3696],"product_tag":[3754],"class_list":{"0":"post-318465","1":"product","2":"type-product","3":"status-publish","4":"has-post-thumbnail","6":"pwb-brand-acier-froid","7":"product_cat-couteaux-solides","8":"product_cat-des-couteaux","9":"product_tag-b2b-fr","11":"first","12":"instock","13":"taxable","14":"shipping-taxable","15":"purchasable","16":"product-type-simple"},"brands":[{"id":3789,"name":"Acier froid","slug":"acier-froid"}],"_links":{"self":[{"href":"https:\/\/www.moskito.cz\/fr\/wp-json\/wp\/v2\/product\/318465","targetHints":{"allow":["GET"]}}],"collection":[{"href":"https:\/\/www.moskito.cz\/fr\/wp-json\/wp\/v2\/product"}],"about":[{"href":"https:\/\/www.moskito.cz\/fr\/wp-json\/wp\/v2\/types\/product"}],"replies":[{"embeddable":true,"href":"https:\/\/www.moskito.cz\/fr\/wp-json\/wp\/v2\/comments?post=318465"}],"wp:featuredmedia":[{"embeddable":true,"href":"https:\/\/www.moskito.cz\/fr\/wp-json\/wp\/v2\/media\/318466"}],"wp:attachment":[{"href":"https:\/\/www.moskito.cz\/fr\/wp-json\/wp\/v2\/media?parent=318465"}],"wp:term":[{"taxonomy":"pwb-brand","embeddable":true,"href":"https:\/\/www.moskito.cz\/fr\/wp-json\/wp\/v2\/pwb-brand?post=318465"},{"taxonomy":"product_brand","embeddable":true,"href":"https:\/\/www.moskito.cz\/fr\/wp-json\/wp\/v2\/product_brand?post=318465"},{"taxonomy":"product_cat","embeddable":true,"href":"https:\/\/www.moskito.cz\/fr\/wp-json\/wp\/v2\/product_cat?post=318465"},{"taxonomy":"product_tag","embeddable":true,"href":"https:\/\/www.moskito.cz\/fr\/wp-json\/wp\/v2\/product_tag?post=318465"}],"curies":[{"name":"wp","href":"https:\/\/api.w.org\/{rel}","templated":true}]}}