{"id":318546,"date":"2022-04-09T10:20:35","date_gmt":"2024-03-16T11:51:32","guid":{"rendered":"https:\/\/www.moskito.cz\/produkt\/couteau-de-tir-microtech-combat-troodon-satin-142-4bl\/"},"modified":"2025-05-07T11:05:08","modified_gmt":"2025-05-07T10:05:08","slug":"couteau-de-tir-microtech-combat-troodon-satin-142-4bl","status":"publish","type":"product","link":"https:\/\/www.moskito.cz\/fr\/produkt\/couteau-de-tir-microtech-combat-troodon-satin-142-4bl\/","title":{"rendered":"Couteau de tir Microtech Combat Troodon Satin 142-4BL"},"content":{"rendered":"<p>Couteau de tir <strong>Microtech<\/strong> Combat Troodon Satin 142-4BL<\/p>\n<p><strong>Le Combat Troodon<\/strong> est un couteau frontal tactique fabriqu\u00e9 avec pr\u00e9cision. Il est 25 % plus grand que notre produit phare, le Troodon. Il apporte une poign\u00e9e fine, une forme profil\u00e9e, des \u00e9l\u00e9ments de conception radicaux et un m\u00e9canisme interne sophistiqu\u00e9 qui am\u00e9liore la fonctionnalit\u00e9 op\u00e9rationnelle et la fiabilit\u00e9 \u00e0 plus grande \u00e9chelle. Le Combat Troodon est con\u00e7u pour une large gamme d&rsquo;applications utilitaires et de combat rapproch\u00e9.<\/p>\n<p>Longueur totale : 19,2 cm<br \/>\nLongueur de la lame : 7,5 cm<br \/>\nMat\u00e9riau de la lame : 204P<br \/>\nStyle de lame&nbsp;:&nbsp;Dague<br \/>\nInsertions&nbsp;: plates<br \/>\nType de bordure&nbsp;:&nbsp;Unie<br \/>\nLongueur du manche : 10,63 cm<br \/>\n\u00c9paisseur du manche : 1,12 cm<br \/>\nMat\u00e9riau du manche : aluminium<br \/>\nPoids : 3,00 onces.<br \/>\nUtilisateur&nbsp;:&nbsp;Main droite<br \/>\nClip de poche&nbsp;: rabattable<br \/>\nType de couteau : Automatique<br \/>\nOuvreur&nbsp;:&nbsp;glissi\u00e8re du pouce<br \/>\nMarque : Microtech<br \/>\nMod\u00e8le : Troodon<\/p>\n<p>Acier : M390<br \/>\nPays d&rsquo;origine : \u00c9tats-Unis<br \/>\nMeilleure utilisation&nbsp;: Tactique<br \/>\nFabriqu\u00e9 aux \u00c9tats-Unis<\/p>\n<p><iframe title=\"Microtech Combat Troodon Torture Test\" width=\"800\" height=\"450\" src=\"https:\/\/www.youtube.com\/embed\/xE9TeOFYEjg?feature=oembed\" frameborder=\"0\" allow=\"accelerometer; autoplay; clipboard-write; encrypted-media; gyroscope; picture-in-picture; web-share\" allowfullscreen><\/iframe><\/p>\n<p>Le <strong>Combat Troodon<\/strong> est un couteau tactique avant-gardiste fabriqu\u00e9 avec pr\u00e9cision. Il est 25 % plus grand que notre produit phare, le Troodon. Il apporte une poign\u00e9e \u00e9lanc\u00e9e, une forme profil\u00e9e, des \u00e9l\u00e9ments de conception radicaux et un m\u00e9canisme interne sophistiqu\u00e9 qui am\u00e9liore la fonctionnalit\u00e9 op\u00e9rationnelle et la fiabilit\u00e9 \u00e0 une plus grande \u00e9chelle. Le Combat Troodon est con\u00e7u pour un large \u00e9ventail d&rsquo;applications utilitaires et de combat rapproch\u00e9.<\/p>\n<p>Caract\u00e9ristiques<br \/>\nTroodon &#8211; \u00ab\u00a0Dent bless\u00e9e\u00a0\u00bb<br \/>\nAction&nbsp;:&nbsp;Tir et r\u00e9traction automatiques \u00e0 double action<br \/>\nLongueur de la lame : 3,75&Prime;<br \/>\n\u00c9paisseur de la lame : 0,095&Prime;<br \/>\nBris de verre&nbsp;: bris de verre \u00e0 pointe de tungst\u00e8ne<br \/>\nPoign\u00e9e&nbsp;: aluminium 6061-T6 Mil Spec \u00e0 rev\u00eatement dur anodis\u00e9 bleu<br \/>\n\u00c9paisseur de la poign\u00e9e&nbsp;:&nbsp;Conique sculpt\u00e9 Min 0,304&nbsp;\u00a0\u00bb Max 435&Prime;<br \/>\nLongueur ouverte : 9,10&Prime;<br \/>\nLongueur ferm\u00e9 : 5,20&Prime;<br \/>\nClip de poche&nbsp;:&nbsp;301 tremp\u00e9 \u00e0 ressort, ambidextre<br \/>\nPoids : 5,3 onces.<br \/>\nAttention, l&rsquo;acier de la lame ne peut pas \u00eatre pr\u00e9cis\u00e9 car il peut changer selon la disponibilit\u00e9 (informations Microtech)<br \/>\nFabriqu\u00e9 aux Etats-Unis<\/p>\n","protected":false},"excerpt":{"rendered":"<p><strong>Au fil des ann\u00e9es, Microtech\u00ae Knives a rempli les couteaux avec passion et comp\u00e9tence pour cr\u00e9er presque des \u0153uvres d&rsquo;art qui sont le summum de la fonctionnalit\u00e9. Toutes les pi\u00e8ces sont fabriqu\u00e9es aux \u00c9tats-Unis.<\/strong><br \/>\n<strong>Tous les couteaux Microtech sont garantis \u00e0 vie.<\/strong><\/p>\n<p><strong>Transports gratuits.<\/strong><\/p>\n","protected":false},"featured_media":318547,"comment_status":"open","ping_status":"closed","template":"","meta":[],"pwb-brand":[3751],"product_brand":[],"product_cat":[3699,3696],"product_tag":[3754],"class_list":{"0":"post-318546","1":"product","2":"type-product","3":"status-publish","4":"has-post-thumbnail","6":"pwb-brand-microtechnologie","7":"product_cat-couteaux-de-tir","8":"product_cat-des-couteaux","9":"product_tag-b2b-fr","11":"first","12":"instock","13":"taxable","14":"shipping-taxable","15":"purchasable","16":"product-type-simple"},"brands":[{"id":3751,"name":"Microtechnologie","slug":"microtechnologie"}],"_links":{"self":[{"href":"https:\/\/www.moskito.cz\/fr\/wp-json\/wp\/v2\/product\/318546","targetHints":{"allow":["GET"]}}],"collection":[{"href":"https:\/\/www.moskito.cz\/fr\/wp-json\/wp\/v2\/product"}],"about":[{"href":"https:\/\/www.moskito.cz\/fr\/wp-json\/wp\/v2\/types\/product"}],"replies":[{"embeddable":true,"href":"https:\/\/www.moskito.cz\/fr\/wp-json\/wp\/v2\/comments?post=318546"}],"wp:featuredmedia":[{"embeddable":true,"href":"https:\/\/www.moskito.cz\/fr\/wp-json\/wp\/v2\/media\/318547"}],"wp:attachment":[{"href":"https:\/\/www.moskito.cz\/fr\/wp-json\/wp\/v2\/media?parent=318546"}],"wp:term":[{"taxonomy":"pwb-brand","embeddable":true,"href":"https:\/\/www.moskito.cz\/fr\/wp-json\/wp\/v2\/pwb-brand?post=318546"},{"taxonomy":"product_brand","embeddable":true,"href":"https:\/\/www.moskito.cz\/fr\/wp-json\/wp\/v2\/product_brand?post=318546"},{"taxonomy":"product_cat","embeddable":true,"href":"https:\/\/www.moskito.cz\/fr\/wp-json\/wp\/v2\/product_cat?post=318546"},{"taxonomy":"product_tag","embeddable":true,"href":"https:\/\/www.moskito.cz\/fr\/wp-json\/wp\/v2\/product_tag?post=318546"}],"curies":[{"name":"wp","href":"https:\/\/api.w.org\/{rel}","templated":true}]}}