{"id":318572,"date":"2017-11-01T13:50:19","date_gmt":"2017-11-01T12:50:19","guid":{"rendered":"https:\/\/www.moskito.cz\/produkt\/aiguiseur-de-couteaux-vulkanus-professional-g2-en-acier-inoxydable\/"},"modified":"2025-07-11T07:48:02","modified_gmt":"2025-07-11T06:48:02","slug":"aiguiseur-de-couteaux-vulkanus-professional-g2-en-acier-inoxydable","status":"publish","type":"product","link":"https:\/\/www.moskito.cz\/fr\/produkt\/aiguiseur-de-couteaux-vulkanus-professional-g2-en-acier-inoxydable\/","title":{"rendered":"Aiguiseur de couteaux Vulkanus Professional G2 en acier inoxydable"},"content":{"rendered":"<p>Aiguiseur de couteaux Vulkanus Professional G2 en acier inoxydable.<\/p>\n<p>Le broyeur Vulkanus Professional G2, la deuxi\u00e8me g\u00e9n\u00e9ration du broyeur \u00e9prouv\u00e9 est l\u00e0. Les plaquettes d&rsquo;aff\u00fbtage ont \u00e9t\u00e9 revues dans leur mat\u00e9riau et leur forme afin que leur dur\u00e9e de vie puisse \u00eatre multipli\u00e9e par trois et que le r\u00e9sultat de l&rsquo;aff\u00fbtage soit encore meilleur. L&rsquo;angle de mise au point a \u00e9t\u00e9 \u00e9largi de 11\u00b0 \u00e0 21\u00b0. Les ressorts \u00e0 barre sont cach\u00e9s dans la nouvelle g\u00e9n\u00e9ration et leur force de compression a \u00e9t\u00e9 consid\u00e9rablement augment\u00e9e. De plus, les \u00e9l\u00e9ments d&rsquo;aff\u00fbtage sont d\u00e9sormais beaucoup plus faciles \u00e0 remplacer si n\u00e9cessaire.<\/p>\n<p>Aiguiseur pliable de premi\u00e8re qualit\u00e9 pour lames droites et ondul\u00e9es.<br \/>\nLe broyeur VULKANUS a \u00e9t\u00e9 invent\u00e9 par Harald Stallegger de Salzbourg, qui l&rsquo;a ensuite brevet\u00e9. Les tiges en alliage dur \u00e0 ressort (carbure c\u00e9ment\u00e9) restent fermement en contact avec n&rsquo;importe quelle forme de lame. Vous pouvez aff\u00fbter les couteaux \u00e0 pain lisses et dentel\u00e9s de mani\u00e8re tr\u00e8s simple, sans rayures ind\u00e9sirables.<br \/>\nPonceuse Vulkanus Professional G2 &#8211; Un pon\u00e7age simple que tout le monde peut g\u00e9rer. Il suffit de passer le couteau plusieurs fois dans l&rsquo;aff\u00fbteur avec la pointe vers le bas, de tirer sans augmenter la pression et vous pouvez continuer \u00e0 couper. Le broyeur fonctionne sur le principe d&rsquo;un syst\u00e8me \u00e0 ressort brevet\u00e9.<\/p>\n<p>Les couteaux et les outils coupants sont utilis\u00e9s par des personnes de toutes cultures et de toutes \u00e9poques. Ils sont un symbole de pouvoir, ils sont per\u00e7us comme des objets d&rsquo;art et des outils multifonctionnels.<br \/>\nIl a toujours \u00e9t\u00e9 important, voire vital, que les gens disposent d\u2019un couteau ou d\u2019une arme suffisamment tranchante.<br \/>\nLe m\u00e9tier d\u2019aiguiseur de couteaux a donc toujours jou\u00e9 un r\u00f4le important dans la soci\u00e9t\u00e9. L\u2019aff\u00fbtage des couteaux est aussi vieux que l\u2019histoire de l\u2019humanit\u00e9 et reste toujours int\u00e9ressant. Il existe de nombreuses lames de couteaux.<\/p>\n<p>Alors que l&rsquo;aff\u00fbtage des couteaux a jusqu&rsquo;\u00e0 pr\u00e9sent \u00e9t\u00e9 principalement laiss\u00e9 aux experts, Vulkanus a cr\u00e9\u00e9 un aiguiseur si convivial que tout le monde peut l&rsquo;utiliser. Aujourd\u2019hui, aucun foyer moderne ne devrait se trouver sans un appareil d\u2019aff\u00fbtage de couteaux appropri\u00e9. Cependant, peu de produits propos\u00e9s sont vraiment simples. C&rsquo;est pourquoi cette entreprise autrichienne a attach\u00e9 une grande importance \u00e0 la cr\u00e9ation d&rsquo;un appareil universel et simple d&rsquo;utilisation lors du d\u00e9veloppement de cet aff\u00fbteur.<\/p>\n<p>Le d\u00e9veloppement de l&rsquo;aff\u00fbteur de couteaux Vulkanus repose sur 20 ans d&rsquo;exp\u00e9rience du propri\u00e9taire de l&rsquo;entreprise Harald Stallegger dans le domaine de la coupe et de l&rsquo;aff\u00fbtage des couteaux. Avec le nouveau \u00ab Vulkanus \u00bb, Stallegger a d\u00e9velopp\u00e9 un aiguiseur de couteaux disponible en diff\u00e9rentes versions pour r\u00e9pondre aux exigences les plus diverses. La gamme de produits brevet\u00e9e Vulkanus, comprenant un certain nombre de produits uniques (pour l&rsquo;aff\u00fbtage et le meulage des lames lisses et dentel\u00e9es), a rapidement trouv\u00e9 des partenaires de distribution internationaux. Aujourd&rsquo;hui, ces produits sont disponibles dans des magasins sp\u00e9cialis\u00e9s de haute qualit\u00e9 \u00e0 travers le monde.<\/p>\n<p>En tant qu&rsquo;entreprise familiale, l&rsquo;entreprise est habitu\u00e9e \u00e0 un travail orient\u00e9 client. Cette attitude est renforc\u00e9e par une croissance de haute qualit\u00e9 et un d\u00e9veloppement continu des produits. INNOVATION &#8211; DROIT &#8211; QUALIT\u00c9<\/p>\n<p>VULKANUS Des couteaux \u00e0 sushi aux couteaux de chasse et de poche, le VULKANUS\u00ae Classic en plastique lavable au lave-vaisselle facilite l&rsquo;aff\u00fbtage de vos couteaux de travail pr\u00e9f\u00e9r\u00e9s. Il suffit d&rsquo;un peu de concentration et de quelques coups de lame uniformes et votre couteau aura un tranchant ultra-tranchant, sans entailles ni rayures. Poissons, gibiers et l\u00e9gumes en seront la preuve.<\/p>\n<p><iframe title=\"Make your blunt knife extra sharp with Vulkanus Professional.\" width=\"800\" height=\"450\" src=\"https:\/\/www.youtube.com\/embed\/agdhmQnNEmY?feature=oembed\" frameborder=\"0\" allow=\"accelerometer; autoplay; clipboard-write; encrypted-media; gyroscope; picture-in-picture; web-share\" allowfullscreen><\/iframe><\/p>\n","protected":false},"excerpt":{"rendered":"<p>Un aiguiseur de couteaux simple et fonctionnel.<br \/>\nSyst\u00e8me de broyage <strong>brevet\u00e9<\/strong> .<br \/>\nFabriqu\u00e9 en <strong>Autriche<\/strong> <strong>.<\/strong><\/p>\n","protected":false},"featured_media":175755,"comment_status":"open","ping_status":"closed","template":"","meta":[],"pwb-brand":[3797],"product_brand":[],"product_cat":[3688],"product_tag":[],"class_list":{"0":"post-318572","1":"product","2":"type-product","3":"status-publish","4":"has-post-thumbnail","6":"pwb-brand-vulcan","7":"product_cat-meules-et-aciers","9":"first","10":"instock","11":"taxable","12":"shipping-taxable","13":"purchasable","14":"product-type-simple"},"brands":[{"id":3797,"name":"Vulcan","slug":"vulcan"}],"_links":{"self":[{"href":"https:\/\/www.moskito.cz\/fr\/wp-json\/wp\/v2\/product\/318572","targetHints":{"allow":["GET"]}}],"collection":[{"href":"https:\/\/www.moskito.cz\/fr\/wp-json\/wp\/v2\/product"}],"about":[{"href":"https:\/\/www.moskito.cz\/fr\/wp-json\/wp\/v2\/types\/product"}],"replies":[{"embeddable":true,"href":"https:\/\/www.moskito.cz\/fr\/wp-json\/wp\/v2\/comments?post=318572"}],"wp:featuredmedia":[{"embeddable":true,"href":"https:\/\/www.moskito.cz\/fr\/wp-json\/wp\/v2\/media\/175755"}],"wp:attachment":[{"href":"https:\/\/www.moskito.cz\/fr\/wp-json\/wp\/v2\/media?parent=318572"}],"wp:term":[{"taxonomy":"pwb-brand","embeddable":true,"href":"https:\/\/www.moskito.cz\/fr\/wp-json\/wp\/v2\/pwb-brand?post=318572"},{"taxonomy":"product_brand","embeddable":true,"href":"https:\/\/www.moskito.cz\/fr\/wp-json\/wp\/v2\/product_brand?post=318572"},{"taxonomy":"product_cat","embeddable":true,"href":"https:\/\/www.moskito.cz\/fr\/wp-json\/wp\/v2\/product_cat?post=318572"},{"taxonomy":"product_tag","embeddable":true,"href":"https:\/\/www.moskito.cz\/fr\/wp-json\/wp\/v2\/product_tag?post=318572"}],"curies":[{"name":"wp","href":"https:\/\/api.w.org\/{rel}","templated":true}]}}