{"id":318585,"date":"2022-01-08T07:03:59","date_gmt":"2024-03-18T12:18:17","guid":{"rendered":"https:\/\/www.moskito.cz\/produkt\/couteau-de-tir-microtech-stitch-borka-blades-wharncliffe-stonewash-169-12\/"},"modified":"2025-05-07T11:05:10","modified_gmt":"2025-05-07T10:05:10","slug":"couteau-de-tir-microtech-stitch-borka-blades-wharncliffe-stonewash-169-12","status":"publish","type":"product","link":"https:\/\/www.moskito.cz\/fr\/produkt\/couteau-de-tir-microtech-stitch-borka-blades-wharncliffe-stonewash-169-12\/","title":{"rendered":"Couteau de tir Microtech Stitch Borka Blades WHARNCLIFFE STONEWASH 169-12"},"content":{"rendered":"<p>Couteau de tir <strong>Microtech<\/strong> Stitch Borka Blades WHARNCLIFFE STONEWASH 169-12<\/p>\n<p>Ce Stitch automatique est une belle collaboration tactique entre Tony <strong>Marfione<\/strong> et Sebastijan Berenji, \u00e9galement connu sous le nom de Borka. Le design \u00e9tonnant de Sebastijan Stitch avec l&rsquo;incroyable m\u00e9canisme d&rsquo;ouverture automatique de Tony en fait l&rsquo;une des meilleures collaborations de production de 2017. La lame de 8,5 cm pr\u00e9sente une surface apocalyptique plate. La poign\u00e9e est en aluminium hautement frais\u00e9 avec une finition anodis\u00e9e noire Mil-Spec Hardcoat et une entretoise arri\u00e8re en aluminium. La lame tire comme une fus\u00e9e et se verrouille solidement, ce qui est un exploit impressionnant \u00e9tant donn\u00e9 qu&rsquo;elle est AUTO. Il s&rsquo;agit d&rsquo;un mod\u00e8le de production tant attendu de la c\u00e9l\u00e8bre coutume, vous avez donc la chance d&rsquo;avoir un couteau Borka \u00e0 une fraction du prix.<\/p>\n<p>Conception Borka<br \/>\nMat\u00e9riel Torx<br \/>\nEntretoise arri\u00e8re en aluminium textur\u00e9<br \/>\nCaract\u00e9ristiques<br \/>\nLongueur de la lame : 8,5 cm<br \/>\nLongueur du manche : 12,5 cm<br \/>\nLongueur totale : 21 cm<br \/>\nAcier : M390<br \/>\nStyle de lame&nbsp;: pointe de lance<br \/>\nMeulage de la lame&nbsp;:&nbsp;Plat<br \/>\nTraitement de surface de la lame : Stonewash<br \/>\nMat\u00e9riau de la poign\u00e9e&nbsp;: aluminium frais\u00e9, rev\u00eatement dur Mil-Spec, anodis\u00e9<br \/>\nM\u00e9canisme de verrouillage : Bouton<br \/>\nClip de poche : acier inoxydable (pliable, \u00e0 droite)<br \/>\nPoids : 6,3 onces.<br \/>\nCr\u00e9ateurs : Sebastijan Berenji et Tony Marfione<br \/>\nFabriqu\u00e9 aux \u00c9tats-Unis<\/p>\n<p><iframe title=\"Microtech Combat Troodon Torture Test\" width=\"800\" height=\"450\" src=\"https:\/\/www.youtube.com\/embed\/xE9TeOFYEjg?feature=oembed\" frameborder=\"0\" allow=\"accelerometer; autoplay; clipboard-write; encrypted-media; gyroscope; picture-in-picture; web-share\" allowfullscreen><\/iframe><\/p>\n","protected":false},"excerpt":{"rendered":"<p>Au fil des ann\u00e9es, Microtech\u00ae Knives a rempli les couteaux avec passion et comp\u00e9tence pour cr\u00e9er presque des \u0153uvres d&rsquo;art qui sont le summum de la fonctionnalit\u00e9. Toutes les pi\u00e8ces sont fabriqu\u00e9es aux \u00c9tats-Unis.<br \/>\n<strong>Tous les couteaux Microtech sont garantis \u00e0 vie.<\/strong><\/p>\n<p><strong>Transports gratuits.<\/strong><\/p>\n","protected":false},"featured_media":318589,"comment_status":"open","ping_status":"closed","template":"","meta":[],"pwb-brand":[3751],"product_brand":[],"product_cat":[3699,3696],"product_tag":[3754],"class_list":{"0":"post-318585","1":"product","2":"type-product","3":"status-publish","4":"has-post-thumbnail","6":"pwb-brand-microtechnologie","7":"product_cat-couteaux-de-tir","8":"product_cat-des-couteaux","9":"product_tag-b2b-fr","11":"first","12":"instock","13":"featured","14":"taxable","15":"shipping-taxable","16":"purchasable","17":"product-type-simple"},"brands":[{"id":3751,"name":"Microtechnologie","slug":"microtechnologie"}],"_links":{"self":[{"href":"https:\/\/www.moskito.cz\/fr\/wp-json\/wp\/v2\/product\/318585","targetHints":{"allow":["GET"]}}],"collection":[{"href":"https:\/\/www.moskito.cz\/fr\/wp-json\/wp\/v2\/product"}],"about":[{"href":"https:\/\/www.moskito.cz\/fr\/wp-json\/wp\/v2\/types\/product"}],"replies":[{"embeddable":true,"href":"https:\/\/www.moskito.cz\/fr\/wp-json\/wp\/v2\/comments?post=318585"}],"wp:featuredmedia":[{"embeddable":true,"href":"https:\/\/www.moskito.cz\/fr\/wp-json\/wp\/v2\/media\/318589"}],"wp:attachment":[{"href":"https:\/\/www.moskito.cz\/fr\/wp-json\/wp\/v2\/media?parent=318585"}],"wp:term":[{"taxonomy":"pwb-brand","embeddable":true,"href":"https:\/\/www.moskito.cz\/fr\/wp-json\/wp\/v2\/pwb-brand?post=318585"},{"taxonomy":"product_brand","embeddable":true,"href":"https:\/\/www.moskito.cz\/fr\/wp-json\/wp\/v2\/product_brand?post=318585"},{"taxonomy":"product_cat","embeddable":true,"href":"https:\/\/www.moskito.cz\/fr\/wp-json\/wp\/v2\/product_cat?post=318585"},{"taxonomy":"product_tag","embeddable":true,"href":"https:\/\/www.moskito.cz\/fr\/wp-json\/wp\/v2\/product_tag?post=318585"}],"curies":[{"name":"wp","href":"https:\/\/api.w.org\/{rel}","templated":true}]}}