{"id":318640,"date":"2023-07-03T18:35:30","date_gmt":"2024-03-18T12:18:25","guid":{"rendered":"https:\/\/www.moskito.cz\/produkt\/couteau-de-tir-microtech-borka-stitch-artic-camo-full-dentele-169-3acs\/"},"modified":"2025-05-07T11:05:12","modified_gmt":"2025-05-07T10:05:12","slug":"couteau-de-tir-microtech-borka-stitch-artic-camo-full-dentele-169-3acs","status":"publish","type":"product","link":"https:\/\/www.moskito.cz\/fr\/produkt\/couteau-de-tir-microtech-borka-stitch-artic-camo-full-dentele-169-3acs\/","title":{"rendered":"Couteau de tir Microtech Borka Stitch Artic Camo Full Dentel\u00e9 169-3ACS"},"content":{"rendered":"<p>Couteau de tir <strong>Microtech<\/strong> Borka Stitch Artic Camo Full Dentel\u00e9 169-3ACS<\/p>\n<p>Automatic Stitch est une belle collaboration tactique entre Tony Marfione et Sebastijan Berenji, AKA Borka. Il prend l&rsquo;incroyable design Stitch de Sebastijan et le combine avec l&rsquo;incroyable ouverture automatique de Tony pour cr\u00e9er l&rsquo;une des collaborations de production les plus \u00e9tonnantes de 2017. La lame \u00e0 pointe de lance de 3,625 pouces pr\u00e9sente une meule plate, une finition camouflage urbain et des bandes pour les doigts et le pouce. pour un excellent achat lors d&rsquo;op\u00e9rations de coupe plus fines. La poign\u00e9e est en aluminium fortement frais\u00e9 avec une finition anodis\u00e9e Arctic camo Mil-Spec Hardcoat et une entretoise arri\u00e8re en aluminium. Il tire comme une fus\u00e9e et se verrouille solidement, ce qui est un exploit impressionnant \u00e9tant donn\u00e9 qu&rsquo;il s&rsquo;agit d&rsquo;un AUTO. Il s&rsquo;agit du mod\u00e8le de production tant attendu de la c\u00e9l\u00e8bre custom, vous offrant la possibilit\u00e9 de poss\u00e9der un <strong>couteau Borka pour une fraction du prix<\/strong> .<\/p>\n<p>Caract\u00e9ristiques<br \/>\nLongueur de la lame : 9 cm<br \/>\nLongueur du manche : 12,5 cm<br \/>\nLongueur totale : 21,25 cm<br \/>\nAcier : M390<br \/>\n\u00c9paisseur de la lame : 0,190&Prime;<br \/>\nStyle de lame&nbsp;: pointe de lance<br \/>\nMeulage de la lame&nbsp;:&nbsp;Plat<br \/>\nFinition de la lame&nbsp;:&nbsp;Camouflage arctique<br \/>\nMat\u00e9riau de la poign\u00e9e&nbsp;: aluminium frais\u00e9, rev\u00eatement dur Urban Camo Mil-Spec anodis\u00e9<br \/>\n\u00c9paisseur du manche : 0,62&Prime;<br \/>\nM\u00e9canisme de verrouillage : Bouton<br \/>\nClip de poche&nbsp;: acier inoxydable (d\u00e9pliable, \u00e0 porter \u00e0 droite)<br \/>\nPoids : 6,3 onces.<br \/>\nCr\u00e9ateurs : Sebastijan Berenji et Tony Marfione<br \/>\nFabriqu\u00e9 aux \u00c9tats-Unis<\/p>\n<p><iframe title=\"Microtech Combat Troodon Torture Test\" width=\"800\" height=\"450\" src=\"https:\/\/www.youtube.com\/embed\/xE9TeOFYEjg?feature=oembed\" frameborder=\"0\" allow=\"accelerometer; autoplay; clipboard-write; encrypted-media; gyroscope; picture-in-picture; web-share\" allowfullscreen><\/iframe><\/p>\n<p>&nbsp;<\/p>\n","protected":false},"excerpt":{"rendered":"<p>Au fil des ann\u00e9es, Microtech\u00ae Knives a rempli les couteaux avec passion et comp\u00e9tence pour cr\u00e9er presque des \u0153uvres d&rsquo;art qui sont le summum de la fonctionnalit\u00e9. Toutes les pi\u00e8ces sont fabriqu\u00e9es aux \u00c9tats-Unis.<br \/>\n<strong>Tous les couteaux Microtech sont garantis \u00e0 vie.<\/strong><\/p>\n<p><strong>Transports gratuits.<\/strong><\/p>\n","protected":false},"featured_media":318646,"comment_status":"open","ping_status":"closed","template":"","meta":[],"pwb-brand":[3751],"product_brand":[],"product_cat":[3699,3696],"product_tag":[3754],"class_list":{"0":"post-318640","1":"product","2":"type-product","3":"status-publish","4":"has-post-thumbnail","6":"pwb-brand-microtechnologie","7":"product_cat-couteaux-de-tir","8":"product_cat-des-couteaux","9":"product_tag-b2b-fr","11":"first","12":"instock","13":"taxable","14":"shipping-taxable","15":"purchasable","16":"product-type-simple"},"brands":[{"id":3751,"name":"Microtechnologie","slug":"microtechnologie"}],"_links":{"self":[{"href":"https:\/\/www.moskito.cz\/fr\/wp-json\/wp\/v2\/product\/318640","targetHints":{"allow":["GET"]}}],"collection":[{"href":"https:\/\/www.moskito.cz\/fr\/wp-json\/wp\/v2\/product"}],"about":[{"href":"https:\/\/www.moskito.cz\/fr\/wp-json\/wp\/v2\/types\/product"}],"replies":[{"embeddable":true,"href":"https:\/\/www.moskito.cz\/fr\/wp-json\/wp\/v2\/comments?post=318640"}],"wp:featuredmedia":[{"embeddable":true,"href":"https:\/\/www.moskito.cz\/fr\/wp-json\/wp\/v2\/media\/318646"}],"wp:attachment":[{"href":"https:\/\/www.moskito.cz\/fr\/wp-json\/wp\/v2\/media?parent=318640"}],"wp:term":[{"taxonomy":"pwb-brand","embeddable":true,"href":"https:\/\/www.moskito.cz\/fr\/wp-json\/wp\/v2\/pwb-brand?post=318640"},{"taxonomy":"product_brand","embeddable":true,"href":"https:\/\/www.moskito.cz\/fr\/wp-json\/wp\/v2\/product_brand?post=318640"},{"taxonomy":"product_cat","embeddable":true,"href":"https:\/\/www.moskito.cz\/fr\/wp-json\/wp\/v2\/product_cat?post=318640"},{"taxonomy":"product_tag","embeddable":true,"href":"https:\/\/www.moskito.cz\/fr\/wp-json\/wp\/v2\/product_tag?post=318640"}],"curies":[{"name":"wp","href":"https:\/\/api.w.org\/{rel}","templated":true}]}}