{"id":318658,"date":"2021-09-22T13:42:30","date_gmt":"2024-03-18T12:18:27","guid":{"rendered":"https:\/\/www.moskito.cz\/produkt\/couteau-fixe-microtech-borka-blades-stonewashed-plain-dentele-201-12\/"},"modified":"2025-05-07T11:05:12","modified_gmt":"2025-05-07T10:05:12","slug":"couteau-fixe-microtech-borka-blades-stonewashed-plain-dentele-201-12","status":"publish","type":"product","link":"https:\/\/www.moskito.cz\/fr\/produkt\/couteau-fixe-microtech-borka-blades-stonewashed-plain-dentele-201-12\/","title":{"rendered":"Couteau Fixe Microtech Borka Blades Stonewashed Plain\/Dentel\u00e9 201-12"},"content":{"rendered":"<p>Couteau fixe <strong>Microtech<\/strong> Borka Blades Stonewashed Plain\/Dentel\u00e9 201-12.<\/p>\n<p>La lame fixe SBD est une pi\u00e8ce mena\u00e7ante du coutelier interne Sebastjan Berenji, \u00e9galement connu sous le nom de Borka, bas\u00e9e sur son design SBK. Il s&rsquo;agit d&rsquo;une \u00e9volution du SBK qui avait la forme haute de la lame persane et la rempla\u00e7a par une large forme de poignard \u00e0 double tranchant, d&rsquo;o\u00f9 le D dans le nom. Il comporte quatre magnifiques biseaux culminant en une pointe parfaite, un joli prot\u00e8ge-doigt et une rainure sanglante avec des trous \u00e9claircissants. Le manche est en G10 joliment frais\u00e9 pour une prise en main ergonomique agr\u00e9able, cr\u00e9ant une parfaite harmonie entre l&rsquo;utilisateur et l&rsquo;outil. Il est fa\u00e7onn\u00e9 aux bons endroits, ce qui vous permet d&rsquo;indexer le couteau dans plusieurs prises. Le SBD compact respire les prouesses tactiques avec le style qui est un incontournable des Borka Blades, et est livr\u00e9 dans une finition de friction en fibre de carbone enduite de Kydex avec Tek-Lok. Fabriqu\u00e9 aux \u00c9tats-Unis par Microtech Knives.<br \/>\nCaract\u00e9ristiques<\/p>\n<p>Longueur de la lame : 11 cm<br \/>\nLongueur totale : 22,5 cm<br \/>\nMat\u00e9riau de la lame : M390<br \/>\nStyle de lame&nbsp;:&nbsp;Dague \u00e0 double tranchant<br \/>\nMeulage de la lame&nbsp;:&nbsp;Plat<br \/>\nTraitement de surface de la lame : Stonewash<br \/>\nMat\u00e9riau du manche : G10 noir frais\u00e9<br \/>\nMat\u00e9riau de la gaine&nbsp;: Kydex en fibre de carbone<br \/>\nPoids : 6,4 onces.<br \/>\nPoids avec fourreau : 10,1 oz.<br \/>\nCr\u00e9ateur : S\u00e9bastien Berenji<br \/>\nFabriqu\u00e9 aux \u00c9tats-Unis<\/p>\n<p><iframe title=\"Microtech Combat Troodon Torture Test\" width=\"800\" height=\"450\" src=\"https:\/\/www.youtube.com\/embed\/xE9TeOFYEjg?feature=oembed\" frameborder=\"0\" allow=\"accelerometer; autoplay; clipboard-write; encrypted-media; gyroscope; picture-in-picture; web-share\" allowfullscreen><\/iframe><\/p>\n<p>&nbsp;<\/p>\n<p>Borka Blades SBD Lame fixe \u00e0 double tranchant Stonewash<br \/>\nMicrotechnologie<\/p>\n<p>La lame fixe SBD est une pi\u00e8ce mena\u00e7ante du coutelier personnalis\u00e9 Sebastijan Berenji, alias Borka, bas\u00e9e sur son design SBK. Il s&rsquo;agit d&rsquo;une \u00e9volution du SBK, qui avait une forme de lame persane relev\u00e9e, la rempla\u00e7ant par une forme de poignard large \u00e0 double tranchant, d&rsquo;o\u00f9 le D dans le nom. Il comporte quatre magnifiques biseaux qui aboutissent \u00e0 une pointe parfaite, un joli prot\u00e8ge-doigt et une rainure de sang avec des trous \u00e9claircissants. La poign\u00e9e est en G10 magnifiquement frais\u00e9e pour une belle prise ergonomique, cr\u00e9ant une harmonie parfaite entre l&rsquo;utilisateur et l&rsquo;instrument. Il est profil\u00e9 aux bons endroits pour vous permettre d&rsquo;indexer le couteau dans plusieurs prises. Le SBD compact d\u00e9gage des prouesses tactiques avec le style qui est un incontournable des lames Borka et est livr\u00e9 dans une gaine Kydex en fibre de carbone \u00e0 ajustement par friction avec Tek-Lok. Fabriqu\u00e9 aux \u00c9tats-Unis par Microtech Knives.<br \/>\nCaract\u00e9ristiques<\/p>\n<p>Longueur de la lame : 4,375&Prime;<br \/>\nTranchant : 4,25&Prime;<br \/>\nLongueur du manche : 4,50&Prime;<br \/>\nLongueur totale&nbsp;: 9,0&Prime;<br \/>\nMat\u00e9riau de la lame&nbsp;: L&rsquo;acier de la lame pour cette ann\u00e9e sera M390 &#8211; jusqu&rsquo;\u00e0 \u00e9puisement des stocks de m\u00e9tal, les lames peuvent \u00e9galement \u00eatre Elmax ou CTS-240P<br \/>\n\u00c9paisseur de la lame : 0,195&Prime;<br \/>\nStyle de lame&nbsp;:&nbsp;Dague \u00e0 double tranchant<br \/>\nMeulage de la lame&nbsp;:&nbsp;Plat<br \/>\nFinition de la lame&nbsp;: Stonewash<br \/>\nMat\u00e9riau du manche : G10 noir frais\u00e9<br \/>\n\u00c9paisseur du manche : 0,68&Prime;<br \/>\nMat\u00e9riau de la gaine : Kydex finition fibre de carbone<br \/>\nPoids : 6,4 onces.<br \/>\nPoids avec gaine&nbsp;: 10,1 oz.<br \/>\nCr\u00e9ateur : S\u00e9bastien Berenji<br \/>\nFabriqu\u00e9 aux Etats-Unis<\/p>\n<p>&nbsp;<\/p>\n","protected":false},"excerpt":{"rendered":"<div class=\"elementor-element elementor-element-bbb542b elementor-widget elementor-widget-woocommerce-product-short-description\" data-id=\"bbb542b\" data-element_type=\"widget\" data-widget_type=\"woocommerce-product-short-description.default\">\n<div class=\"elementor-widget-container\">\n<div class=\"woocommerce-product-details__short-description\">\n<p>Au fil des ann\u00e9es <strong>, Microtech\u00ae Knives<\/strong> a rempli les couteaux avec passion et comp\u00e9tence pour cr\u00e9er presque des \u0153uvres d&rsquo;art qui sont le summum de la fonctionnalit\u00e9. Toutes les pi\u00e8ces sont fabriqu\u00e9es aux \u00c9tats-Unis.<br \/>\n<strong>Tous les couteaux Microtech sont garantis \u00e0 vie.<\/strong><\/p>\n<p><strong>Transports gratuits.<\/strong><\/p>\n<\/div>\n<\/div>\n<\/div>\n<p>&nbsp;<\/p>\n<p>&nbsp;<\/p>\n","protected":false},"featured_media":318663,"comment_status":"open","ping_status":"closed","template":"","meta":[],"pwb-brand":[3751],"product_brand":[],"product_cat":[3697,3696],"product_tag":[3754],"class_list":{"0":"post-318658","1":"product","2":"type-product","3":"status-publish","4":"has-post-thumbnail","6":"pwb-brand-microtechnologie","7":"product_cat-couteaux-solides","8":"product_cat-des-couteaux","9":"product_tag-b2b-fr","11":"first","12":"instock","13":"taxable","14":"shipping-taxable","15":"purchasable","16":"product-type-simple"},"brands":[{"id":3751,"name":"Microtechnologie","slug":"microtechnologie"}],"_links":{"self":[{"href":"https:\/\/www.moskito.cz\/fr\/wp-json\/wp\/v2\/product\/318658","targetHints":{"allow":["GET"]}}],"collection":[{"href":"https:\/\/www.moskito.cz\/fr\/wp-json\/wp\/v2\/product"}],"about":[{"href":"https:\/\/www.moskito.cz\/fr\/wp-json\/wp\/v2\/types\/product"}],"replies":[{"embeddable":true,"href":"https:\/\/www.moskito.cz\/fr\/wp-json\/wp\/v2\/comments?post=318658"}],"wp:featuredmedia":[{"embeddable":true,"href":"https:\/\/www.moskito.cz\/fr\/wp-json\/wp\/v2\/media\/318663"}],"wp:attachment":[{"href":"https:\/\/www.moskito.cz\/fr\/wp-json\/wp\/v2\/media?parent=318658"}],"wp:term":[{"taxonomy":"pwb-brand","embeddable":true,"href":"https:\/\/www.moskito.cz\/fr\/wp-json\/wp\/v2\/pwb-brand?post=318658"},{"taxonomy":"product_brand","embeddable":true,"href":"https:\/\/www.moskito.cz\/fr\/wp-json\/wp\/v2\/product_brand?post=318658"},{"taxonomy":"product_cat","embeddable":true,"href":"https:\/\/www.moskito.cz\/fr\/wp-json\/wp\/v2\/product_cat?post=318658"},{"taxonomy":"product_tag","embeddable":true,"href":"https:\/\/www.moskito.cz\/fr\/wp-json\/wp\/v2\/product_tag?post=318658"}],"curies":[{"name":"wp","href":"https:\/\/api.w.org\/{rel}","templated":true}]}}