{"id":318674,"date":"2023-07-07T13:41:32","date_gmt":"2024-03-18T12:18:28","guid":{"rendered":"https:\/\/www.moskito.cz\/produkt\/couteau-fixe-microtech-borka-apocalyptic-stonewash-blade-201-12ap\/"},"modified":"2025-05-07T11:05:13","modified_gmt":"2025-05-07T10:05:13","slug":"couteau-fixe-microtech-borka-apocalyptic-stonewash-blade-201-12ap","status":"publish","type":"product","link":"https:\/\/www.moskito.cz\/fr\/produkt\/couteau-fixe-microtech-borka-apocalyptic-stonewash-blade-201-12ap\/","title":{"rendered":"Couteau fixe Microtech\/Borka Apocalyptic Stonewash Blade 201-12AP"},"content":{"rendered":"<p>Couteau fixe <strong>Microtech<\/strong> \/ Borka Apocalyptic Stonewash Blade 201-12AP<\/p>\n<p>La lame fixe SBD est une pi\u00e8ce mena\u00e7ante du coutelier personnalis\u00e9 Sebastjan Berenji (Borka Blades) bas\u00e9e sur son propre design SBD, une version de son c\u00e9l\u00e8bre couteau SBK avec une forme de lame persane relev\u00e9e. Il a une pointe carr\u00e9e avec un sillon sanguin et des trous. La poign\u00e9e SBD est fabriqu\u00e9e \u00e0 partir de G10 esth\u00e9tiquement frais\u00e9 \u00e0 la perfection pour une ergonomie de pr\u00e9hension. Livr\u00e9 avec un \u00e9tui en kydex.<\/p>\n<p>Concepteur : Sebastijan Berenji &#8211; Borka Blades<br \/>\nLongueur totale : 22,5 cm<br \/>\nLame&nbsp;:&nbsp;11 cm \u00e0 double tranchant, Stonewash apocalyptique, dentel\u00e9e<br \/>\nManche : <span id=\"cwos\" class=\"qv3Wpe\">11,25<\/span> cm G10 noir (frais\u00e9)<br \/>\nFourreau : Kydex<br \/>\nPoids : 6,5 onces<br \/>\nPoids avec veste : 10,1 oz<br \/>\nFabriqu\u00e9 aux \u00c9tats-Unis<br \/>\nMod\u00e8le&nbsp;: 201-12AP<\/p>\n<p><iframe title=\"Microtech Combat Troodon Torture Test\" width=\"800\" height=\"450\" src=\"https:\/\/www.youtube.com\/embed\/xE9TeOFYEjg?feature=oembed\" frameborder=\"0\" allow=\"accelerometer; autoplay; clipboard-write; encrypted-media; gyroscope; picture-in-picture; web-share\" allowfullscreen><\/iframe><\/p>\n<p>&nbsp;<\/p>\n","protected":false},"excerpt":{"rendered":"<div class=\"elementor-element elementor-element-bbb542b elementor-widget elementor-widget-woocommerce-product-short-description\" data-id=\"bbb542b\" data-element_type=\"widget\" data-widget_type=\"woocommerce-product-short-description.default\">\n<div class=\"elementor-widget-container\">\n<div class=\"woocommerce-product-details__short-description\">\n<p><strong>Au fil des ann\u00e9es, Microtech\u00ae Knives a rempli les couteaux avec passion et comp\u00e9tence pour cr\u00e9er presque des \u0153uvres d&rsquo;art qui sont le summum de la fonctionnalit\u00e9. Toutes les pi\u00e8ces sont fabriqu\u00e9es aux \u00c9tats-Unis.<\/strong><br \/>\n<strong>Tous les couteaux Microtech sont garantis \u00e0 vie.<\/strong><\/p>\n<p><strong>Transports gratuits.<\/strong><\/p>\n<\/div>\n<\/div>\n<\/div>\n","protected":false},"featured_media":318679,"comment_status":"open","ping_status":"closed","template":"","meta":[],"pwb-brand":[3751],"product_brand":[],"product_cat":[3697,3696],"product_tag":[3754],"class_list":{"0":"post-318674","1":"product","2":"type-product","3":"status-publish","4":"has-post-thumbnail","6":"pwb-brand-microtechnologie","7":"product_cat-couteaux-solides","8":"product_cat-des-couteaux","9":"product_tag-b2b-fr","11":"first","12":"instock","13":"taxable","14":"shipping-taxable","15":"purchasable","16":"product-type-simple"},"brands":[{"id":3751,"name":"Microtechnologie","slug":"microtechnologie"}],"_links":{"self":[{"href":"https:\/\/www.moskito.cz\/fr\/wp-json\/wp\/v2\/product\/318674","targetHints":{"allow":["GET"]}}],"collection":[{"href":"https:\/\/www.moskito.cz\/fr\/wp-json\/wp\/v2\/product"}],"about":[{"href":"https:\/\/www.moskito.cz\/fr\/wp-json\/wp\/v2\/types\/product"}],"replies":[{"embeddable":true,"href":"https:\/\/www.moskito.cz\/fr\/wp-json\/wp\/v2\/comments?post=318674"}],"wp:featuredmedia":[{"embeddable":true,"href":"https:\/\/www.moskito.cz\/fr\/wp-json\/wp\/v2\/media\/318679"}],"wp:attachment":[{"href":"https:\/\/www.moskito.cz\/fr\/wp-json\/wp\/v2\/media?parent=318674"}],"wp:term":[{"taxonomy":"pwb-brand","embeddable":true,"href":"https:\/\/www.moskito.cz\/fr\/wp-json\/wp\/v2\/pwb-brand?post=318674"},{"taxonomy":"product_brand","embeddable":true,"href":"https:\/\/www.moskito.cz\/fr\/wp-json\/wp\/v2\/product_brand?post=318674"},{"taxonomy":"product_cat","embeddable":true,"href":"https:\/\/www.moskito.cz\/fr\/wp-json\/wp\/v2\/product_cat?post=318674"},{"taxonomy":"product_tag","embeddable":true,"href":"https:\/\/www.moskito.cz\/fr\/wp-json\/wp\/v2\/product_tag?post=318674"}],"curies":[{"name":"wp","href":"https:\/\/api.w.org\/{rel}","templated":true}]}}