{"id":318691,"date":"2023-05-08T18:27:28","date_gmt":"2024-03-18T12:18:29","guid":{"rendered":"https:\/\/www.moskito.cz\/produkt\/couteau-fixe-microtech-lames-borka-stonewashed-201-11-sbd\/"},"modified":"2025-05-07T11:05:13","modified_gmt":"2025-05-07T10:05:13","slug":"couteau-fixe-microtech-lames-borka-stonewashed-201-11-sbd","status":"publish","type":"product","link":"https:\/\/www.moskito.cz\/fr\/produkt\/couteau-fixe-microtech-lames-borka-stonewashed-201-11-sbd\/","title":{"rendered":"Couteau Fixe Microtech\/Lames Borka Stonewashed 201-11 SBD"},"content":{"rendered":"<p>Couteau Fixe <strong>Microtech<\/strong> \/Borka Blades Stonewashed 201-11 SBD<\/p>\n<p>La lame fixe SBD est une pi\u00e8ce mena\u00e7ante du coutelier personnalis\u00e9 Sebastjan Berenji, alias Bork, bas\u00e9e sur son design SBK. Il s&rsquo;agit d&rsquo;une \u00e9volution du SBK qui reprenait la forme relev\u00e9e de la lame persane et la rempla\u00e7ait par une large dague \u00e0 double tranchant, d&rsquo;o\u00f9 le D dans le nom. Il comporte quatre magnifiques biseaux culminant dans un orteil parfait, un joli prot\u00e8ge-orteil et une rainure sanglante avec des trous d&rsquo;\u00e9claircissement. Le manche est en G10 joliment frais\u00e9 pour une prise en main ergonomique agr\u00e9able et cr\u00e9e une parfaite harmonie entre l&rsquo;utilisateur et l&rsquo;outil. Il est fa\u00e7onn\u00e9 aux bons endroits pour vous permettre d&rsquo;indexer le couteau dans plusieurs prises. Le SBD compact respire les prouesses tactiques avec le style qui est la pierre angulaire des lames Borka, et est livr\u00e9 avec une surface de glissement \u00e0 friction en fibre de carbone Kydex avec un clip de ceinture solide. Fabriqu\u00e9 aux \u00c9tats-Unis par Microtech Knives.<\/p>\n<p>Caract\u00e9ristiques<br \/>\nLongueur de la lame : 11 cm<br \/>\nLongueur totale : 23 cm<br \/>\nMat\u00e9riau de la lame&nbsp;: L&rsquo;acier de la lame pour cette ann\u00e9e sera M390 &#8211; jusqu&rsquo;\u00e0 \u00e9puisement des stocks, les lames peuvent \u00e9galement \u00eatre Elmax ou CTS-240P<br \/>\nStyle de lame&nbsp;:&nbsp;Dague \u00e0 double tranchant<br \/>\nMeulage de la lame&nbsp;:&nbsp;Plat<br \/>\nTraitement de surface de la lame : Stonewash<br \/>\nMat\u00e9riau du manche : G10 noir frais\u00e9<br \/>\nMat\u00e9riau de la gaine : Kydex finition fibre de carbone<br \/>\nPoids : 6,4 onces.<br \/>\nPoids avec \u00e9tui : 10,1 oz.<br \/>\nCr\u00e9ateur : S\u00e9bastien Berenji<br \/>\nFabriqu\u00e9 aux \u00c9tats-Unis<\/p>\n<p><iframe title=\"Microtech Combat Troodon Torture Test\" width=\"800\" height=\"450\" src=\"https:\/\/www.youtube.com\/embed\/xE9TeOFYEjg?feature=oembed\" frameborder=\"0\" allow=\"accelerometer; autoplay; clipboard-write; encrypted-media; gyroscope; picture-in-picture; web-share\" allowfullscreen><\/iframe><\/p>\n<p>&nbsp;<\/p>\n","protected":false},"excerpt":{"rendered":"<p>Au fil des ann\u00e9es, Microtech\u00ae Knives a rempli les couteaux avec passion et comp\u00e9tence pour cr\u00e9er presque des \u0153uvres d&rsquo;art qui sont le summum de la fonctionnalit\u00e9. Toutes les pi\u00e8ces sont fabriqu\u00e9es aux \u00c9tats-Unis.<br \/>\n<strong>Tous les couteaux Microtech sont garantis \u00e0 vie.<\/strong><\/p>\n<p><strong>Transports gratuits.<\/strong><\/p>\n","protected":false},"featured_media":318694,"comment_status":"open","ping_status":"closed","template":"","meta":[],"pwb-brand":[3751],"product_brand":[],"product_cat":[3697,3696],"product_tag":[3754],"class_list":{"0":"post-318691","1":"product","2":"type-product","3":"status-publish","4":"has-post-thumbnail","6":"pwb-brand-microtechnologie","7":"product_cat-couteaux-solides","8":"product_cat-des-couteaux","9":"product_tag-b2b-fr","11":"first","12":"outofstock","13":"taxable","14":"shipping-taxable","15":"purchasable","16":"product-type-simple"},"brands":[{"id":3751,"name":"Microtechnologie","slug":"microtechnologie"}],"_links":{"self":[{"href":"https:\/\/www.moskito.cz\/fr\/wp-json\/wp\/v2\/product\/318691","targetHints":{"allow":["GET"]}}],"collection":[{"href":"https:\/\/www.moskito.cz\/fr\/wp-json\/wp\/v2\/product"}],"about":[{"href":"https:\/\/www.moskito.cz\/fr\/wp-json\/wp\/v2\/types\/product"}],"replies":[{"embeddable":true,"href":"https:\/\/www.moskito.cz\/fr\/wp-json\/wp\/v2\/comments?post=318691"}],"wp:featuredmedia":[{"embeddable":true,"href":"https:\/\/www.moskito.cz\/fr\/wp-json\/wp\/v2\/media\/318694"}],"wp:attachment":[{"href":"https:\/\/www.moskito.cz\/fr\/wp-json\/wp\/v2\/media?parent=318691"}],"wp:term":[{"taxonomy":"pwb-brand","embeddable":true,"href":"https:\/\/www.moskito.cz\/fr\/wp-json\/wp\/v2\/pwb-brand?post=318691"},{"taxonomy":"product_brand","embeddable":true,"href":"https:\/\/www.moskito.cz\/fr\/wp-json\/wp\/v2\/product_brand?post=318691"},{"taxonomy":"product_cat","embeddable":true,"href":"https:\/\/www.moskito.cz\/fr\/wp-json\/wp\/v2\/product_cat?post=318691"},{"taxonomy":"product_tag","embeddable":true,"href":"https:\/\/www.moskito.cz\/fr\/wp-json\/wp\/v2\/product_tag?post=318691"}],"curies":[{"name":"wp","href":"https:\/\/api.w.org\/{rel}","templated":true}]}}