{"id":318757,"date":"2024-03-18T13:34:09","date_gmt":"2024-03-18T12:36:38","guid":{"rendered":"https:\/\/www.moskito.cz\/produkt\/couteau-de-tir-microtech-borka-blades-tactique-stitch-169-2t\/"},"modified":"2025-05-07T11:05:14","modified_gmt":"2025-05-07T10:05:14","slug":"couteau-de-tir-microtech-borka-blades-tactique-stitch-169-2t","status":"publish","type":"product","link":"https:\/\/www.moskito.cz\/fr\/produkt\/couteau-de-tir-microtech-borka-blades-tactique-stitch-169-2t\/","title":{"rendered":"Couteau de tir Microtech\/Borka Blades Tactique Stitch 169-2T"},"content":{"rendered":"<p>Couteau de tir <strong>Microtech\/Borka<\/strong> Blades Tactique Stitch 169-2T.<\/p>\n<p>Une belle collaboration tactique entre Tony Marfione et Sebastijan Berenji, AKA Borka. Il prend l&rsquo;incroyable design Stitch de Sebastijan et le combine avec l&rsquo;incroyable ouverture automatique de Tony pour cr\u00e9er l&rsquo;une des collaborations de production les plus \u00e9tonnantes de 2017. La lame en fer de lance de 3,625 pouces pr\u00e9sente une meule plate, une finition apocalyptique et un moletage sur les doigts et la rampe du pouce. un excellent achat pour des op\u00e9rations de coupe plus fines. La poign\u00e9e est en aluminium fortement frais\u00e9 avec une finition anodis\u00e9e noire Mil-Spec Hardcoat et une entretoise arri\u00e8re en aluminium. Il tire comme une fus\u00e9e et se verrouille herm\u00e9tiquement, ce qui est un exploit impressionnant \u00e9tant donn\u00e9 qu&rsquo;il s&rsquo;agit d&rsquo;un AUTO. Il s&rsquo;agit du mod\u00e8le de production tant attendu de la c\u00e9l\u00e8bre coutume, vous donnant la chance de poss\u00e9der un couteau Borka pour une fraction du prix.<\/p>\n<p>Caract\u00e9ristiques:<\/p>\n<p>Longueur de la lame : 8,5 cm<br \/>\nLongueur du manche : 12,5 cm<br \/>\nLongueur totale : 21 cm<br \/>\nAcier : M390<br \/>\nStyle de lame&nbsp;: pointe de lance<br \/>\nMeulage de la lame&nbsp;:&nbsp;Plat<br \/>\nFinition de la lame&nbsp;: DLC noir<br \/>\nMat\u00e9riau de la poign\u00e9e&nbsp;: aluminium frais\u00e9, rev\u00eatement dur anodis\u00e9 Mil-Spec<br \/>\nM\u00e9canisme de verrouillage : Bouton<br \/>\nClip de poche&nbsp;: acier inoxydable (d\u00e9pliable, \u00e0 porter \u00e0 droite)<br \/>\nPoids : 6,3 onces.<br \/>\nCr\u00e9ateurs : Sebastijan Berenji et Tony Marfione<br \/>\nFabriqu\u00e9 aux \u00c9tats-Unis<\/p>\n<p><iframe title=\"Microtech Combat Troodon Torture Test\" width=\"800\" height=\"450\" src=\"https:\/\/www.youtube.com\/embed\/xE9TeOFYEjg?feature=oembed\" frameborder=\"0\" allow=\"accelerometer; autoplay; clipboard-write; encrypted-media; gyroscope; picture-in-picture; web-share\" allowfullscreen><\/iframe><\/p>\n<p>&nbsp;<\/p>\n","protected":false},"excerpt":{"rendered":"<div class=\"elementor-element elementor-element-bbb542b elementor-widget elementor-widget-woocommerce-product-short-description\" data-id=\"bbb542b\" data-element_type=\"widget\" data-widget_type=\"woocommerce-product-short-description.default\">\n<div class=\"elementor-widget-container\">\n<div class=\"woocommerce-product-details__short-description\">\n<p><strong>Au fil des ann\u00e9es, Microtech\u00ae Knives a rempli les couteaux avec passion et comp\u00e9tence pour cr\u00e9er presque des \u0153uvres d&rsquo;art qui sont le summum de la fonctionnalit\u00e9. Toutes les pi\u00e8ces sont fabriqu\u00e9es aux \u00c9tats-Unis.<\/strong><br \/>\n<strong>Tous les couteaux Microtech sont garantis \u00e0 vie.<\/strong><\/p>\n<p><strong>Transports gratuits.<\/strong><\/p>\n<\/div>\n<\/div>\n<\/div>\n","protected":false},"featured_media":318709,"comment_status":"open","ping_status":"closed","template":"","meta":[],"pwb-brand":[3751],"product_brand":[],"product_cat":[3699,3696],"product_tag":[3754],"class_list":{"0":"post-318757","1":"product","2":"type-product","3":"status-publish","4":"has-post-thumbnail","6":"pwb-brand-microtechnologie","7":"product_cat-couteaux-de-tir","8":"product_cat-des-couteaux","9":"product_tag-b2b-fr","11":"first","12":"outofstock","13":"taxable","14":"shipping-taxable","15":"purchasable","16":"product-type-simple"},"brands":[{"id":3751,"name":"Microtechnologie","slug":"microtechnologie"}],"_links":{"self":[{"href":"https:\/\/www.moskito.cz\/fr\/wp-json\/wp\/v2\/product\/318757","targetHints":{"allow":["GET"]}}],"collection":[{"href":"https:\/\/www.moskito.cz\/fr\/wp-json\/wp\/v2\/product"}],"about":[{"href":"https:\/\/www.moskito.cz\/fr\/wp-json\/wp\/v2\/types\/product"}],"replies":[{"embeddable":true,"href":"https:\/\/www.moskito.cz\/fr\/wp-json\/wp\/v2\/comments?post=318757"}],"wp:featuredmedia":[{"embeddable":true,"href":"https:\/\/www.moskito.cz\/fr\/wp-json\/wp\/v2\/media\/318709"}],"wp:attachment":[{"href":"https:\/\/www.moskito.cz\/fr\/wp-json\/wp\/v2\/media?parent=318757"}],"wp:term":[{"taxonomy":"pwb-brand","embeddable":true,"href":"https:\/\/www.moskito.cz\/fr\/wp-json\/wp\/v2\/pwb-brand?post=318757"},{"taxonomy":"product_brand","embeddable":true,"href":"https:\/\/www.moskito.cz\/fr\/wp-json\/wp\/v2\/product_brand?post=318757"},{"taxonomy":"product_cat","embeddable":true,"href":"https:\/\/www.moskito.cz\/fr\/wp-json\/wp\/v2\/product_cat?post=318757"},{"taxonomy":"product_tag","embeddable":true,"href":"https:\/\/www.moskito.cz\/fr\/wp-json\/wp\/v2\/product_tag?post=318757"}],"curies":[{"name":"wp","href":"https:\/\/api.w.org\/{rel}","templated":true}]}}