{"id":318763,"date":"2022-10-08T11:56:42","date_gmt":"2024-03-18T12:47:21","guid":{"rendered":"https:\/\/www.moskito.cz\/produkt\/couteau-fixe-microtech-bastinelli-creations-signature-series-215-1-dlcs\/"},"modified":"2025-05-07T11:05:15","modified_gmt":"2025-05-07T10:05:15","slug":"couteau-fixe-microtech-bastinelli-creations-signature-series-215-1-dlcs","status":"publish","type":"product","link":"https:\/\/www.moskito.cz\/fr\/produkt\/couteau-fixe-microtech-bastinelli-creations-signature-series-215-1-dlcs\/","title":{"rendered":"Couteau fixe Microtech\/Bastinelli Creations Signature Series 215-1 DLCS"},"content":{"rendered":"<p>Couteau fixe <strong>Microtech\/Bastinelli<\/strong> Creations Signature Series 215-1 DLCS.<\/p>\n<p>Le Feather est le genre de couteau qui fait le travail. Sans fioritures, cloches ou sifflets, c&rsquo;est une pi\u00e8ce usin\u00e9e en acier \u00e0 outils D2 avec une lame de faucon d\u00e9vastatrice, un anneau rose et une excellente texture sur le manche. Cette lame fixe monobloc est con\u00e7ue pour \u00eatre retir\u00e9e de la gaine en un \u00e9clair et pr\u00eate \u00e0 l&#8217;emploi imm\u00e9diatement. L&rsquo;\u00e9tui Kydex coup\u00e9 par friction inclus est dot\u00e9 d&rsquo;un clip de transport discret (IWB) qui maintient le couteau \u00e0 port\u00e9e de main et pr\u00eat \u00e0 frapper. Il brille dans un sc\u00e9nario tactique de dernier recours, mais fonctionne aussi bien qu&rsquo;une lame fixe pour un transport quotidien.<\/p>\n<p>Caract\u00e9ristiques<br \/>\nLongueur de la lame : 7,5 cm<br \/>\nTranchant : 7,18 cm<br \/>\nLongueur du manche : 12,5 cm<br \/>\nLongueur totale : 20 cm<br \/>\nMat\u00e9riau de la lame : Acier \u00e0 outils D2<br \/>\n\u00c9paisseur de la lame : 0,36 cm<br \/>\nStyle de lame&nbsp;: Hawkbill<br \/>\nMeulage de la lame&nbsp;:&nbsp;Plat<br \/>\nFinition de la lame&nbsp;: DLC noir<br \/>\nMat\u00e9riau du manche : Acier \u00e0 outils D2<br \/>\nMat\u00e9riau de la gaine&nbsp;: Kydex avec clip IWB<br \/>\nPoids : 2,4 onces.<br \/>\nPoids avec \u00e9tui : 3,7 oz.<br \/>\nFabriqu\u00e9 aux \u00c9tats-Unis<\/p>\n<p><iframe title=\"Microtech Combat Troodon Torture Test\" width=\"800\" height=\"450\" src=\"https:\/\/www.youtube.com\/embed\/xE9TeOFYEjg?feature=oembed\" frameborder=\"0\" allow=\"accelerometer; autoplay; clipboard-write; encrypted-media; gyroscope; picture-in-picture; web-share\" allowfullscreen><\/iframe><\/p>\n<p>&nbsp;<\/p>\n<p>&nbsp;<\/p>\n","protected":false},"excerpt":{"rendered":"<p><strong>Au fil des ann\u00e9es, Microtech\u00ae Knives a rempli les couteaux avec passion et comp\u00e9tence pour cr\u00e9er presque des \u0153uvres d&rsquo;art qui sont le summum de la fonctionnalit\u00e9. Toutes les pi\u00e8ces sont fabriqu\u00e9es aux \u00c9tats-Unis.<\/strong><br \/>\n<strong>Tous les couteaux Microtech sont garantis \u00e0 vie.<\/strong><\/p>\n<p><strong>Transports gratuits.<\/strong><\/p>\n","protected":false},"featured_media":318764,"comment_status":"open","ping_status":"closed","template":"","meta":[],"pwb-brand":[3751],"product_brand":[],"product_cat":[3697,3696],"product_tag":[3754],"class_list":{"0":"post-318763","1":"product","2":"type-product","3":"status-publish","4":"has-post-thumbnail","6":"pwb-brand-microtechnologie","7":"product_cat-couteaux-solides","8":"product_cat-des-couteaux","9":"product_tag-b2b-fr","11":"first","12":"outofstock","13":"taxable","14":"shipping-taxable","15":"purchasable","16":"product-type-simple"},"brands":[{"id":3751,"name":"Microtechnologie","slug":"microtechnologie"}],"_links":{"self":[{"href":"https:\/\/www.moskito.cz\/fr\/wp-json\/wp\/v2\/product\/318763","targetHints":{"allow":["GET"]}}],"collection":[{"href":"https:\/\/www.moskito.cz\/fr\/wp-json\/wp\/v2\/product"}],"about":[{"href":"https:\/\/www.moskito.cz\/fr\/wp-json\/wp\/v2\/types\/product"}],"replies":[{"embeddable":true,"href":"https:\/\/www.moskito.cz\/fr\/wp-json\/wp\/v2\/comments?post=318763"}],"wp:featuredmedia":[{"embeddable":true,"href":"https:\/\/www.moskito.cz\/fr\/wp-json\/wp\/v2\/media\/318764"}],"wp:attachment":[{"href":"https:\/\/www.moskito.cz\/fr\/wp-json\/wp\/v2\/media?parent=318763"}],"wp:term":[{"taxonomy":"pwb-brand","embeddable":true,"href":"https:\/\/www.moskito.cz\/fr\/wp-json\/wp\/v2\/pwb-brand?post=318763"},{"taxonomy":"product_brand","embeddable":true,"href":"https:\/\/www.moskito.cz\/fr\/wp-json\/wp\/v2\/product_brand?post=318763"},{"taxonomy":"product_cat","embeddable":true,"href":"https:\/\/www.moskito.cz\/fr\/wp-json\/wp\/v2\/product_cat?post=318763"},{"taxonomy":"product_tag","embeddable":true,"href":"https:\/\/www.moskito.cz\/fr\/wp-json\/wp\/v2\/product_tag?post=318763"}],"curies":[{"name":"wp","href":"https:\/\/api.w.org\/{rel}","templated":true}]}}