{"id":318797,"date":"2024-03-14T17:14:52","date_gmt":"2024-03-18T13:02:39","guid":{"rendered":"https:\/\/www.moskito.cz\/produkt\/couteau-de-fermeture-du-chasseur-emerson-combat-systems\/"},"modified":"2025-05-07T11:05:16","modified_gmt":"2025-05-07T10:05:16","slug":"couteau-de-fermeture-du-chasseur-emerson-combat-systems","status":"publish","type":"product","link":"https:\/\/www.moskito.cz\/fr\/produkt\/couteau-de-fermeture-du-chasseur-emerson-combat-systems\/","title":{"rendered":"Couteau de fermeture du chasseur Emerson Combat Systems"},"content":{"rendered":"<p>Couteau de fermeture du chasseur <strong>Emerson<\/strong> Combat Systems<\/p>\n<p>Le syst\u00e8me de combat d&rsquo;Emerson est bas\u00e9 sur des principes et des attributs. Les principes sont les \u00e9l\u00e9ments qui fonctionnent dans un environnement de combat, et les attributs sont l&rsquo;ensemble des comp\u00e9tences et l&rsquo;attitude qu&rsquo;un individu apporte au combat. En tant qu&rsquo;instructeur et membre du Temple de la renomm\u00e9e de la ceinture noire <strong>, Ernest Emerson<\/strong> a enseign\u00e9 son syst\u00e8me aux militaires, aux forces de l&rsquo;ordre et aux civils du monde entier. En tant que concepteur de couteaux, il a cr\u00e9\u00e9 certaines des armes blanches les plus reconnues et les plus recherch\u00e9es au monde. Ernest Emerson conna\u00eet intimement quels sont ces principes et attributs. Deux de ces principes, l&rsquo;\u00e9conomie de mouvement et l&rsquo;efficacit\u00e9 de l&rsquo;action, sont exprim\u00e9s de mani\u00e8re dramatique et parfaitement \u00e9quilibr\u00e9e dans le chasseur Emerson Combat Systems. ECS Fighter est simple, brutal et \u00e9l\u00e9gant. En termes d&rsquo;attitude, c&rsquo;est du pur <strong>Emerson<\/strong> . Vous d\u00e9cidez vous-m\u00eame.<\/p>\n<p>Tiges&nbsp;:&nbsp;G-10<br \/>\nAcier de la lame : 154 cm<br \/>\nFinition&nbsp;: Stone Washed ou rev\u00eatement noir<br \/>\nLongueur totale : 22,25 cm<br \/>\nLongueur de la lame : 9,5 cm<br \/>\n\u00c9paisseur de la lame 0,125 pouces<br \/>\nDuret\u00e9 57-59RC<\/p>\n<p>&nbsp;<\/p>\n","protected":false},"excerpt":{"rendered":"<p><strong>LES COUTEAUX EMERSON SONT RECHERCH\u00c9S PAR LES MILITAIRES D&rsquo;\u00c9LITE ET LES APPLICATIONS DE LA LOI<\/strong><br \/>\n<strong>PAR LES TROUPES DU MONDE ENTIER ET \u00c9TABLISSEMENT LA NORME PAR LAQUELLE TOUS LES AUTRES COUTEAUX TACTIQUES SONT JUG\u00c9S.<\/strong><\/p>\n<p>Transports gratuits.<\/p>\n","protected":false},"featured_media":316541,"comment_status":"open","ping_status":"closed","template":"","meta":[],"pwb-brand":[3784],"product_brand":[],"product_cat":[3700,3696],"product_tag":[],"class_list":{"0":"post-318797","1":"product","2":"type-product","3":"status-publish","4":"has-post-thumbnail","6":"pwb-brand-emerson-fr","7":"product_cat-couteaux-de-fermeture","8":"product_cat-des-couteaux","10":"first","11":"outofstock","12":"taxable","13":"shipping-taxable","14":"purchasable","15":"product-type-simple"},"brands":[{"id":3784,"name":"\u00c9merson","slug":"emerson-fr"}],"_links":{"self":[{"href":"https:\/\/www.moskito.cz\/fr\/wp-json\/wp\/v2\/product\/318797","targetHints":{"allow":["GET"]}}],"collection":[{"href":"https:\/\/www.moskito.cz\/fr\/wp-json\/wp\/v2\/product"}],"about":[{"href":"https:\/\/www.moskito.cz\/fr\/wp-json\/wp\/v2\/types\/product"}],"replies":[{"embeddable":true,"href":"https:\/\/www.moskito.cz\/fr\/wp-json\/wp\/v2\/comments?post=318797"}],"wp:featuredmedia":[{"embeddable":true,"href":"https:\/\/www.moskito.cz\/fr\/wp-json\/wp\/v2\/media\/316541"}],"wp:attachment":[{"href":"https:\/\/www.moskito.cz\/fr\/wp-json\/wp\/v2\/media?parent=318797"}],"wp:term":[{"taxonomy":"pwb-brand","embeddable":true,"href":"https:\/\/www.moskito.cz\/fr\/wp-json\/wp\/v2\/pwb-brand?post=318797"},{"taxonomy":"product_brand","embeddable":true,"href":"https:\/\/www.moskito.cz\/fr\/wp-json\/wp\/v2\/product_brand?post=318797"},{"taxonomy":"product_cat","embeddable":true,"href":"https:\/\/www.moskito.cz\/fr\/wp-json\/wp\/v2\/product_cat?post=318797"},{"taxonomy":"product_tag","embeddable":true,"href":"https:\/\/www.moskito.cz\/fr\/wp-json\/wp\/v2\/product_tag?post=318797"}],"curies":[{"name":"wp","href":"https:\/\/api.w.org\/{rel}","templated":true}]}}