{"id":318838,"date":"2019-04-14T16:47:41","date_gmt":"2024-03-18T13:12:51","guid":{"rendered":"https:\/\/www.moskito.cz\/produkt\/couteau-damas-pliant-boker-leopard-damast-iii-110239dam\/"},"modified":"2025-07-11T07:48:28","modified_gmt":"2025-07-11T06:48:28","slug":"couteau-damas-pliant-boker-leopard-damast-iii-110239dam","status":"publish","type":"product","link":"https:\/\/www.moskito.cz\/fr\/produkt\/couteau-damas-pliant-boker-leopard-damast-iii-110239dam\/","title":{"rendered":"Couteau damas pliant B\u00f6ker Leopard-Damast III 110239DAM"},"content":{"rendered":"<p>Couteau damas pliant B\u00f6ker <strong>Leopard-Damast III<\/strong> 110239DAM.<\/p>\n<p>De nombreux clients Boker leur ont demand\u00e9 de proposer l&rsquo;\u00e9dition Boker Leopard Damascus III Collection avec ailerons et bouton de pouce. Ce couteau de collection est dot\u00e9 d&rsquo;un magnifique insert Damas 180 couches en acier inoxydable, habilement plac\u00e9 \u00e0 la main dans l&rsquo;\u00e9chelle du manche. Cela donne au couteau de poche un nouvel attrait car l&rsquo;insert damass\u00e9 avec son motif \u00e9l\u00e9gant se marie tr\u00e8s bien avec la lame Leopard Damas forg\u00e9e \u00e0 la main. Le l\u00e9gendaire acier \u00e0 lame Boker est un favori de la communaut\u00e9 des couteaux depuis de nombreuses ann\u00e9es. Il est fabriqu\u00e9 \u00e0 partir d&rsquo;un canon de char L\u00e9opard, comporte 300 couches et une duret\u00e9 de 61 \u00e0 63 HRC. Avec clip de poche double face (pli\u00e9\/pli\u00e9). Livr\u00e9 avec \u00e9crin, certificat d&rsquo;authenticit\u00e9 et num\u00e9ro de s\u00e9rie individuel.<br \/>\nAcier Damas<\/p>\n<p>L&rsquo;acier Damas est le nom d&rsquo;un type d&rsquo;acier tr\u00e8s populaire au Moyen \u00c2ge et au d\u00e9but de l&rsquo;\u00e9poque moderne. Il doit son nom \u00e0 la ville syrienne de Damas, ancien centre commercial de couteaux et d&rsquo;\u00e9p\u00e9es dot\u00e9s de ce type de lame. L\u2019acier damas n\u2019est pas aussi largement utilis\u00e9 aujourd\u2019hui que l\u2019acier inoxydable ou l\u2019acier au carbone, mais il est toujours appr\u00e9ci\u00e9 pour son aspect d\u00e9coratif.<\/p>\n<p>L&rsquo;acier Damas est un acier composite, c&rsquo;est-\u00e0-dire un acier compos\u00e9 de deux ou plusieurs bases en acier aux propri\u00e9t\u00e9s diff\u00e9rentes. Le produit fini pr\u00e9sente une texture clairement visible compos\u00e9e de couches altern\u00e9es de mat\u00e9riaux de base. Pour fabriquer un composite, deux ou plusieurs types d\u2019acier sont utilis\u00e9s pour obtenir un produit fini qui combine leurs atouts. L&rsquo;acier Damas a \u00e9t\u00e9 d\u00e9velopp\u00e9 pour compenser les inconv\u00e9nients de l&rsquo;acier en tant que mat\u00e9riau utilis\u00e9 pour fabriquer des \u00e9p\u00e9es, des couteaux et d&rsquo;autres armes. L&rsquo;utilisation d&rsquo;acier dur ou doux pour fabriquer des lames pr\u00e9sente des avantages et des inconv\u00e9nients sp\u00e9cifiques : les lames en acier dur sont tr\u00e8s solides et conservent longtemps leur tranchant, mais elles sont \u00e9galement fragiles et se cassent rapidement. Les lames en acier doux, en revanche, ne se cassent pas, mais se plient rapidement et perdent leur tranchant.<\/p>\n<p>La combinaison d&rsquo;acier dur et doux typique de Damas donne un produit fini qui ne se brise pas (comme l&rsquo;acier doux) tout en offrant une bonne r\u00e9tention des bords (comme l&rsquo;acier dur). Les mat\u00e9riaux de base de l\u2019acier Damas sont g\u00e9n\u00e9ralement soud\u00e9s ensemble. Les couches d&rsquo;acier sont soud\u00e9es par forgeage selon le principe de base : les couches d&rsquo;acier plus fines sont meilleures et plus faciles \u00e0 assembler. Il n\u2019est pas rare de souder plusieurs centaines de couches sur une seule lame.<\/p>\n<p>L&rsquo;acier Damas ne joue plus de r\u00f4le dans la fabrication de lames aujourd&rsquo;hui en raison de la disponibilit\u00e9 de produits mono-acier (fabriqu\u00e9s \u00e0 partir d&rsquo;un seul type d&rsquo;acier) offrant les m\u00eames propri\u00e9t\u00e9s que celles obtenues dans l&rsquo;acier Damas en combinant deux ou plusieurs types d&rsquo;acier. L&rsquo;acier Damas est toujours appr\u00e9ci\u00e9 pour son ext\u00e9rieur d\u00e9coratif et sa longue histoire.<\/p>\n<p>Longueur totale : 22,5 cm<br \/>\nLongueur de la lame : 9,7 cm<br \/>\n\u00c9paisseur de la lame : 3,5 mm<br \/>\nPoids : 156g<br \/>\nMat\u00e9riau de la lame : Acier Damas<\/p>\n","protected":false},"excerpt":{"rendered":"<p>B\u00f6ker Solingen Manufaktur perp\u00e9tue la tradition allemande des couteaux c\u00e9l\u00e8bres depuis 1869.<br \/>\nTransports gratuits.<\/p>\n","protected":false},"featured_media":318803,"comment_status":"open","ping_status":"closed","template":"","meta":[],"pwb-brand":[3799],"product_brand":[],"product_cat":[3760,3696],"product_tag":[],"class_list":{"0":"post-318838","1":"product","2":"type-product","3":"status-publish","4":"has-post-thumbnail","6":"pwb-brand-boker-fr","7":"product_cat-couteaux-damasquines","8":"product_cat-des-couteaux","10":"first","11":"instock","12":"taxable","13":"shipping-taxable","14":"purchasable","15":"product-type-simple"},"brands":[{"id":3799,"name":"Boker","slug":"boker-fr"}],"_links":{"self":[{"href":"https:\/\/www.moskito.cz\/fr\/wp-json\/wp\/v2\/product\/318838","targetHints":{"allow":["GET"]}}],"collection":[{"href":"https:\/\/www.moskito.cz\/fr\/wp-json\/wp\/v2\/product"}],"about":[{"href":"https:\/\/www.moskito.cz\/fr\/wp-json\/wp\/v2\/types\/product"}],"replies":[{"embeddable":true,"href":"https:\/\/www.moskito.cz\/fr\/wp-json\/wp\/v2\/comments?post=318838"}],"wp:featuredmedia":[{"embeddable":true,"href":"https:\/\/www.moskito.cz\/fr\/wp-json\/wp\/v2\/media\/318803"}],"wp:attachment":[{"href":"https:\/\/www.moskito.cz\/fr\/wp-json\/wp\/v2\/media?parent=318838"}],"wp:term":[{"taxonomy":"pwb-brand","embeddable":true,"href":"https:\/\/www.moskito.cz\/fr\/wp-json\/wp\/v2\/pwb-brand?post=318838"},{"taxonomy":"product_brand","embeddable":true,"href":"https:\/\/www.moskito.cz\/fr\/wp-json\/wp\/v2\/product_brand?post=318838"},{"taxonomy":"product_cat","embeddable":true,"href":"https:\/\/www.moskito.cz\/fr\/wp-json\/wp\/v2\/product_cat?post=318838"},{"taxonomy":"product_tag","embeddable":true,"href":"https:\/\/www.moskito.cz\/fr\/wp-json\/wp\/v2\/product_tag?post=318838"}],"curies":[{"name":"wp","href":"https:\/\/api.w.org\/{rel}","templated":true}]}}