{"id":319034,"date":"2022-12-01T21:14:21","date_gmt":"2024-03-18T13:56:34","guid":{"rendered":"https:\/\/www.moskito.cz\/produkt\/couteau-fixe-extrema-ratio-nk3-au-noir\/"},"modified":"2025-05-07T11:05:20","modified_gmt":"2025-05-07T10:05:20","slug":"couteau-fixe-extrema-ratio-nk3-au-noir","status":"publish","type":"product","link":"https:\/\/www.moskito.cz\/fr\/produkt\/couteau-fixe-extrema-ratio-nk3-au-noir\/","title":{"rendered":"Couteau Fixe Extrema Ratio NK3 Au NOIR"},"content":{"rendered":"<p>Couteau Fixe <strong>Extrema Ratio<\/strong> NK3 Au NOIR<\/p>\n<p>Ce couteau \u00e9largit notre s\u00e9rie de couteaux de cou. Il est livr\u00e9 avec une lame tanto en acier N690, une rainure de sang sur la lame et un anneau au dos du manche. Gr\u00e2ce \u00e0 son \u00e9tui en kydex, il peut \u00eatre port\u00e9 autour du cou ou, lorsqu&rsquo;il est assembl\u00e9 avec d&rsquo;autres accessoires sp\u00e9ciaux (\u00e0 acheter s\u00e9par\u00e9ment), il peut \u00eatre attach\u00e9 \u00e0 une ceinture ou \u00e0 l&rsquo;\u00e9tui du syst\u00e8me Extrema Ratio cordura MOLLE. Il se d\u00e9cline en versions noir, pierre et d\u00e9sert. Disponible mais non inclus : BELT-CLIP (pour attacher l&rsquo;\u00e9tui \u00e0 la ceinture), polym\u00e8re UNDER SHIRT SYSTEM (pour un transport dissimul\u00e9).<\/p>\n<p>POIDS G&nbsp;: 95<br \/>\nPOIDS ONCES&nbsp;: 3,35<br \/>\nLONGUEUR DE LA LAME (MM): 70<br \/>\nLONGUEUR DE LA LAME (POUCES)&nbsp;: 2,75<br \/>\nLONGUEUR TOTALE (MM): 172<br \/>\nLONGUEUR TOTALE (H): 6,77<br \/>\n\u00c9PAISSEUR DE LA LAME (MM): 6,3<br \/>\n\u00c9PAISSEUR DE LA LAME (POUCES)&nbsp;: 0,24<br \/>\nMAT\u00c9RIAU DE LA LAME&nbsp;: ACIER B\u00d6HLER N690 (58HRC)<br \/>\nFINI DE LA LAME&nbsp;: NOIR<br \/>\nGRILLE PRINCIPALE&nbsp;: PLATE<br \/>\nMAT\u00c9RIAU DE LA POIGN\u00c9E&nbsp;: ACIER B\u00d6HLER N690 (58HRC)<\/p>\n","protected":false},"excerpt":{"rendered":"<p>Bas\u00e9e \u00e0 Prato, en Italie <strong>, Extrema Ratio<\/strong> con\u00e7oit et fabrique des couteaux de combat, militaires, de cuisine, de chasse et tactiques de haute performance depuis 1997 et jouit d&rsquo;une r\u00e9putation de qualit\u00e9 sup\u00e9rieure sans \u00e9gal dans l&rsquo;industrie des couteaux militaires et tactiques. <strong>Transports gratuits.<\/strong><\/p>\n","protected":false},"featured_media":319036,"comment_status":"open","ping_status":"closed","template":"","meta":[],"pwb-brand":[3767],"product_brand":[],"product_cat":[3697,3696],"product_tag":[3754],"class_list":{"0":"post-319034","1":"product","2":"type-product","3":"status-publish","4":"has-post-thumbnail","6":"pwb-brand-rapport-extreme","7":"product_cat-couteaux-solides","8":"product_cat-des-couteaux","9":"product_tag-b2b-fr","11":"first","12":"instock","13":"taxable","14":"shipping-taxable","15":"purchasable","16":"product-type-simple"},"brands":[{"id":3767,"name":"Rapport extr\u00eame","slug":"rapport-extreme"}],"_links":{"self":[{"href":"https:\/\/www.moskito.cz\/fr\/wp-json\/wp\/v2\/product\/319034","targetHints":{"allow":["GET"]}}],"collection":[{"href":"https:\/\/www.moskito.cz\/fr\/wp-json\/wp\/v2\/product"}],"about":[{"href":"https:\/\/www.moskito.cz\/fr\/wp-json\/wp\/v2\/types\/product"}],"replies":[{"embeddable":true,"href":"https:\/\/www.moskito.cz\/fr\/wp-json\/wp\/v2\/comments?post=319034"}],"wp:featuredmedia":[{"embeddable":true,"href":"https:\/\/www.moskito.cz\/fr\/wp-json\/wp\/v2\/media\/319036"}],"wp:attachment":[{"href":"https:\/\/www.moskito.cz\/fr\/wp-json\/wp\/v2\/media?parent=319034"}],"wp:term":[{"taxonomy":"pwb-brand","embeddable":true,"href":"https:\/\/www.moskito.cz\/fr\/wp-json\/wp\/v2\/pwb-brand?post=319034"},{"taxonomy":"product_brand","embeddable":true,"href":"https:\/\/www.moskito.cz\/fr\/wp-json\/wp\/v2\/product_brand?post=319034"},{"taxonomy":"product_cat","embeddable":true,"href":"https:\/\/www.moskito.cz\/fr\/wp-json\/wp\/v2\/product_cat?post=319034"},{"taxonomy":"product_tag","embeddable":true,"href":"https:\/\/www.moskito.cz\/fr\/wp-json\/wp\/v2\/product_tag?post=319034"}],"curies":[{"name":"wp","href":"https:\/\/api.w.org\/{rel}","templated":true}]}}