{"id":319113,"date":"2022-11-09T22:47:14","date_gmt":"2024-03-18T14:04:04","guid":{"rendered":"https:\/\/www.moskito.cz\/produkt\/couteau-fixe-extrema-ratio-defender-2-noir\/"},"modified":"2025-05-07T11:05:22","modified_gmt":"2025-05-07T10:05:22","slug":"couteau-fixe-extrema-ratio-defender-2-noir","status":"publish","type":"product","link":"https:\/\/www.moskito.cz\/fr\/produkt\/couteau-fixe-extrema-ratio-defender-2-noir\/","title":{"rendered":"Couteau Fixe Extrema Ratio DEFENDER 2 NOIR"},"content":{"rendered":"<p>Couteau fixe <strong>Extrema Ratio<\/strong> DEFENDER 2 NOIR.<\/p>\n<p>Variante de combat du mod\u00e8le Scout 2 au design ultra-plat. La lame de 118 mm est all\u00e9g\u00e9e dans sa structure par le flux sanguin. Il est produit en deux versions : avec une protection simple et une poign\u00e9e sup\u00e9rieure ou en version DG avec une double protection pour une prise plus s\u00fbre lors des fentes. Livr\u00e9 avec un \u00e9tui kydex noir avec fixation syst\u00e8me MOLLE Disponible en deux versions BLACK et STONE WASHED<\/p>\n<p>POIDS G&nbsp;: 135<br \/>\nPOIDS OZ&nbsp;: 4,76<br \/>\nLONGUEUR DE LA LAME (MM): 118<br \/>\nLONGUEUR DE LA LAME (PO): 4,64<br \/>\nLONGUEUR TOTALE (MM): 232<br \/>\nLONGUEUR TOTALE (H): 9,13<br \/>\n\u00c9PAISSEUR DE LA LAME (MM): 5<br \/>\n\u00c9PAISSEUR DE LA LAME (V): 0,19<br \/>\nMAT\u00c9RIAU DE LA LAME&nbsp;: ACIER B\u00d6HLER N690 (58HRC)<br \/>\nTRAITEMENT DE SURFACE DU COUTEAU&nbsp;: BRUSTAGE MIL-C-13924<br \/>\nFL\u00c8CHE \u00c0 LAME&nbsp;: FIL PLAT<br \/>\nMAT\u00c9RIAU DE LA POIGN\u00c9E&nbsp;: FORPR\u00c8NE<\/p>\n<p>&nbsp;<\/p>\n","protected":false},"excerpt":{"rendered":"<p>Bas\u00e9e \u00e0 Prato, en Italie, Extrema Ratio con\u00e7oit et fabrique des couteaux de combat, militaires, de cuisine, de chasse et tactiques de haute performance depuis 1997 et jouit d&rsquo;une r\u00e9putation de qualit\u00e9 sup\u00e9rieure sans \u00e9gal dans l&rsquo;industrie des couteaux militaires et tactiques. <strong>Transports gratuits.<\/strong><\/p>\n","protected":false},"featured_media":319114,"comment_status":"open","ping_status":"closed","template":"","meta":[],"pwb-brand":[3767],"product_brand":[],"product_cat":[3697,3696],"product_tag":[3754],"class_list":{"0":"post-319113","1":"product","2":"type-product","3":"status-publish","4":"has-post-thumbnail","6":"pwb-brand-rapport-extreme","7":"product_cat-couteaux-solides","8":"product_cat-des-couteaux","9":"product_tag-b2b-fr","11":"first","12":"instock","13":"taxable","14":"shipping-taxable","15":"purchasable","16":"product-type-simple"},"brands":[{"id":3767,"name":"Rapport extr\u00eame","slug":"rapport-extreme"}],"_links":{"self":[{"href":"https:\/\/www.moskito.cz\/fr\/wp-json\/wp\/v2\/product\/319113","targetHints":{"allow":["GET"]}}],"collection":[{"href":"https:\/\/www.moskito.cz\/fr\/wp-json\/wp\/v2\/product"}],"about":[{"href":"https:\/\/www.moskito.cz\/fr\/wp-json\/wp\/v2\/types\/product"}],"replies":[{"embeddable":true,"href":"https:\/\/www.moskito.cz\/fr\/wp-json\/wp\/v2\/comments?post=319113"}],"wp:featuredmedia":[{"embeddable":true,"href":"https:\/\/www.moskito.cz\/fr\/wp-json\/wp\/v2\/media\/319114"}],"wp:attachment":[{"href":"https:\/\/www.moskito.cz\/fr\/wp-json\/wp\/v2\/media?parent=319113"}],"wp:term":[{"taxonomy":"pwb-brand","embeddable":true,"href":"https:\/\/www.moskito.cz\/fr\/wp-json\/wp\/v2\/pwb-brand?post=319113"},{"taxonomy":"product_brand","embeddable":true,"href":"https:\/\/www.moskito.cz\/fr\/wp-json\/wp\/v2\/product_brand?post=319113"},{"taxonomy":"product_cat","embeddable":true,"href":"https:\/\/www.moskito.cz\/fr\/wp-json\/wp\/v2\/product_cat?post=319113"},{"taxonomy":"product_tag","embeddable":true,"href":"https:\/\/www.moskito.cz\/fr\/wp-json\/wp\/v2\/product_tag?post=319113"}],"curies":[{"name":"wp","href":"https:\/\/api.w.org\/{rel}","templated":true}]}}