{"id":319156,"date":"2022-07-14T17:01:08","date_gmt":"2024-03-18T14:12:39","guid":{"rendered":"https:\/\/www.moskito.cz\/produkt\/couteau-fixe-extrema-ratio-dobermann-iv-tactique\/"},"modified":"2025-05-07T11:05:25","modified_gmt":"2025-05-07T10:05:25","slug":"couteau-fixe-extrema-ratio-dobermann-iv-tactique","status":"publish","type":"product","link":"https:\/\/www.moskito.cz\/fr\/produkt\/couteau-fixe-extrema-ratio-dobermann-iv-tactique\/","title":{"rendered":"Couteau Fixe Extrema Ratio DOBERMANN IV TACTIQUE"},"content":{"rendered":"<p>Couteau Fixe <strong>Extrema Ratio DOBERMANN<\/strong> IV TACTIQUE<\/p>\n<p><strong>Le DOBERMANN IV<\/strong> est une \u00e9volution du premier et le plus classique des couteaux Extrema Ratio, le K1 DOBERMANN. Au fil des ann\u00e9es, DOBERMANN a subi un changement important dans son apparence et son design pour r\u00e9pondre aux attentes changeantes des consommateurs et aux tendances en constante \u00e9volution, tout en conservant une coh\u00e9rence fondamentale avec le design original de 1997. M\u00eame cette derni\u00e8re it\u00e9ration excelle en termes de durabilit\u00e9 structurelle et de flexibilit\u00e9 d&rsquo;utilisation : notre couteau DOBERMANN IV le plus polyvalent est peut-\u00eatre adapt\u00e9 \u00e0 la chasse, \u00e0 la survie en plein air, au camping, \u00e0 la d\u00e9fense et m\u00eame \u00e0 un usage militaire. Versions disponibles : DOBERMANN IV CLASSIQUE, DOBERMANN IV TACTIQUE.<\/p>\n<p>POIDS G. : 336<br \/>\nPOIDS OZ.: 11,9<br \/>\nLONGUEUR DE LA LAME (MM): 185<br \/>\nLONGUEUR DE LA LAME (PO): 7,3<br \/>\nLONGUEUR TOTALE (MM): 316<br \/>\nLONGUEUR TOTALE (PO): 12,4<br \/>\n\u00c9PAISSEUR DE LA LAME (MM): 6,3<br \/>\n\u00c9PAISSEUR DE LA LAME (PO): 0,25<br \/>\nMAT\u00c9RIAU DE LA LAME&nbsp;: ACIER B\u00d6HLER N690 (58HRC)<br \/>\nFINITION DU COUTEAU&nbsp;: POSE MIL-C-13924<br \/>\nGRILLE PRINCIPALE&nbsp;: PLATE<br \/>\nMAT\u00c9RIAU DE LA POIGN\u00c9E&nbsp;: FORPR\u00c8NE<\/p>\n<p><iframe title=\"EXTREMA RATIO - DOBERMANN IV TACTICAL\" width=\"800\" height=\"450\" src=\"https:\/\/www.youtube.com\/embed\/8Zvei-h07Z4?feature=oembed\" frameborder=\"0\" allow=\"accelerometer; autoplay; clipboard-write; encrypted-media; gyroscope; picture-in-picture; web-share\" allowfullscreen><\/iframe><\/p>\n<p>&nbsp;<\/p>\n<p>&nbsp;<\/p>\n","protected":false},"excerpt":{"rendered":"<p>Bas\u00e9e \u00e0 Prato, en Italie , Extrema Ratio con\u00e7oit et fabrique des couteaux de combat, militaires, de cuisine, de chasse et tactiques de haute performance depuis 1997 et jouit d&rsquo;une r\u00e9putation de qualit\u00e9 sup\u00e9rieure sans \u00e9gal dans l&rsquo;industrie des couteaux militaires et tactiques. Transports gratuits.<\/p>\n","protected":false},"featured_media":319157,"comment_status":"open","ping_status":"closed","template":"","meta":[],"pwb-brand":[3767],"product_brand":[],"product_cat":[3697,3696],"product_tag":[3754],"class_list":{"0":"post-319156","1":"product","2":"type-product","3":"status-publish","4":"has-post-thumbnail","6":"pwb-brand-rapport-extreme","7":"product_cat-couteaux-solides","8":"product_cat-des-couteaux","9":"product_tag-b2b-fr","11":"first","12":"instock","13":"taxable","14":"shipping-taxable","15":"purchasable","16":"product-type-simple"},"brands":[{"id":3767,"name":"Rapport extr\u00eame","slug":"rapport-extreme"}],"_links":{"self":[{"href":"https:\/\/www.moskito.cz\/fr\/wp-json\/wp\/v2\/product\/319156","targetHints":{"allow":["GET"]}}],"collection":[{"href":"https:\/\/www.moskito.cz\/fr\/wp-json\/wp\/v2\/product"}],"about":[{"href":"https:\/\/www.moskito.cz\/fr\/wp-json\/wp\/v2\/types\/product"}],"replies":[{"embeddable":true,"href":"https:\/\/www.moskito.cz\/fr\/wp-json\/wp\/v2\/comments?post=319156"}],"wp:featuredmedia":[{"embeddable":true,"href":"https:\/\/www.moskito.cz\/fr\/wp-json\/wp\/v2\/media\/319157"}],"wp:attachment":[{"href":"https:\/\/www.moskito.cz\/fr\/wp-json\/wp\/v2\/media?parent=319156"}],"wp:term":[{"taxonomy":"pwb-brand","embeddable":true,"href":"https:\/\/www.moskito.cz\/fr\/wp-json\/wp\/v2\/pwb-brand?post=319156"},{"taxonomy":"product_brand","embeddable":true,"href":"https:\/\/www.moskito.cz\/fr\/wp-json\/wp\/v2\/product_brand?post=319156"},{"taxonomy":"product_cat","embeddable":true,"href":"https:\/\/www.moskito.cz\/fr\/wp-json\/wp\/v2\/product_cat?post=319156"},{"taxonomy":"product_tag","embeddable":true,"href":"https:\/\/www.moskito.cz\/fr\/wp-json\/wp\/v2\/product_tag?post=319156"}],"curies":[{"name":"wp","href":"https:\/\/api.w.org\/{rel}","templated":true}]}}