{"id":319216,"date":"2022-09-18T19:36:33","date_gmt":"2024-03-18T14:15:00","guid":{"rendered":"https:\/\/www.moskito.cz\/produkt\/couteau-fixe-extrema-ratio-requiem-desert\/"},"modified":"2025-05-07T11:05:26","modified_gmt":"2025-05-07T10:05:26","slug":"couteau-fixe-extrema-ratio-requiem-desert","status":"publish","type":"product","link":"https:\/\/www.moskito.cz\/fr\/produkt\/couteau-fixe-extrema-ratio-requiem-desert\/","title":{"rendered":"Couteau Fixe Extrema Ratio REQUIEM DESERT"},"content":{"rendered":"<p>Couteau Fixe <strong>Extrema Ratio<\/strong> REQUIEM DESERT.<\/p>\n<p>Couteau tactique polyvalent tr\u00e8s l\u00e9ger et maniable. Ces bottes stiletto \u00e0 simple tranchant et \u00e0 garde unique sont livr\u00e9es avec un \u00e9tui sp\u00e9cial en nylon Aspis, sp\u00e9cialement \u00e9tudi\u00e9 par Extrema Ratio pour permettre un d\u00e9gagement rapide de la lame et sa fixation \u00e0 l&rsquo;int\u00e9rieur du syst\u00e8me MOLLE gr\u00e2ce \u00e0 deux clips multi-positions. Disponible en noir, d\u00e9sert, HCS, Ranger Green et Wolf Grey.<\/p>\n<p>POIDS G&nbsp;: 86<br \/>\nPOIDS OZ.: 3,03<br \/>\nLONGUEUR DE LA LAME (MM): 118<br \/>\nLONGUEUR DE LA LAME (POUCES)&nbsp;: 4,64<br \/>\nLONGUEUR TOTALE (MM): 238<br \/>\nLONGUEUR TOTALE (H): 9,37<br \/>\n\u00c9PAISSEUR DE LA LAME (MM): 4<br \/>\n\u00c9PAISSEUR DE LA LAME (POUCES)&nbsp;: 0,15<br \/>\nMAT\u00c9RIAU DE LA LAME&nbsp;: ACIER B\u00d6HLER N690 (58HRC)<br \/>\nTRAITEMENT DE SURFACE DE LA LAME&nbsp;: PIERRE LAV\u00c9E<br \/>\nGRILLE PRINCIPALE&nbsp;: PLATE<br \/>\nMAT\u00c9RIAU DE LA POIGN\u00c9E&nbsp;: FORPR\u00c8NE<\/p>\n<p><iframe title=\"Tactical Knife | Extrema Ratio Aspis sheath removing\" width=\"800\" height=\"600\" src=\"https:\/\/www.youtube.com\/embed\/LpChhhuTeAI?feature=oembed\" frameborder=\"0\" allow=\"accelerometer; autoplay; clipboard-write; encrypted-media; gyroscope; picture-in-picture; web-share\" allowfullscreen><\/iframe><\/p>\n<p>&nbsp;<\/p>\n","protected":false},"excerpt":{"rendered":"<p>Bas\u00e9e \u00e0 Prato, en Italie <strong>, Extrema Ratio<\/strong> con\u00e7oit et fabrique des couteaux de combat, militaires, de cuisine, de chasse et tactiques de haute performance depuis 1997 et jouit d&rsquo;une r\u00e9putation de qualit\u00e9 sup\u00e9rieure sans \u00e9gal dans l&rsquo;industrie des couteaux militaires et tactiques. <strong>Transports gratuits.<\/strong><\/p>\n","protected":false},"featured_media":319221,"comment_status":"open","ping_status":"closed","template":"","meta":[],"pwb-brand":[3767],"product_brand":[],"product_cat":[3697,3696],"product_tag":[3754],"class_list":{"0":"post-319216","1":"product","2":"type-product","3":"status-publish","4":"has-post-thumbnail","6":"pwb-brand-rapport-extreme","7":"product_cat-couteaux-solides","8":"product_cat-des-couteaux","9":"product_tag-b2b-fr","11":"first","12":"instock","13":"taxable","14":"shipping-taxable","15":"purchasable","16":"product-type-simple"},"brands":[{"id":3767,"name":"Rapport extr\u00eame","slug":"rapport-extreme"}],"_links":{"self":[{"href":"https:\/\/www.moskito.cz\/fr\/wp-json\/wp\/v2\/product\/319216","targetHints":{"allow":["GET"]}}],"collection":[{"href":"https:\/\/www.moskito.cz\/fr\/wp-json\/wp\/v2\/product"}],"about":[{"href":"https:\/\/www.moskito.cz\/fr\/wp-json\/wp\/v2\/types\/product"}],"replies":[{"embeddable":true,"href":"https:\/\/www.moskito.cz\/fr\/wp-json\/wp\/v2\/comments?post=319216"}],"wp:featuredmedia":[{"embeddable":true,"href":"https:\/\/www.moskito.cz\/fr\/wp-json\/wp\/v2\/media\/319221"}],"wp:attachment":[{"href":"https:\/\/www.moskito.cz\/fr\/wp-json\/wp\/v2\/media?parent=319216"}],"wp:term":[{"taxonomy":"pwb-brand","embeddable":true,"href":"https:\/\/www.moskito.cz\/fr\/wp-json\/wp\/v2\/pwb-brand?post=319216"},{"taxonomy":"product_brand","embeddable":true,"href":"https:\/\/www.moskito.cz\/fr\/wp-json\/wp\/v2\/product_brand?post=319216"},{"taxonomy":"product_cat","embeddable":true,"href":"https:\/\/www.moskito.cz\/fr\/wp-json\/wp\/v2\/product_cat?post=319216"},{"taxonomy":"product_tag","embeddable":true,"href":"https:\/\/www.moskito.cz\/fr\/wp-json\/wp\/v2\/product_tag?post=319216"}],"curies":[{"name":"wp","href":"https:\/\/api.w.org\/{rel}","templated":true}]}}