{"id":319242,"date":"2021-04-27T21:08:05","date_gmt":"2024-03-18T14:15:02","guid":{"rendered":"https:\/\/www.moskito.cz\/produkt\/couteau-fixe-extrema-ratio-nimbus-ordinanza\/"},"modified":"2025-07-11T07:54:50","modified_gmt":"2025-07-11T06:54:50","slug":"couteau-fixe-extrema-ratio-nimbus-ordinanza","status":"publish","type":"product","link":"https:\/\/www.moskito.cz\/fr\/produkt\/couteau-fixe-extrema-ratio-nimbus-ordinanza\/","title":{"rendered":"Couteau Fixe Extrema Ratio NIMBUS ORDINANZA"},"content":{"rendered":"<p>Couteau fixe <strong>Extrema Ratio<\/strong> NIMBUS ORDINANZA.<\/p>\n<p>NIMBUS fut command\u00e9 et re\u00e7u par le c\u00e9l\u00e8bre 183e. par le Nembo (Airborne) Regiment en r\u00e9visant le c\u00e9l\u00e8bre mod\u00e8le 39-09.<\/p>\n<p>Ce couteau c\u00e9l\u00e8bre la bataille de Case Grizzano, qui a eu lieu le 19 Avril 1945 entre les parachutistes de Nembo et la 1 ^ Division allemande Fallschirmj\u00e4ger \u00ab\u00a0Green Devils\u00a0\u00bb, une escarmouche au corps \u00e0 corps extr\u00eamement vicieuse et sanglante de 12 heures.<\/p>\n<p>Ind\u00e9pendamment du fait que la Seconde Guerre mondiale s&rsquo;est termin\u00e9e en quelques jours et qu&rsquo;un tiers des parachutistes sont tomb\u00e9s sur le champ de bataille, Nembo a remport\u00e9 cette bataille acharn\u00e9e. Le NIMBUS est bien plus qu&rsquo;un simple mod\u00e8le pour c\u00e9l\u00e9brer un \u00e9v\u00e9nement, le couteau a \u00e9t\u00e9 d\u00e9velopp\u00e9 d&rsquo;un point de vue technique pour \u00eatre r\u00e9ellement utilis\u00e9 \u00e0 des fins de combat moderne.<\/p>\n<p>Une attention particuli\u00e8re a \u00e9t\u00e9 accord\u00e9e aux caract\u00e9ristiques techniques telles que les dimensions, la forme et l&#8217;emballage Kydex, afin d&rsquo;\u00eatre transport\u00e9 de mani\u00e8res tactiques aussi diff\u00e9rentes.<\/p>\n<p>FICHE TECHNIQUE<br \/>\nPoids g.: 203<br \/>\nPoids environ : 7,16<br \/>\nLongueur de la lame (mm): 141<br \/>\nLongueur de la lame (pouces)&nbsp;: 5,55<br \/>\nLongueur totale (mm): 263<br \/>\nLongueur totale (en pouces) : 10,35<br \/>\n\u00c9paisseur de la lame (mm): 5<br \/>\n\u00c9paisseur de la lame (en pouces) : 0,20<br \/>\nMat\u00e9riau de la lame : ACIER B\u00f6HLER N690 (58HRC)<br \/>\nFinition de la lame&nbsp;:&nbsp;MIL-C-13924 CHAUFFAGE<br \/>\nGrille principale&nbsp;: PLAT<br \/>\nMat\u00e9riau du manche : FORPREN<\/p>\n","protected":false},"excerpt":{"rendered":"<p>Bas\u00e9e \u00e0 Prato, en Italie <strong>, Extrema Ratio<\/strong> con\u00e7oit et fabrique des couteaux de combat, militaires, de cuisine, de chasse et tactiques de haute performance depuis 1997 et jouit d&rsquo;une r\u00e9putation de qualit\u00e9 sup\u00e9rieure sans \u00e9gal dans l&rsquo;industrie des couteaux militaires et tactiques. <strong>Transports gratuits.<\/strong><\/p>\n","protected":false},"featured_media":402341,"comment_status":"open","ping_status":"closed","template":"","meta":[],"pwb-brand":[3767],"product_brand":[],"product_cat":[3697,3696],"product_tag":[],"class_list":{"0":"post-319242","1":"product","2":"type-product","3":"status-publish","4":"has-post-thumbnail","6":"pwb-brand-rapport-extreme","7":"product_cat-couteaux-solides","8":"product_cat-des-couteaux","10":"first","11":"instock","12":"taxable","13":"shipping-taxable","14":"purchasable","15":"product-type-simple"},"brands":[{"id":3767,"name":"Rapport extr\u00eame","slug":"rapport-extreme"}],"_links":{"self":[{"href":"https:\/\/www.moskito.cz\/fr\/wp-json\/wp\/v2\/product\/319242","targetHints":{"allow":["GET"]}}],"collection":[{"href":"https:\/\/www.moskito.cz\/fr\/wp-json\/wp\/v2\/product"}],"about":[{"href":"https:\/\/www.moskito.cz\/fr\/wp-json\/wp\/v2\/types\/product"}],"replies":[{"embeddable":true,"href":"https:\/\/www.moskito.cz\/fr\/wp-json\/wp\/v2\/comments?post=319242"}],"wp:featuredmedia":[{"embeddable":true,"href":"https:\/\/www.moskito.cz\/fr\/wp-json\/wp\/v2\/media\/402341"}],"wp:attachment":[{"href":"https:\/\/www.moskito.cz\/fr\/wp-json\/wp\/v2\/media?parent=319242"}],"wp:term":[{"taxonomy":"pwb-brand","embeddable":true,"href":"https:\/\/www.moskito.cz\/fr\/wp-json\/wp\/v2\/pwb-brand?post=319242"},{"taxonomy":"product_brand","embeddable":true,"href":"https:\/\/www.moskito.cz\/fr\/wp-json\/wp\/v2\/product_brand?post=319242"},{"taxonomy":"product_cat","embeddable":true,"href":"https:\/\/www.moskito.cz\/fr\/wp-json\/wp\/v2\/product_cat?post=319242"},{"taxonomy":"product_tag","embeddable":true,"href":"https:\/\/www.moskito.cz\/fr\/wp-json\/wp\/v2\/product_tag?post=319242"}],"curies":[{"name":"wp","href":"https:\/\/api.w.org\/{rel}","templated":true}]}}