{"id":319335,"date":"2022-09-22T22:06:21","date_gmt":"2024-03-18T14:22:06","guid":{"rendered":"https:\/\/www.moskito.cz\/produkt\/couteau-fixe-extrema-ratio-selvans-expeditions\/"},"modified":"2025-05-07T11:05:28","modified_gmt":"2025-05-07T10:05:28","slug":"couteau-fixe-extrema-ratio-selvans-expeditions","status":"publish","type":"product","link":"https:\/\/www.moskito.cz\/fr\/produkt\/couteau-fixe-extrema-ratio-selvans-expeditions\/","title":{"rendered":"Couteau Fixe Extrema Ratio SELVANS EXPEDITIONS"},"content":{"rendered":"<p>Couteau fixe <strong>Extrema Ratio<\/strong> EXP\u00c9DITIONS SELVANS.<\/p>\n<p>La s\u00e9rie Expedition est une nouvelle gamme d&rsquo;outils con\u00e7us pour les explorateurs professionnels.<\/p>\n<p>Les couteaux de la s\u00e9rie Expedition offrent la m\u00eame fiabilit\u00e9 et la m\u00eame haute qualit\u00e9 que tout autre outil tactique Extrema Ratio fourni aux forces sp\u00e9ciales militaires et aux forces de l&rsquo;ordre.<\/p>\n<p>Selvans Expeditions a \u00e9t\u00e9 d\u00e9velopp\u00e9 en collaboration entre Extrema Ratio et le ma\u00eetre instructeur avanc\u00e9 Daniele Dal Canto. C&rsquo;est le r\u00e9sultat d&rsquo;une modification de l&rsquo;ONTOS &#8211; un couteau de survie militaire &#8211; destin\u00e9e \u00e0 accro\u00eetre son efficacit\u00e9 en tant qu&rsquo;outil civil.<\/p>\n<p>Le manche plus long et la lame plus lourde permettent de mieux hacher et trancher. Il est livr\u00e9 avec une pochette en velours c\u00f4tel\u00e9 du d\u00e9sert avec syst\u00e8me MOLLE, une bandouli\u00e8re de s\u00e9curit\u00e9, un mini-fusil contenant une paracorde avec des fibres inflammables pour une utilisation en cas d&rsquo;urgence et\/ou des conditions m\u00e9t\u00e9orologiques extr\u00eames, et un Firesteel pour allumer un feu.<\/p>\n<p>Le kit de survie am\u00e9lior\u00e9 (doit \u00eatre achet\u00e9 s\u00e9par\u00e9ment) comprend : un sifflet, une tron\u00e7onneuse de poche, des languettes de nettoyage \u00e0 l&rsquo;eau, une boussole, un fil de cuivre, un silex et un percuteur, une lumi\u00e8re LED, une paracorde de 2,5 m et un taille-crayon.<\/p>\n<p>POIDS G&nbsp;: 430<br \/>\nPOIDS ONCES&nbsp;: 15,2<br \/>\nLONGUEUR DE LA LAME (MM): 160<br \/>\nLONGUEUR DE LA LAME (POUCES)&nbsp;: 6,3<br \/>\nLONGUEUR TOTALE (MM): 312<br \/>\nLONGUEUR TOTALE (POUCES)&nbsp;: 12,3<br \/>\n\u00c9PAISSEUR DE LA LAME (MM): 6,3<br \/>\n\u00c9PAISSEUR DE LA LAME (POUCES)&nbsp;: 0,25<br \/>\nMAT\u00c9RIAU DE LA LAME&nbsp;: ACIER B\u00d6HLER N690 (58HRC)<br \/>\nTRAITEMENT DE SURFACE DE LA LAME&nbsp;: PIERRE FONC\u00c9E<br \/>\nGRILLE PRINCIPALE&nbsp;: PLATE<br \/>\nMAT\u00c9RIAU DE LA POIGN\u00c9E&nbsp;: FORPR\u00c8NE<\/p>\n<p><iframe title=\"Extrema Ratio Expeditions Series\" width=\"800\" height=\"450\" src=\"https:\/\/www.youtube.com\/embed\/zzT5fOpMNQU?feature=oembed\" frameborder=\"0\" allow=\"accelerometer; autoplay; clipboard-write; encrypted-media; gyroscope; picture-in-picture; web-share\" allowfullscreen><\/iframe><\/p>\n<p>&nbsp;<\/p>\n<p>&nbsp;<\/p>\n","protected":false},"excerpt":{"rendered":"<p>Bas\u00e9e \u00e0 Prato, en Italie , Extrema Ratio con\u00e7oit et fabrique des couteaux de combat, militaires, de cuisine, de chasse et tactiques de haute performance depuis 1997 et jouit d&rsquo;une r\u00e9putation de qualit\u00e9 sup\u00e9rieure sans \u00e9gal dans l&rsquo;industrie des couteaux militaires et tactiques. Transports gratuits.<\/p>\n","protected":false},"featured_media":319336,"comment_status":"open","ping_status":"closed","template":"","meta":[],"pwb-brand":[3767],"product_brand":[],"product_cat":[3697,3696],"product_tag":[3754],"class_list":{"0":"post-319335","1":"product","2":"type-product","3":"status-publish","4":"has-post-thumbnail","6":"pwb-brand-rapport-extreme","7":"product_cat-couteaux-solides","8":"product_cat-des-couteaux","9":"product_tag-b2b-fr","11":"first","12":"instock","13":"taxable","14":"shipping-taxable","15":"purchasable","16":"product-type-simple"},"brands":[{"id":3767,"name":"Rapport extr\u00eame","slug":"rapport-extreme"}],"_links":{"self":[{"href":"https:\/\/www.moskito.cz\/fr\/wp-json\/wp\/v2\/product\/319335","targetHints":{"allow":["GET"]}}],"collection":[{"href":"https:\/\/www.moskito.cz\/fr\/wp-json\/wp\/v2\/product"}],"about":[{"href":"https:\/\/www.moskito.cz\/fr\/wp-json\/wp\/v2\/types\/product"}],"replies":[{"embeddable":true,"href":"https:\/\/www.moskito.cz\/fr\/wp-json\/wp\/v2\/comments?post=319335"}],"wp:featuredmedia":[{"embeddable":true,"href":"https:\/\/www.moskito.cz\/fr\/wp-json\/wp\/v2\/media\/319336"}],"wp:attachment":[{"href":"https:\/\/www.moskito.cz\/fr\/wp-json\/wp\/v2\/media?parent=319335"}],"wp:term":[{"taxonomy":"pwb-brand","embeddable":true,"href":"https:\/\/www.moskito.cz\/fr\/wp-json\/wp\/v2\/pwb-brand?post=319335"},{"taxonomy":"product_brand","embeddable":true,"href":"https:\/\/www.moskito.cz\/fr\/wp-json\/wp\/v2\/product_brand?post=319335"},{"taxonomy":"product_cat","embeddable":true,"href":"https:\/\/www.moskito.cz\/fr\/wp-json\/wp\/v2\/product_cat?post=319335"},{"taxonomy":"product_tag","embeddable":true,"href":"https:\/\/www.moskito.cz\/fr\/wp-json\/wp\/v2\/product_tag?post=319335"}],"curies":[{"name":"wp","href":"https:\/\/api.w.org\/{rel}","templated":true}]}}