{"id":319356,"date":"2023-08-10T15:14:08","date_gmt":"2024-03-18T14:26:57","guid":{"rendered":"https:\/\/www.moskito.cz\/produkt\/couteau-de-fermeture-extrema-ratio-rao-ii-expeditions\/"},"modified":"2025-05-07T11:05:29","modified_gmt":"2025-05-07T10:05:29","slug":"couteau-de-fermeture-extrema-ratio-rao-ii-expeditions","status":"publish","type":"product","link":"https:\/\/www.moskito.cz\/fr\/produkt\/couteau-de-fermeture-extrema-ratio-rao-ii-expeditions\/","title":{"rendered":"Couteau de fermeture Extrema Ratio RAO II EXPEDITIONS"},"content":{"rendered":"<p>Couteau de fermeture <strong>Extrema Ratio<\/strong> RAO II EXPEDITIONS<\/p>\n<p>La s\u00e9rie Expedition, nouvelle gamme d&rsquo;outils con\u00e7ue pour les explorateurs professionnels, accueille un mod\u00e8le de couteau pliant, le RAO II Expeditions.<\/p>\n<p>Les couteaux de la s\u00e9rie Expedition offrent la m\u00eame fiabilit\u00e9 et la m\u00eame haute qualit\u00e9 que tout autre outil tactique Extrema Ratio fourni aux forces sp\u00e9ciales militaires et aux forces de l&rsquo;ordre. Rao II Expeditions est un outil qui, gr\u00e2ce \u00e0 sa structure et malgr\u00e9 sa compacit\u00e9, garantit les m\u00eames fonctionnalit\u00e9s et caract\u00e9ristiques d&rsquo;un produit beaucoup plus grand et robuste.<\/p>\n<p>Il poss\u00e8de une poign\u00e9e et un \u00e9tui de couleur d\u00e9sert comme tous les autres mod\u00e8les de la gamme Expedition. Il poss\u00e8de une lame en acier B\u00d6HLER N690 (58HRC) avec un polissage MIL-C-13924 et une finition stonewashed (finition DARK STONE). Le Rao II Expeditions est dot\u00e9 d&rsquo;une poign\u00e9e ergonomique avec des angles sup\u00e9rieurs arrondis et une lame \u00e0 pointe tombante.<\/p>\n<p>Il s&rsquo;inspire du mod\u00e8le tanto blade RAO utilis\u00e9 par le 185\u00b0 Rgt italien. Reconnaissance et Acquisizione Obiettivi \u00ab FOLGORE \u00bb (185\u00b0 RAO). Le nouveau couteau pliant Expedition peut facilement \u00eatre utilis\u00e9 pour des travaux lourds, gr\u00e2ce au m\u00e9canisme de verrouillage extr\u00eamement robuste, qui est soutenu par une s\u00e9curit\u00e9, ce qui en fait une v\u00e9ritable lame solide.<\/p>\n<p>La partie protectrice du manche en aluminium massif Anticorodal est \u00e9quip\u00e9e d&rsquo;une tige filet\u00e9e en acier qui peut \u00eatre viss\u00e9e manuellement \u00e0 travers deux trous ; ceci a \u00e9t\u00e9 ajout\u00e9 pour garantir une durabilit\u00e9 \u00e0 100 % du m\u00e9canisme de verrouillage en raison d&rsquo;une utilisation intensive et de la force d&rsquo;impact caus\u00e9e par le poids de l&rsquo;outil. Une s\u00e9curit\u00e9 maximale est garantie \u00e0 l&rsquo;utilisateur en vissant la goupille dans cette selle.<\/p>\n<p>Tous les mod\u00e8les de la s\u00e9rie Expeditions sont \u00e9quip\u00e9s de bo\u00eetiers de couleur d\u00e9sert et, entre autres outils, d&rsquo;un firesteel pour allumer des incendies. Le RAO II Expeditions ne fait pas exception et est livr\u00e9 avec une pochette d\u00e9sert Cordura qui est un \u00e9l\u00e9ment essentiel du syst\u00e8me de transport.<\/p>\n<p>Cet \u00e9tui particulier permet de transporter le couteau avec la lame ferm\u00e9e en la pla\u00e7ant dans une poche avant sp\u00e9cifique ou avec la lame ouverte en la pla\u00e7ant dans un compartiment d\u00e9di\u00e9 dot\u00e9 d&rsquo;un syst\u00e8me de s\u00e9curit\u00e9 constitu\u00e9 d&rsquo;une sangle \u00e0 double clips. En plus du firesteel, il existe \u00e9galement un taille-crayon diamant\u00e9. Le syst\u00e8me de fixation MOLLE de l&rsquo;\u00e9tui lui permet d&rsquo;\u00eatre port\u00e9 sur des gilets tactiques et des ceintures ordinaires.<\/p>\n<p>&nbsp;<\/p>\n<p>Poids g: 332<br \/>\npoids en onces&nbsp;: 11,4<br \/>\nLongueur de la lame : 11,9 cm<br \/>\nLongueur totale : 26,3 cm<br \/>\n\u00c9paisseur de la lame : 0,6 cm<br \/>\nMat\u00e9riau de la lame : ACIER B\u00f6HLER N690 (58HRC)<br \/>\nTraitement de surface de la lame : DARK STONE<br \/>\nMouture principale&nbsp;: PLATE<br \/>\nMat\u00e9riau du manche : ALUMINIUM ANTI-CORODATION<\/p>\n<p><iframe title=\"RAO II Expeditions - The sound of the adventure.\" width=\"800\" height=\"450\" src=\"https:\/\/www.youtube.com\/embed\/-eqW9x0DcNs?feature=oembed\" frameborder=\"0\" allow=\"accelerometer; autoplay; clipboard-write; encrypted-media; gyroscope; picture-in-picture; web-share\" allowfullscreen><\/iframe><\/p>\n<p>&nbsp;<\/p>\n<p>&nbsp;<\/p>\n","protected":false},"excerpt":{"rendered":"<p><strong>Les couteaux de la s\u00e9rie Expedition offrent la m\u00eame fiabilit\u00e9 et la m\u00eame haute qualit\u00e9 que tout autre outil tactique Extrema Ratio fourni aux forces sp\u00e9ciales militaires et aux forces de l&rsquo;ordre.<\/strong><\/p>\n","protected":false},"featured_media":319357,"comment_status":"open","ping_status":"closed","template":"","meta":[],"pwb-brand":[3767],"product_brand":[],"product_cat":[3700,3696],"product_tag":[3754],"class_list":{"0":"post-319356","1":"product","2":"type-product","3":"status-publish","4":"has-post-thumbnail","6":"pwb-brand-rapport-extreme","7":"product_cat-couteaux-de-fermeture","8":"product_cat-des-couteaux","9":"product_tag-b2b-fr","11":"first","12":"outofstock","13":"taxable","14":"shipping-taxable","15":"purchasable","16":"product-type-simple"},"brands":[{"id":3767,"name":"Rapport extr\u00eame","slug":"rapport-extreme"}],"_links":{"self":[{"href":"https:\/\/www.moskito.cz\/fr\/wp-json\/wp\/v2\/product\/319356","targetHints":{"allow":["GET"]}}],"collection":[{"href":"https:\/\/www.moskito.cz\/fr\/wp-json\/wp\/v2\/product"}],"about":[{"href":"https:\/\/www.moskito.cz\/fr\/wp-json\/wp\/v2\/types\/product"}],"replies":[{"embeddable":true,"href":"https:\/\/www.moskito.cz\/fr\/wp-json\/wp\/v2\/comments?post=319356"}],"wp:featuredmedia":[{"embeddable":true,"href":"https:\/\/www.moskito.cz\/fr\/wp-json\/wp\/v2\/media\/319357"}],"wp:attachment":[{"href":"https:\/\/www.moskito.cz\/fr\/wp-json\/wp\/v2\/media?parent=319356"}],"wp:term":[{"taxonomy":"pwb-brand","embeddable":true,"href":"https:\/\/www.moskito.cz\/fr\/wp-json\/wp\/v2\/pwb-brand?post=319356"},{"taxonomy":"product_brand","embeddable":true,"href":"https:\/\/www.moskito.cz\/fr\/wp-json\/wp\/v2\/product_brand?post=319356"},{"taxonomy":"product_cat","embeddable":true,"href":"https:\/\/www.moskito.cz\/fr\/wp-json\/wp\/v2\/product_cat?post=319356"},{"taxonomy":"product_tag","embeddable":true,"href":"https:\/\/www.moskito.cz\/fr\/wp-json\/wp\/v2\/product_tag?post=319356"}],"curies":[{"name":"wp","href":"https:\/\/api.w.org\/{rel}","templated":true}]}}