{"id":319611,"date":"2022-11-17T16:24:58","date_gmt":"2024-03-18T14:32:28","guid":{"rendered":"https:\/\/www.moskito.cz\/produkt\/extrema-ratio-aiguiseur-double-grains\/"},"modified":"2025-05-07T11:05:33","modified_gmt":"2025-05-07T10:05:33","slug":"extrema-ratio-aiguiseur-double-grains","status":"publish","type":"product","link":"https:\/\/www.moskito.cz\/fr\/produkt\/extrema-ratio-aiguiseur-double-grains\/","title":{"rendered":"Extrema Ratio AIGUISEUR DOUBLE GRAINS"},"content":{"rendered":"<p><strong>Extrema Ratio<\/strong> AIGUISEUR DOUBLE GRAINS<\/p>\n<p>Meule en carbure de silicium double grain. Il est compos\u00e9 d&rsquo;un c\u00f4t\u00e9 gros grain (180) et d&rsquo;un c\u00f4t\u00e9 grain fin (400) pour r\u00e9aliser un aff\u00fbtage plus puissant. Livr\u00e9 avec gaine cordura.<\/p>\n","protected":false},"excerpt":{"rendered":"<p>Bas\u00e9e \u00e0 Prato, en Italie, Extrema Ratio con\u00e7oit et fabrique des couteaux de combat, militaires, de cuisine, de chasse et tactiques de haute performance depuis 1997 et jouit d&rsquo;une r\u00e9putation de qualit\u00e9 sup\u00e9rieure sans \u00e9gal dans l&rsquo;industrie des couteaux militaires et tactiques.<\/p>\n","protected":false},"featured_media":319615,"comment_status":"open","ping_status":"closed","template":"","meta":[],"pwb-brand":[3767],"product_brand":[],"product_cat":[3688],"product_tag":[3754],"class_list":{"0":"post-319611","1":"product","2":"type-product","3":"status-publish","4":"has-post-thumbnail","6":"pwb-brand-rapport-extreme","7":"product_cat-meules-et-aciers","8":"product_tag-b2b-fr","10":"first","11":"instock","12":"taxable","13":"shipping-taxable","14":"purchasable","15":"product-type-simple"},"brands":[{"id":3767,"name":"Rapport extr\u00eame","slug":"rapport-extreme"}],"_links":{"self":[{"href":"https:\/\/www.moskito.cz\/fr\/wp-json\/wp\/v2\/product\/319611","targetHints":{"allow":["GET"]}}],"collection":[{"href":"https:\/\/www.moskito.cz\/fr\/wp-json\/wp\/v2\/product"}],"about":[{"href":"https:\/\/www.moskito.cz\/fr\/wp-json\/wp\/v2\/types\/product"}],"replies":[{"embeddable":true,"href":"https:\/\/www.moskito.cz\/fr\/wp-json\/wp\/v2\/comments?post=319611"}],"wp:featuredmedia":[{"embeddable":true,"href":"https:\/\/www.moskito.cz\/fr\/wp-json\/wp\/v2\/media\/319615"}],"wp:attachment":[{"href":"https:\/\/www.moskito.cz\/fr\/wp-json\/wp\/v2\/media?parent=319611"}],"wp:term":[{"taxonomy":"pwb-brand","embeddable":true,"href":"https:\/\/www.moskito.cz\/fr\/wp-json\/wp\/v2\/pwb-brand?post=319611"},{"taxonomy":"product_brand","embeddable":true,"href":"https:\/\/www.moskito.cz\/fr\/wp-json\/wp\/v2\/product_brand?post=319611"},{"taxonomy":"product_cat","embeddable":true,"href":"https:\/\/www.moskito.cz\/fr\/wp-json\/wp\/v2\/product_cat?post=319611"},{"taxonomy":"product_tag","embeddable":true,"href":"https:\/\/www.moskito.cz\/fr\/wp-json\/wp\/v2\/product_tag?post=319611"}],"curies":[{"name":"wp","href":"https:\/\/api.w.org\/{rel}","templated":true}]}}