{"id":319632,"date":"2021-07-14T16:37:08","date_gmt":"2024-03-18T14:32:29","guid":{"rendered":"https:\/\/www.moskito.cz\/produkt\/couteau-fixe-extrema-ratio-selvans-vert\/"},"modified":"2025-05-07T11:05:33","modified_gmt":"2025-05-07T10:05:33","slug":"couteau-fixe-extrema-ratio-selvans-vert","status":"publish","type":"product","link":"https:\/\/www.moskito.cz\/fr\/produkt\/couteau-fixe-extrema-ratio-selvans-vert\/","title":{"rendered":"Couteau Fixe Extrema Ratio SELVANS VERT"},"content":{"rendered":"<p>Couteau Fixe <strong>Extrema Ratio<\/strong> SELVANS VERT.<\/p>\n<p>SELVANS a \u00e9t\u00e9 d\u00e9velopp\u00e9 en collaboration entre Extrema Ratio et l&rsquo;instructeur en chef Daniele Dal Canto de la FISSS (F\u00e9d\u00e9ration italienne de survie). Il s&rsquo;agit d&rsquo;une modification de l&rsquo;ONTOS &#8211; un couteau de survie militaire &#8211; destin\u00e9e \u00e0 accro\u00eetre son efficacit\u00e9 en tant qu&rsquo;outil civil. Le manche plus long et la lame plus lourde permettent de mieux hacher et trancher.<\/p>\n<p>Le kit de survie am\u00e9lior\u00e9 (doit \u00eatre achet\u00e9 s\u00e9par\u00e9ment) comprend : un sifflet, une tron\u00e7onneuse de poche, des languettes de nettoyage \u00e0 l&rsquo;eau, une boussole, un fil de cuivre, un silex et un percuteur, une lumi\u00e8re LED, une paracorde de 2,5 m et un taille-crayon. Versions disponibles : SELVANS D\u00c9SERT, SELVANS VERT.<br \/>\nFICHE TECHNIQUE<br \/>\nPoids g.: 430<br \/>\nPoids onces&nbsp;: 15,2<br \/>\nLongueur de la lame (mm) : 160<br \/>\nLongueur de la lame (pouces)&nbsp;: 6,3<br \/>\nLongueur totale (mm): 312<br \/>\nLongueur totale (po) : 12,3<br \/>\n\u00c9paisseur de la lame (mm): 6,3<br \/>\n\u00c9paisseur de la lame (pouces) : 0,25<br \/>\nMat\u00e9riau de la lame : ACIER B\u00f6HLER N690 (58HRC)<br \/>\nFinition de la lame&nbsp;: MIL-C-13924<\/p>\n","protected":false},"excerpt":{"rendered":"<p>Bas\u00e9e \u00e0 Prato, en Italie <strong>, Extrema Ratio<\/strong> con\u00e7oit et fabrique des couteaux de combat, militaires, de cuisine, de chasse et tactiques de haute performance depuis 1997 et jouit d&rsquo;une r\u00e9putation de qualit\u00e9 sup\u00e9rieure sans \u00e9gal dans l&rsquo;industrie des couteaux militaires et tactiques. <strong>Transports gratuits.<\/strong><\/p>\n","protected":false},"featured_media":319633,"comment_status":"open","ping_status":"closed","template":"","meta":[],"pwb-brand":[3767],"product_brand":[],"product_cat":[3697,3696],"product_tag":[3754],"class_list":{"0":"post-319632","1":"product","2":"type-product","3":"status-publish","4":"has-post-thumbnail","6":"pwb-brand-rapport-extreme","7":"product_cat-couteaux-solides","8":"product_cat-des-couteaux","9":"product_tag-b2b-fr","11":"first","12":"instock","13":"taxable","14":"shipping-taxable","15":"purchasable","16":"product-type-simple"},"brands":[{"id":3767,"name":"Rapport extr\u00eame","slug":"rapport-extreme"}],"_links":{"self":[{"href":"https:\/\/www.moskito.cz\/fr\/wp-json\/wp\/v2\/product\/319632","targetHints":{"allow":["GET"]}}],"collection":[{"href":"https:\/\/www.moskito.cz\/fr\/wp-json\/wp\/v2\/product"}],"about":[{"href":"https:\/\/www.moskito.cz\/fr\/wp-json\/wp\/v2\/types\/product"}],"replies":[{"embeddable":true,"href":"https:\/\/www.moskito.cz\/fr\/wp-json\/wp\/v2\/comments?post=319632"}],"wp:featuredmedia":[{"embeddable":true,"href":"https:\/\/www.moskito.cz\/fr\/wp-json\/wp\/v2\/media\/319633"}],"wp:attachment":[{"href":"https:\/\/www.moskito.cz\/fr\/wp-json\/wp\/v2\/media?parent=319632"}],"wp:term":[{"taxonomy":"pwb-brand","embeddable":true,"href":"https:\/\/www.moskito.cz\/fr\/wp-json\/wp\/v2\/pwb-brand?post=319632"},{"taxonomy":"product_brand","embeddable":true,"href":"https:\/\/www.moskito.cz\/fr\/wp-json\/wp\/v2\/product_brand?post=319632"},{"taxonomy":"product_cat","embeddable":true,"href":"https:\/\/www.moskito.cz\/fr\/wp-json\/wp\/v2\/product_cat?post=319632"},{"taxonomy":"product_tag","embeddable":true,"href":"https:\/\/www.moskito.cz\/fr\/wp-json\/wp\/v2\/product_tag?post=319632"}],"curies":[{"name":"wp","href":"https:\/\/api.w.org\/{rel}","templated":true}]}}