{"id":320052,"date":"2024-03-18T21:09:25","date_gmt":"2024-03-18T20:11:10","guid":{"rendered":"https:\/\/www.moskito.cz\/produkt\/couteau-pliant-emerson-bulldog-sf-delave-a-la-pierre\/"},"modified":"2025-05-07T11:05:39","modified_gmt":"2025-05-07T10:05:39","slug":"couteau-pliant-emerson-bulldog-sf-delave-a-la-pierre","status":"publish","type":"product","link":"https:\/\/www.moskito.cz\/fr\/produkt\/couteau-pliant-emerson-bulldog-sf-delave-a-la-pierre\/","title":{"rendered":"Couteau pliant Emerson Bulldog SF d\u00e9lav\u00e9 \u00e0 la pierre"},"content":{"rendered":"<p>Couteau pliant <strong>Emerson<\/strong> Bulldog SF d\u00e9lav\u00e9 \u00e0 la pierre.<\/p>\n<p><strong>Bulldog Emerson Knives<\/strong> , l&rsquo;un des nombreux mod\u00e8les de couteaux Emerson Knife Design\u00ae, est un excellent outil \u00e0 transporter au quotidien ou un couteau \u00e9prouv\u00e9 au combat, pr\u00eat pour le combat !<\/p>\n<p>Emerson Knife Designs\u00ae est une marque d\u00e9pos\u00e9e d&rsquo;Ernest et Mary Emerson.<\/p>\n<p><strong>Ernest Emerson<\/strong> est r\u00e9put\u00e9 pour ses cr\u00e9ations de couteaux exceptionnelles qui ont laiss\u00e9 une marque ind\u00e9l\u00e9bile dans le monde de la coutellerie. Avec un d\u00e9vouement \u00e0 l&rsquo;artisanat et \u00e0 la fonctionnalit\u00e9, Emerson Knife Designs\u00ae pr\u00e9sente la combinaison parfaite d&rsquo;art et de praticit\u00e9. Chaque lame est soigneusement con\u00e7ue, refl\u00e9tant une profonde compr\u00e9hension des besoins et des exigences des utilisateurs de couteaux. Emerson Knife Designs\u00ae comporte souvent une poign\u00e9e robuste et ergonomique qui offre une prise confortable et s\u00fbre m\u00eame dans les conditions les plus exigeantes. Ses couteaux sont connus pour leur r\u00e9sistance et leur durabilit\u00e9 exceptionnelles, ce qui en fait des compagnons fiables pour les amateurs de plein air, le personnel militaire et les professionnels des forces de l&rsquo;ordre. Qu&rsquo;il s&rsquo;agisse du l\u00e9gendaire Emerson CQC-7, de la s\u00e9rie robuste Commander ou de tout autre mod\u00e8le portant son nom, <strong>Emerson Knife<\/strong> Designs\u00ae incarne l&rsquo;excellence et la passion pour la lame.<\/p>\n<p>Marque : Couteaux Emerson<\/p>\n<p>Couleur : gris, noir<\/p>\n<p>Cr\u00e9ateur : Ernest Emerson<\/p>\n<p>Garantie contre les d\u00e9fauts de mati\u00e8re et de fabrication : \u00e0 vie<\/p>\n<p>Pays d&rsquo;origine : \u00c9tats-Unis<\/p>\n<p>Taille et poids<\/p>\n<p>Longueur de la lame : 7,9 cm<\/p>\n<p>\u00c9paisseur de la lame : 3,1 mm<\/p>\n<p>Longueur ferm\u00e9 : 11,2 cm<\/p>\n<p>Longueur totale : 19 cm<\/p>\n<p>Poids : 135g<\/p>\n<p>Mat\u00e9riau du manche : G10<\/p>\n<p>Type d&rsquo;acier : 154 cm<\/p>\n<p>Duret\u00e9 : 59 HRC<\/p>\n<p>Forme de la lame : Tanto<\/p>\n<p>Type de bord : bord lisse<\/p>\n<p>Type : tenue quotidienne<\/p>\n<p>Clip de poche : oui, rabattable (\u00e0 droite)<\/p>\n<p>Position du clip de poche&nbsp;: bascule vers le haut<\/p>\n<p>Serrure&nbsp;: liner-lock<\/p>\n<p>Peut \u00eatre ouvert d&rsquo;une seule main : Oui<\/p>\n<p><iframe title=\"The Emerson Knives Bulldog\" width=\"800\" height=\"450\" src=\"https:\/\/www.youtube.com\/embed\/EYQ1QIL6Zu0?feature=oembed\" frameborder=\"0\" allow=\"accelerometer; autoplay; clipboard-write; encrypted-media; gyroscope; picture-in-picture; web-share\" allowfullscreen><\/iframe><\/p>\n<p><iframe title=\"Emerson Bulldog | A Closer Look\" width=\"800\" height=\"450\" src=\"https:\/\/www.youtube.com\/embed\/I8PAyCUwvn8?feature=oembed\" frameborder=\"0\" allow=\"accelerometer; autoplay; clipboard-write; encrypted-media; gyroscope; picture-in-picture; web-share\" allowfullscreen><\/iframe><\/p>\n<p>&nbsp;<\/p>\n","protected":false},"excerpt":{"rendered":"<p><strong>LES COUTEAUX EMERSON SONT RECHERCH\u00c9S PAR LES MILITAIRES D&rsquo;\u00c9LITE ET LES APPLICATIONS DE LA LOI<\/strong><br \/>\n<strong>PAR LES TROUPES DU MONDE ENTIER ET \u00c9TABLISSEMENT LA NORME PAR LAQUELLE TOUS LES AUTRES COUTEAUX TACTIQUES SONT JUG\u00c9S.<\/strong><\/p>\n<p>Transports gratuits.<\/p>\n","protected":false},"featured_media":319978,"comment_status":"open","ping_status":"closed","template":"","meta":[],"pwb-brand":[3784],"product_brand":[],"product_cat":[3700,3696],"product_tag":[3754],"class_list":{"0":"post-320052","1":"product","2":"type-product","3":"status-publish","4":"has-post-thumbnail","6":"pwb-brand-emerson-fr","7":"product_cat-couteaux-de-fermeture","8":"product_cat-des-couteaux","9":"product_tag-b2b-fr","11":"first","12":"outofstock","13":"taxable","14":"shipping-taxable","15":"purchasable","16":"product-type-simple"},"brands":[{"id":3784,"name":"\u00c9merson","slug":"emerson-fr"}],"_links":{"self":[{"href":"https:\/\/www.moskito.cz\/fr\/wp-json\/wp\/v2\/product\/320052","targetHints":{"allow":["GET"]}}],"collection":[{"href":"https:\/\/www.moskito.cz\/fr\/wp-json\/wp\/v2\/product"}],"about":[{"href":"https:\/\/www.moskito.cz\/fr\/wp-json\/wp\/v2\/types\/product"}],"replies":[{"embeddable":true,"href":"https:\/\/www.moskito.cz\/fr\/wp-json\/wp\/v2\/comments?post=320052"}],"wp:featuredmedia":[{"embeddable":true,"href":"https:\/\/www.moskito.cz\/fr\/wp-json\/wp\/v2\/media\/319978"}],"wp:attachment":[{"href":"https:\/\/www.moskito.cz\/fr\/wp-json\/wp\/v2\/media?parent=320052"}],"wp:term":[{"taxonomy":"pwb-brand","embeddable":true,"href":"https:\/\/www.moskito.cz\/fr\/wp-json\/wp\/v2\/pwb-brand?post=320052"},{"taxonomy":"product_brand","embeddable":true,"href":"https:\/\/www.moskito.cz\/fr\/wp-json\/wp\/v2\/product_brand?post=320052"},{"taxonomy":"product_cat","embeddable":true,"href":"https:\/\/www.moskito.cz\/fr\/wp-json\/wp\/v2\/product_cat?post=320052"},{"taxonomy":"product_tag","embeddable":true,"href":"https:\/\/www.moskito.cz\/fr\/wp-json\/wp\/v2\/product_tag?post=320052"}],"curies":[{"name":"wp","href":"https:\/\/api.w.org\/{rel}","templated":true}]}}