{"id":320446,"date":"2023-07-05T10:10:58","date_gmt":"2023-07-05T09:10:58","guid":{"rendered":"https:\/\/www.moskito.cz\/produkt\/couteau-pliant-leger-spyderco-manix-2-c101pcbl2\/"},"modified":"2024-03-19T15:18:22","modified_gmt":"2024-03-19T14:18:22","slug":"couteau-pliant-leger-spyderco-manix-2-c101pcbl2","status":"publish","type":"product","link":"https:\/\/www.moskito.cz\/fr\/produkt\/couteau-pliant-leger-spyderco-manix-2-c101pcbl2\/","title":{"rendered":"Couteau pliant l\u00e9ger Spyderco Manix 2 C101PCBL2"},"content":{"rendered":"<p>Couteau pliant l\u00e9ger <strong>Spyderco<\/strong> Manix 2 C101PCBL2<\/p>\n<p>Cette expression d&rsquo;\u00e9lite du Manix 2 Lightweight combine les avantages d&rsquo;\u00e9conomie de poids, les performances de coupe compl\u00e8tes et la solidit\u00e9 du m\u00e9canisme de verrouillage \u00e0 roulement \u00e0 billes avec la r\u00e9tention am\u00e9lior\u00e9e des bords et la r\u00e9sistance \u00e0 la corrosion du CPM-SPY27. Apr\u00e8s des ann\u00e9es pass\u00e9es \u00e0 utiliser les meilleurs mat\u00e9riaux que les principaux fabricants d&rsquo;acier du monde pouvaient proposer, Spyderco a d\u00e9cid\u00e9 qu&rsquo;il \u00e9tait temps de cr\u00e9er les leurs. En \u00e9troite collaboration avec Crucible Industries, ils ont d\u00e9velopp\u00e9 le CPM-SPY27, un acier inoxydable m\u00e9tallurgique \u00e0 particules contenant un m\u00e9lange exclusif d&rsquo;alliages, notamment du vanadium, du molybd\u00e8ne, du niobium, de l&rsquo;azote et du cobalt. Am\u00e9lior\u00e9e par les effets renfor\u00e7ants du cobalt et du processus de m\u00e9tallurgie des particules par creuset de pointe, cette composition remarquable est produite exclusivement pour Spyderco et sera pr\u00e9sent\u00e9e sur certains mod\u00e8les fabriqu\u00e9s aux \u00c9tats-Unis. Chaque couteau fabriqu\u00e9 \u00e0 partir de cet acier comportera \u00e9galement une couleur de manche bleu cobalt distinctive pour souligner son pedigree d&rsquo;\u00e9lite.<\/p>\n<p>La poign\u00e9e Manix 2 Lightweight est moul\u00e9e par injection \u00e0 partir de copolym\u00e8re renforc\u00e9 de fibre de verre bleu cobalt (FRCP) et pr\u00e9sente le motif de texture bidirectionnel embl\u00e9matique de Spyderco pour garantir une prise s\u00fbre dans toutes les conditions environnementales. Le manche l\u00e9ger FRCP a r\u00e9duit le poids total du couteau \u00e0 seulement 3 onces, soit 42 % plus l\u00e9ger que le Manix 2 avec manche G10. Le clip m\u00e9tallique double face permet un port confortable \u00e0 gauche ou \u00e0 droite, et le grand trou pour le cordon permet une fixation facile des breloques et des cordons.<\/p>\n<p>La connexion de la lame et du manche est assur\u00e9e par le m\u00e9canisme brevet\u00e9 de verrouillage \u00e0 roulement \u00e0 billes de Spyderco. Ce verrou \u00e0 haute r\u00e9sistance est constitu\u00e9 d&rsquo;un roulement \u00e0 billes int\u00e9gr\u00e9 dans une \u00ab cage \u00bb en polym\u00e8re durable. Lorsque la lame est ouverte, un ressort de compression entra\u00eene la cage vers l&rsquo;avant pour coincer le roulement \u00e0 billes entre la rampe de la lame et le cadre en acier ancr\u00e9 entre les moiti\u00e9s du manche. Tirer le roulement \u00e0 billes dans la cage vers l&rsquo;arri\u00e8re lib\u00e8re le verrou et la lame se ferme en douceur tout en gardant vos doigts \u00e0 une distance s\u00fbre du bord tranchant.<br \/>\nCaract\u00e9ristiques<\/p>\n<p>Longueur de la lame : 8,6 cm<br \/>\nTranchant : 7,3 cm<br \/>\nLongueur ferm\u00e9 : 11,8 cm<br \/>\nLongueur totale : 20,4 cm<br \/>\nMat\u00e9riau de la lame : CPM-SPY27 Acier inoxydable<br \/>\n\u00c9paisseur de la lame : 0,32 cm<br \/>\nStyle de lame&nbsp;: forme de feuille<br \/>\nMeulage de la lame&nbsp;: Enti\u00e8rement plat<br \/>\nTraitement de surface de la lame : satin\u00e9<br \/>\nMat\u00e9riau du manche&nbsp;: FRCP bleu cobalt (copolym\u00e8re renforc\u00e9 de fibres de verre)<br \/>\n\u00c9paisseur du manche&nbsp;: 0,510&nbsp;po (13,0&nbsp;mm)<br \/>\nMat\u00e9riau de l&rsquo;insert&nbsp;: Acier inoxydable<br \/>\nM\u00e9canisme de verrouillage : Serrure avec roulement \u00e0 billes<br \/>\nAssemblage de broches&nbsp;:&nbsp;rondelles<br \/>\nClip de poche : Acier inoxydable (pliable, usure droite\/gauche)<br \/>\nPoids : 3,0 onces. (85g)<br \/>\nFabriqu\u00e9 aux \u00c9tats-Unis<\/p>\n<p>&nbsp;<\/p>\n<p>&nbsp;<\/p>\n","protected":false},"excerpt":{"rendered":"<p>Cette expression d&rsquo;\u00e9lite du Manix 2 Lightweight combine les avantages d&rsquo;\u00e9conomie de poids, les performances de coupe compl\u00e8tes et la solidit\u00e9 du m\u00e9canisme de verrouillage \u00e0 roulement \u00e0 billes avec la r\u00e9tention am\u00e9lior\u00e9e des bords et la r\u00e9sistance \u00e0 la corrosion du CPM-SPY27.<\/p>\n","protected":false},"featured_media":320447,"comment_status":"open","ping_status":"closed","template":"","meta":[],"pwb-brand":[3778],"product_brand":[],"product_cat":[3700,3696],"product_tag":[3754],"class_list":{"0":"post-320446","1":"product","2":"type-product","3":"status-publish","4":"has-post-thumbnail","6":"pwb-brand-spyderco-fr","7":"product_cat-couteaux-de-fermeture","8":"product_cat-des-couteaux","9":"product_tag-b2b-fr","11":"first","12":"instock","13":"taxable","14":"shipping-taxable","15":"purchasable","16":"product-type-simple"},"brands":[{"id":3778,"name":"Spyderco","slug":"spyderco-fr"}],"_links":{"self":[{"href":"https:\/\/www.moskito.cz\/fr\/wp-json\/wp\/v2\/product\/320446","targetHints":{"allow":["GET"]}}],"collection":[{"href":"https:\/\/www.moskito.cz\/fr\/wp-json\/wp\/v2\/product"}],"about":[{"href":"https:\/\/www.moskito.cz\/fr\/wp-json\/wp\/v2\/types\/product"}],"replies":[{"embeddable":true,"href":"https:\/\/www.moskito.cz\/fr\/wp-json\/wp\/v2\/comments?post=320446"}],"wp:featuredmedia":[{"embeddable":true,"href":"https:\/\/www.moskito.cz\/fr\/wp-json\/wp\/v2\/media\/320447"}],"wp:attachment":[{"href":"https:\/\/www.moskito.cz\/fr\/wp-json\/wp\/v2\/media?parent=320446"}],"wp:term":[{"taxonomy":"pwb-brand","embeddable":true,"href":"https:\/\/www.moskito.cz\/fr\/wp-json\/wp\/v2\/pwb-brand?post=320446"},{"taxonomy":"product_brand","embeddable":true,"href":"https:\/\/www.moskito.cz\/fr\/wp-json\/wp\/v2\/product_brand?post=320446"},{"taxonomy":"product_cat","embeddable":true,"href":"https:\/\/www.moskito.cz\/fr\/wp-json\/wp\/v2\/product_cat?post=320446"},{"taxonomy":"product_tag","embeddable":true,"href":"https:\/\/www.moskito.cz\/fr\/wp-json\/wp\/v2\/product_tag?post=320446"}],"curies":[{"name":"wp","href":"https:\/\/api.w.org\/{rel}","templated":true}]}}