{"id":320523,"date":"2024-03-19T15:49:23","date_gmt":"2024-03-19T14:50:26","guid":{"rendered":"https:\/\/www.moskito.cz\/produkt\/couteau-de-tir-microtech-combat-troodon-144-2ct-le\/"},"modified":"2025-05-07T11:05:53","modified_gmt":"2025-05-07T10:05:53","slug":"couteau-de-tir-microtech-combat-troodon-144-2ct-le","status":"publish","type":"product","link":"https:\/\/www.moskito.cz\/fr\/produkt\/couteau-de-tir-microtech-combat-troodon-144-2ct-le\/","title":{"rendered":"Couteau de tir Microtech Combat Troodon 144-2CT-LE"},"content":{"rendered":"<p>Couteau de tir <strong>Microtech<\/strong> Combat Troodon 144-2CT-LE.<\/p>\n<p><strong>Le Combat Troodon<\/strong> est un couteau frontal tactique fabriqu\u00e9 avec pr\u00e9cision. Il est 25 % plus grand que le produit phare Troodon. Il apporte une poign\u00e9e fine, une forme profil\u00e9e, des \u00e9l\u00e9ments de conception radicaux et un m\u00e9canisme interne sophistiqu\u00e9 qui am\u00e9liore la fonctionnalit\u00e9 op\u00e9rationnelle et la fiabilit\u00e9 \u00e0 plus grande \u00e9chelle. Le Combat Troodon est con\u00e7u pour une large gamme d&rsquo;applications utilitaires et de combat rapproch\u00e9.<\/p>\n<p>Fonction:<br \/>\nPoign\u00e9es textur\u00e9es pour une meilleure adh\u00e9rence<br \/>\nLame rainur\u00e9e et ch\u00e2ssis \u00e9vent\u00e9 pour \u00e9liminer la salet\u00e9 et les d\u00e9bris<br \/>\nLame et mat\u00e9riel DLC pour une meilleure r\u00e9sistance \u00e0 l&rsquo;usure et \u00e0 l&rsquo;abrasion<br \/>\nInt\u00e9rieur plaqu\u00e9 nickel et bore pour une r\u00e9sistance suppl\u00e9mentaire \u00e0 la corrosion<\/p>\n<p>Caract\u00e9ristiques:<br \/>\nAction&nbsp;:&nbsp;Tir et traction automatiques \u00e0 double action<br \/>\nAcier : M390<br \/>\nStyle de lame : Tanto<br \/>\nFinition de la lame&nbsp;: DLC noir<br \/>\nBris de verre&nbsp;: bris de verre \u00e0 pointe de tungst\u00e8ne<br \/>\nPoign\u00e9e&nbsp;: aluminium 6061-T6 frais\u00e9 UTD avec rev\u00eatement dur anodis\u00e9 noir Mil-Spec<br \/>\n\u00c9paisseur du manche : C\u00f4ne form\u00e9 Min 0,304\u2033 Max 435\u2033<br \/>\nLongueur ouvert : 23 cm<br \/>\nLongueur ferm\u00e9 : 13 cm<br \/>\nClip de poche&nbsp;: 301 Spring Tremp\u00e9, ambidextre<br \/>\nPoids : 5,3 onces.<\/p>\n<p><iframe title=\"Microtech Combat Troodon Torture Test\" width=\"800\" height=\"450\" src=\"https:\/\/www.youtube.com\/embed\/xE9TeOFYEjg?feature=oembed\" frameborder=\"0\" allow=\"accelerometer; autoplay; clipboard-write; encrypted-media; gyroscope; picture-in-picture; web-share\" allowfullscreen><\/iframe><\/p>\n<p>&nbsp;<\/p>\n","protected":false},"excerpt":{"rendered":"<div class=\"elementor-element elementor-element-bbb542b elementor-widget elementor-widget-woocommerce-product-short-description\" data-id=\"bbb542b\" data-element_type=\"widget\" data-widget_type=\"woocommerce-product-short-description.default\">\n<div class=\"elementor-widget-container\">\n<div class=\"woocommerce-product-details__short-description\">\n<p><strong>Au fil des ann\u00e9es, Microtech\u00ae Knives a rempli les couteaux avec passion et comp\u00e9tence pour cr\u00e9er presque des \u0153uvres d&rsquo;art qui sont le summum de la fonctionnalit\u00e9. Toutes les pi\u00e8ces sont fabriqu\u00e9es aux \u00c9tats-Unis.<\/strong><br \/>\n<strong>Tous les couteaux Microtech sont garantis \u00e0 vie.<\/strong><\/p>\n<p><strong>Transports gratuits.<\/strong><\/p>\n<\/div>\n<\/div>\n<\/div>\n","protected":false},"featured_media":320476,"comment_status":"open","ping_status":"closed","template":"","meta":[],"pwb-brand":[3751],"product_brand":[],"product_cat":[3699,3696],"product_tag":[3754],"class_list":{"0":"post-320523","1":"product","2":"type-product","3":"status-publish","4":"has-post-thumbnail","6":"pwb-brand-microtechnologie","7":"product_cat-couteaux-de-tir","8":"product_cat-des-couteaux","9":"product_tag-b2b-fr","11":"first","12":"instock","13":"taxable","14":"shipping-taxable","15":"purchasable","16":"product-type-simple"},"brands":[{"id":3751,"name":"Microtechnologie","slug":"microtechnologie"}],"_links":{"self":[{"href":"https:\/\/www.moskito.cz\/fr\/wp-json\/wp\/v2\/product\/320523","targetHints":{"allow":["GET"]}}],"collection":[{"href":"https:\/\/www.moskito.cz\/fr\/wp-json\/wp\/v2\/product"}],"about":[{"href":"https:\/\/www.moskito.cz\/fr\/wp-json\/wp\/v2\/types\/product"}],"replies":[{"embeddable":true,"href":"https:\/\/www.moskito.cz\/fr\/wp-json\/wp\/v2\/comments?post=320523"}],"wp:featuredmedia":[{"embeddable":true,"href":"https:\/\/www.moskito.cz\/fr\/wp-json\/wp\/v2\/media\/320476"}],"wp:attachment":[{"href":"https:\/\/www.moskito.cz\/fr\/wp-json\/wp\/v2\/media?parent=320523"}],"wp:term":[{"taxonomy":"pwb-brand","embeddable":true,"href":"https:\/\/www.moskito.cz\/fr\/wp-json\/wp\/v2\/pwb-brand?post=320523"},{"taxonomy":"product_brand","embeddable":true,"href":"https:\/\/www.moskito.cz\/fr\/wp-json\/wp\/v2\/product_brand?post=320523"},{"taxonomy":"product_cat","embeddable":true,"href":"https:\/\/www.moskito.cz\/fr\/wp-json\/wp\/v2\/product_cat?post=320523"},{"taxonomy":"product_tag","embeddable":true,"href":"https:\/\/www.moskito.cz\/fr\/wp-json\/wp\/v2\/product_tag?post=320523"}],"curies":[{"name":"wp","href":"https:\/\/api.w.org\/{rel}","templated":true}]}}