{"id":320581,"date":"2024-03-19T16:06:42","date_gmt":"2024-03-19T15:11:23","guid":{"rendered":"https:\/\/www.moskito.cz\/produkt\/microtech-combat-troodon-signature-series-shadow-damascus-black-142-16dlctsh-couteau-de-tir-damas\/"},"modified":"2025-05-07T11:05:54","modified_gmt":"2025-05-07T10:05:54","slug":"microtech-combat-troodon-signature-series-shadow-damascus-black-142-16dlctsh-couteau-de-tir-damas","status":"publish","type":"product","link":"https:\/\/www.moskito.cz\/fr\/produkt\/microtech-combat-troodon-signature-series-shadow-damascus-black-142-16dlctsh-couteau-de-tir-damas\/","title":{"rendered":"Microtech Combat Troodon Signature Series Shadow Damascus Black 142-16DLCTSH Couteau de tir Damas"},"content":{"rendered":"<p><strong>Microtech Combat Troodon<\/strong> Signature Series Shadow Damascus Black 142-16DLCTSH Couteau de tir Damas<\/p>\n<p><strong>Le Combat Troodon<\/strong> est un couteau frontal tactique fabriqu\u00e9 avec pr\u00e9cision. Il est 25 % plus grand que le produit phare Troodon. Il apporte une poign\u00e9e fine, une forme profil\u00e9e, des \u00e9l\u00e9ments de conception radicaux et un m\u00e9canisme interne sophistiqu\u00e9 qui am\u00e9liore la fonctionnalit\u00e9 op\u00e9rationnelle et la fiabilit\u00e9 \u00e0 plus grande \u00e9chelle. Le Combat Troodon est con\u00e7u pour une large gamme d&rsquo;applications utilitaires et de combat rapproch\u00e9. Les poign\u00e9es en aluminium comprennent un brise-verre, qui est un ajout tr\u00e8s int\u00e9ressant, et un dessus Ultem. Le couteau est mis en valeur par l&rsquo;incroyable anneau et l&rsquo;interrupteur de commande pour un aspect tr\u00e8s lisse, ainsi que bien s\u00fbr par la lame damas lamin\u00e9e.<br \/>\nCaract\u00e9ristiques<\/p>\n<p>Action&nbsp;:&nbsp;Tir et traction automatiques \u00e0 double action<br \/>\nAcier de la lame&nbsp;: Damas<br \/>\nStyle de lame&nbsp;:&nbsp;Dague \u00e0 double tranchant<br \/>\nLongueur de la lame : 9,37 cm<br \/>\nPoign\u00e9e : Elox \u00e0 rev\u00eatement dur en aluminium 6061-T6 Mil Spec<br \/>\n\u00c9paisseur de la poign\u00e9e&nbsp;: C\u00f4ne form\u00e9 Min 0,304&Prime; Max 435&Prime;<br \/>\nLongueur ouvert : 23 cm<br \/>\nClip de poche&nbsp;: 301 Spring Tremp\u00e9, ambidextre<br \/>\nPoids : 5,4 onces.<br \/>\nFabriqu\u00e9 aux \u00c9tats-Unis<\/p>\n<p><iframe title=\"Microtech Combat Troodon Torture Test\" width=\"800\" height=\"450\" src=\"https:\/\/www.youtube.com\/embed\/xE9TeOFYEjg?feature=oembed\" frameborder=\"0\" allow=\"accelerometer; autoplay; clipboard-write; encrypted-media; gyroscope; picture-in-picture; web-share\" allowfullscreen><\/iframe><\/p>\n<p>&nbsp;<\/p>\n<p>&nbsp;<\/p>\n","protected":false},"excerpt":{"rendered":"<div class=\"elementor-element elementor-element-bbb542b elementor-widget elementor-widget-woocommerce-product-short-description\" data-id=\"bbb542b\" data-element_type=\"widget\" data-widget_type=\"woocommerce-product-short-description.default\">\n<div class=\"elementor-widget-container\">\n<div class=\"woocommerce-product-details__short-description\">\n<p><strong>Au fil des ann\u00e9es, Microtech\u00ae Knives a rempli les couteaux avec passion et comp\u00e9tence pour cr\u00e9er presque des \u0153uvres d&rsquo;art qui sont le summum de la fonctionnalit\u00e9. Toutes les pi\u00e8ces sont fabriqu\u00e9es aux \u00c9tats-Unis.<\/strong><br \/>\n<strong>Tous les couteaux Microtech sont garantis \u00e0 vie.<\/strong><\/p>\n<p><strong>Transports gratuits.<\/strong><\/p>\n<\/div>\n<\/div>\n<\/div>\n","protected":false},"featured_media":320532,"comment_status":"open","ping_status":"closed","template":"","meta":[],"pwb-brand":[3751],"product_brand":[],"product_cat":[3760,3696],"product_tag":[3754],"class_list":{"0":"post-320581","1":"product","2":"type-product","3":"status-publish","4":"has-post-thumbnail","6":"pwb-brand-microtechnologie","7":"product_cat-couteaux-damasquines","8":"product_cat-des-couteaux","9":"product_tag-b2b-fr","11":"first","12":"instock","13":"taxable","14":"shipping-taxable","15":"purchasable","16":"product-type-simple"},"brands":[{"id":3751,"name":"Microtechnologie","slug":"microtechnologie"}],"_links":{"self":[{"href":"https:\/\/www.moskito.cz\/fr\/wp-json\/wp\/v2\/product\/320581","targetHints":{"allow":["GET"]}}],"collection":[{"href":"https:\/\/www.moskito.cz\/fr\/wp-json\/wp\/v2\/product"}],"about":[{"href":"https:\/\/www.moskito.cz\/fr\/wp-json\/wp\/v2\/types\/product"}],"replies":[{"embeddable":true,"href":"https:\/\/www.moskito.cz\/fr\/wp-json\/wp\/v2\/comments?post=320581"}],"wp:featuredmedia":[{"embeddable":true,"href":"https:\/\/www.moskito.cz\/fr\/wp-json\/wp\/v2\/media\/320532"}],"wp:attachment":[{"href":"https:\/\/www.moskito.cz\/fr\/wp-json\/wp\/v2\/media?parent=320581"}],"wp:term":[{"taxonomy":"pwb-brand","embeddable":true,"href":"https:\/\/www.moskito.cz\/fr\/wp-json\/wp\/v2\/pwb-brand?post=320581"},{"taxonomy":"product_brand","embeddable":true,"href":"https:\/\/www.moskito.cz\/fr\/wp-json\/wp\/v2\/product_brand?post=320581"},{"taxonomy":"product_cat","embeddable":true,"href":"https:\/\/www.moskito.cz\/fr\/wp-json\/wp\/v2\/product_cat?post=320581"},{"taxonomy":"product_tag","embeddable":true,"href":"https:\/\/www.moskito.cz\/fr\/wp-json\/wp\/v2\/product_tag?post=320581"}],"curies":[{"name":"wp","href":"https:\/\/api.w.org\/{rel}","templated":true}]}}