{"id":320652,"date":"2023-10-22T09:07:10","date_gmt":"2024-03-19T15:22:50","guid":{"rendered":"https:\/\/www.moskito.cz\/produkt\/couteau-de-tir-microtech-ultratech-tanto-orange-123-2or\/"},"modified":"2025-05-07T11:05:59","modified_gmt":"2025-05-07T10:05:59","slug":"couteau-de-tir-microtech-ultratech-tanto-orange-123-2or","status":"publish","type":"product","link":"https:\/\/www.moskito.cz\/fr\/produkt\/couteau-de-tir-microtech-ultratech-tanto-orange-123-2or\/","title":{"rendered":"Couteau de tir Microtech Ultratech Tanto Orange 123-2OR"},"content":{"rendered":"<p>Couteau de tir <strong>Microtech<\/strong> Ultratech Tanto Orange 123-2OR<\/p>\n<p><strong>Ultratech<\/strong> \u00e9tablira \u00e0 jamais la norme pour tous les couteaux avant. L&rsquo;Ultratech est le couteau avant \u00e0 double action original de Microtech et constitue la base de toute la gamme OTF. Il a subi plusieurs modifications au fil des ann\u00e9es, devenant \u00e0 chaque fois plus efficace et plus fiable. Le ressort Ultratech reste en position \u00ab\u00a0repos\u00a0\u00bb \u00e0 tout moment, sauf lorsqu&rsquo;il est \u00e9tir\u00e9. Cela garantit que le ressort comprim\u00e9 ne se fatigue pas, garantissant aux utilisateurs que lorsque le couteau est tir\u00e9, il fonctionnera efficacement. <strong>L&rsquo;Ultratech<\/strong> peut prendre de nombreuses formes diff\u00e9rentes&nbsp;; il peut \u00eatre fini avec une plaque d&rsquo;aluminium usin\u00e9e standard ou un morceau de fibre de carbone. L&rsquo;ouverture et la fermeture l\u00e9g\u00e8res d&rsquo;une seule main, la forme mince et la lame tranchante d&rsquo;un scalpel en font un couteau unique disponible uniquement chez <strong>Microtech<\/strong> . Ce couteau a prouv\u00e9 \u00e0 maintes reprises qu&rsquo;il pouvait r\u00e9sister \u00e0 n&rsquo;importe quel obstacle. Seul le temps nous dira quelle sera la prochaine \u00e9tape pour la gamme Ultratech.<\/p>\n<p>Caract\u00e9ristiques<br \/>\nOuverture\/fermeture automatique &#8211; ouverture frontale<br \/>\nAction&nbsp;: Action de duel&nbsp;\u2013&nbsp;Tir\/R\u00e9traction automatique<br \/>\nLongueur totale : 22 cm<br \/>\nLongueur de la lame : 8,6 cm<br \/>\n\u00c9paisseur de la lame : 0,33 cm<br \/>\nMat\u00e9riau de la lame : M390<\/p>\n<p>Style de lame&nbsp;: Tanto \u00e0 bord unique, bord combin\u00e9<br \/>\nMat\u00e9riau de la poign\u00e9e&nbsp;: aluminium 6061-T6 \u00e0 rev\u00eatement dur orange Mil-Spec Elox<br \/>\nMat\u00e9riau du clip de poche&nbsp;:&nbsp;301 inoxydable enti\u00e8rement dur<br \/>\nTige standard&nbsp;: alliage 6061-T6 AL<br \/>\nG\u00e2chette&nbsp;:&nbsp;303 inoxydable<br \/>\nFabriqu\u00e9 aux \u00c9tats-Unis<\/p>\n<p><iframe title=\"Microtech Combat Troodon Torture Test\" width=\"800\" height=\"450\" src=\"https:\/\/www.youtube.com\/embed\/xE9TeOFYEjg?feature=oembed\" frameborder=\"0\" allow=\"accelerometer; autoplay; clipboard-write; encrypted-media; gyroscope; picture-in-picture; web-share\" allowfullscreen><\/iframe><\/p>\n<p>&nbsp;<\/p>\n","protected":false},"excerpt":{"rendered":"<p><strong>Au fil des ann\u00e9es, Microtech\u00ae Knives a rempli les couteaux avec passion et comp\u00e9tence pour cr\u00e9er presque des \u0153uvres d&rsquo;art qui sont le summum de la fonctionnalit\u00e9. Toutes les pi\u00e8ces sont fabriqu\u00e9es aux \u00c9tats-Unis.<\/strong><br \/>\n<strong>Tous les couteaux Microtech sont garantis \u00e0 vie.<\/strong><\/p>\n<p><strong>Transports gratuits.<\/strong><\/p>\n","protected":false},"featured_media":320668,"comment_status":"open","ping_status":"closed","template":"","meta":[],"pwb-brand":[3751],"product_brand":[],"product_cat":[3700,3696],"product_tag":[3754],"class_list":{"0":"post-320652","1":"product","2":"type-product","3":"status-publish","4":"has-post-thumbnail","6":"pwb-brand-microtechnologie","7":"product_cat-couteaux-de-fermeture","8":"product_cat-des-couteaux","9":"product_tag-b2b-fr","11":"first","12":"instock","13":"taxable","14":"shipping-taxable","15":"purchasable","16":"product-type-simple"},"brands":[{"id":3751,"name":"Microtechnologie","slug":"microtechnologie"}],"_links":{"self":[{"href":"https:\/\/www.moskito.cz\/fr\/wp-json\/wp\/v2\/product\/320652","targetHints":{"allow":["GET"]}}],"collection":[{"href":"https:\/\/www.moskito.cz\/fr\/wp-json\/wp\/v2\/product"}],"about":[{"href":"https:\/\/www.moskito.cz\/fr\/wp-json\/wp\/v2\/types\/product"}],"replies":[{"embeddable":true,"href":"https:\/\/www.moskito.cz\/fr\/wp-json\/wp\/v2\/comments?post=320652"}],"wp:featuredmedia":[{"embeddable":true,"href":"https:\/\/www.moskito.cz\/fr\/wp-json\/wp\/v2\/media\/320668"}],"wp:attachment":[{"href":"https:\/\/www.moskito.cz\/fr\/wp-json\/wp\/v2\/media?parent=320652"}],"wp:term":[{"taxonomy":"pwb-brand","embeddable":true,"href":"https:\/\/www.moskito.cz\/fr\/wp-json\/wp\/v2\/pwb-brand?post=320652"},{"taxonomy":"product_brand","embeddable":true,"href":"https:\/\/www.moskito.cz\/fr\/wp-json\/wp\/v2\/product_brand?post=320652"},{"taxonomy":"product_cat","embeddable":true,"href":"https:\/\/www.moskito.cz\/fr\/wp-json\/wp\/v2\/product_cat?post=320652"},{"taxonomy":"product_tag","embeddable":true,"href":"https:\/\/www.moskito.cz\/fr\/wp-json\/wp\/v2\/product_tag?post=320652"}],"curies":[{"name":"wp","href":"https:\/\/api.w.org\/{rel}","templated":true}]}}