{"id":320688,"date":"2023-11-08T16:12:51","date_gmt":"2024-03-19T15:22:57","guid":{"rendered":"https:\/\/www.moskito.cz\/produkt\/couteau-de-tir-microtech-utx-85-clone-trooper-232-1co\/"},"modified":"2025-05-07T11:05:59","modified_gmt":"2025-05-07T10:05:59","slug":"couteau-de-tir-microtech-utx-85-clone-trooper-232-1co","status":"publish","type":"product","link":"https:\/\/www.moskito.cz\/fr\/produkt\/couteau-de-tir-microtech-utx-85-clone-trooper-232-1co\/","title":{"rendered":"Couteau de tir Microtech UTX-85 Clone Trooper 232-1CO"},"content":{"rendered":"<p>Couteau de tir <strong>Microtech<\/strong> UTX-85 Clone Trooper 232-1CO<\/p>\n<p>Le Microtech UTX-85 est un couteau de taille moyenne de la gamme Ultratech. Ce mod\u00e8le est con\u00e7u avec un ch\u00e2ssis moul\u00e9 pour une adh\u00e9rence, une convivialit\u00e9 et un confort maximum. Comporte des patchs de texture le long de la colonne vert\u00e9brale aux bons endroits pour garantir une adh\u00e9rence maximale lorsque vous en avez besoin. Ces couteaux Microtech disposent \u00e9galement d&rsquo;un interrupteur d&rsquo;incendie pratique et d&rsquo;un brise-verre en carbure de tungst\u00e8ne test\u00e9 au combat.<\/p>\n<p>Le Microtech UTX-85 offre les m\u00eames performances que l&rsquo;Ultratech, mais a \u00e9t\u00e9 r\u00e9duit de 85 % pour ceux qui pr\u00e9f\u00e8rent un couteau plus petit et plus cach\u00e9. Il s&rsquo;agit d&rsquo;un excellent choix pour les utilisateurs \u00e0 la recherche d&rsquo;un OTF double action plus l\u00e9ger et plus petit, offrant les m\u00eames performances que l&rsquo;Ultratech pleine taille.<\/p>\n<p>Longueur totale : 19,1 cm<br \/>\nLongueur ferm\u00e9 : 11,1 cm<br \/>\nLongueur de la lame : 7,9 cm<br \/>\n\u00c9paisseur de la lame : 0,32 cm<br \/>\nStyle de bordure&nbsp;:&nbsp;Unie<br \/>\nMat\u00e9riau du manche : Clone Trooper Aluminium<br \/>\n\u00c9paisseur du manche : 1,2 cm<br \/>\nClip de poche&nbsp;: rabattable<br \/>\nPoids : 82,22 g<br \/>\nFabricant R\u00e9f. #&nbsp;:&nbsp;232-1CO<br \/>\nPays d&rsquo;origine : \u00c9tats-Unis<\/p>\n<p><iframe title=\"Microtech Combat Troodon Torture Test\" width=\"800\" height=\"450\" src=\"https:\/\/www.youtube.com\/embed\/xE9TeOFYEjg?feature=oembed\" frameborder=\"0\" allow=\"accelerometer; autoplay; clipboard-write; encrypted-media; gyroscope; picture-in-picture; web-share\" allowfullscreen><\/iframe><\/p>\n<p>&nbsp;<\/p>\n","protected":false},"excerpt":{"rendered":"<div class=\"elementor-element elementor-element-bbb542b elementor-widget elementor-widget-woocommerce-product-short-description\" data-id=\"bbb542b\" data-element_type=\"widget\" data-widget_type=\"woocommerce-product-short-description.default\">\n<div class=\"elementor-widget-container\">\n<div class=\"woocommerce-product-details__short-description\">\n<p><strong>L&rsquo;Ultratech de Microtech est l&rsquo;un de leurs mod\u00e8les les plus populaires, offrant certainement le meilleur rapport qualit\u00e9-prix.<\/strong><\/p>\n<p><strong>Tous les couteaux Microtech sont garantis \u00e0 vie. <\/strong><\/p>\n<p><strong>Transports gratuits.<\/strong><\/p>\n<\/div>\n<\/div>\n<\/div>\n","protected":false},"featured_media":320695,"comment_status":"open","ping_status":"closed","template":"","meta":[],"pwb-brand":[3751],"product_brand":[],"product_cat":[3699,3696],"product_tag":[3754],"class_list":{"0":"post-320688","1":"product","2":"type-product","3":"status-publish","4":"has-post-thumbnail","6":"pwb-brand-microtechnologie","7":"product_cat-couteaux-de-tir","8":"product_cat-des-couteaux","9":"product_tag-b2b-fr","11":"first","12":"instock","13":"taxable","14":"shipping-taxable","15":"purchasable","16":"product-type-simple"},"brands":[{"id":3751,"name":"Microtechnologie","slug":"microtechnologie"}],"_links":{"self":[{"href":"https:\/\/www.moskito.cz\/fr\/wp-json\/wp\/v2\/product\/320688","targetHints":{"allow":["GET"]}}],"collection":[{"href":"https:\/\/www.moskito.cz\/fr\/wp-json\/wp\/v2\/product"}],"about":[{"href":"https:\/\/www.moskito.cz\/fr\/wp-json\/wp\/v2\/types\/product"}],"replies":[{"embeddable":true,"href":"https:\/\/www.moskito.cz\/fr\/wp-json\/wp\/v2\/comments?post=320688"}],"wp:featuredmedia":[{"embeddable":true,"href":"https:\/\/www.moskito.cz\/fr\/wp-json\/wp\/v2\/media\/320695"}],"wp:attachment":[{"href":"https:\/\/www.moskito.cz\/fr\/wp-json\/wp\/v2\/media?parent=320688"}],"wp:term":[{"taxonomy":"pwb-brand","embeddable":true,"href":"https:\/\/www.moskito.cz\/fr\/wp-json\/wp\/v2\/pwb-brand?post=320688"},{"taxonomy":"product_brand","embeddable":true,"href":"https:\/\/www.moskito.cz\/fr\/wp-json\/wp\/v2\/product_brand?post=320688"},{"taxonomy":"product_cat","embeddable":true,"href":"https:\/\/www.moskito.cz\/fr\/wp-json\/wp\/v2\/product_cat?post=320688"},{"taxonomy":"product_tag","embeddable":true,"href":"https:\/\/www.moskito.cz\/fr\/wp-json\/wp\/v2\/product_tag?post=320688"}],"curies":[{"name":"wp","href":"https:\/\/api.w.org\/{rel}","templated":true}]}}