{"id":320691,"date":"2023-10-21T10:55:45","date_gmt":"2024-03-19T15:22:57","guid":{"rendered":"https:\/\/www.moskito.cz\/produkt\/couteau-de-fermeture-microtech-anax-titanium-carbon-191c-3dlctcfiti\/"},"modified":"2025-05-07T11:06:00","modified_gmt":"2025-05-07T10:06:00","slug":"couteau-de-fermeture-microtech-anax-titanium-carbon-191c-3dlctcfiti","status":"publish","type":"product","link":"https:\/\/www.moskito.cz\/fr\/produkt\/couteau-de-fermeture-microtech-anax-titanium-carbon-191c-3dlctcfiti\/","title":{"rendered":"Couteau de fermeture Microtech Anax Titanium Carbon 191C-3DLCTCFITI"},"content":{"rendered":"<p>Couteau de fermeture <strong>Microtech<\/strong> Anax Titanium Carbon 191C-3DLCTCFITI<\/p>\n<p>Con\u00e7u par Microtech et fabriqu\u00e9 par Rike Knife, l&rsquo;Anax est toujours une pi\u00e8ce enti\u00e8rement int\u00e9gr\u00e9e. Il a une taille de lame et un rapport largeur\/poign\u00e9e incroyables, et offre une grande puissance de coupe dans un emballage fin, mince mais robuste. La forme de la lame \u00e0 pointe tombante est excellente : elle offre suffisamment de ventre pour trancher et poss\u00e8de une pointe exceptionnellement solide pour une puissance de couteau. Il est fabriqu\u00e9 en acier inoxydable M390, qui est aussi esth\u00e9tique que n&rsquo;importe quelle lame. La taille Anax est id\u00e9ale si vous pr\u00e9f\u00e9rez une lame EDC plus grande qui peut facilement se transformer en un r\u00f4le tactique. La poign\u00e9e est une seule pi\u00e8ce solide de titane accentu\u00e9e par un insert en fibre de carbone de taille pr\u00e9sentation. Tout dans ce couteau est synonyme de qualit\u00e9 et c&rsquo;est celui que vous voudrez porter tous les jours&nbsp;; s\u00fbr de devenir un favori de la collection en un rien de temps. Livr\u00e9 avec une paire de c\u00e2bles amovibles et des embouts pour la broche et le mat\u00e9riel.<\/p>\n<p>Longueur totale : 21,8 cm<br \/>\nLongueur de la lame : 9,4 cm<br \/>\n\u00c9paisseur de la lame : 0,4 cm<br \/>\nAcier de la lame : M390<br \/>\nTraitement de surface de la lame : DLC<br \/>\nMat\u00e9riau du manche&nbsp;:&nbsp;Titane DLC Integral 6Al4V noir avec insert en fibre de carbone<br \/>\nAssemblage de broches&nbsp;: roulements<br \/>\nClip de poche : bille en c\u00e9ramique titane (pliable, usure droite)<br \/>\nPoids : 5,00 onces.<br \/>\nCr\u00e9ateur : Tony Marfione<\/p>\n<p><iframe title=\"Microtech Combat Troodon Torture Test\" width=\"800\" height=\"450\" src=\"https:\/\/www.youtube.com\/embed\/xE9TeOFYEjg?feature=oembed\" frameborder=\"0\" allow=\"accelerometer; autoplay; clipboard-write; encrypted-media; gyroscope; picture-in-picture; web-share\" allowfullscreen><\/iframe><\/p>\n<p>&nbsp;<\/p>\n","protected":false},"excerpt":{"rendered":"<p><strong>Au fil des ann\u00e9es, Microtech\u00ae Knives a rempli les couteaux avec passion et comp\u00e9tence pour cr\u00e9er presque des \u0153uvres d&rsquo;art qui sont le summum de la fonctionnalit\u00e9. Toutes les pi\u00e8ces sont fabriqu\u00e9es aux \u00c9tats-Unis.<\/strong><br \/>\n<strong>Tous les couteaux Microtech sont garantis \u00e0 vie (min. 80 000 cycles, ouverture et fermeture)<\/strong><\/p>\n<p><strong>Transports gratuits.<\/strong><\/p>\n","protected":false},"featured_media":320705,"comment_status":"open","ping_status":"closed","template":"","meta":[],"pwb-brand":[3751],"product_brand":[],"product_cat":[3700,3696],"product_tag":[3754],"class_list":{"0":"post-320691","1":"product","2":"type-product","3":"status-publish","4":"has-post-thumbnail","6":"pwb-brand-microtechnologie","7":"product_cat-couteaux-de-fermeture","8":"product_cat-des-couteaux","9":"product_tag-b2b-fr","11":"first","12":"instock","13":"taxable","14":"shipping-taxable","15":"purchasable","16":"product-type-simple"},"brands":[{"id":3751,"name":"Microtechnologie","slug":"microtechnologie"}],"_links":{"self":[{"href":"https:\/\/www.moskito.cz\/fr\/wp-json\/wp\/v2\/product\/320691","targetHints":{"allow":["GET"]}}],"collection":[{"href":"https:\/\/www.moskito.cz\/fr\/wp-json\/wp\/v2\/product"}],"about":[{"href":"https:\/\/www.moskito.cz\/fr\/wp-json\/wp\/v2\/types\/product"}],"replies":[{"embeddable":true,"href":"https:\/\/www.moskito.cz\/fr\/wp-json\/wp\/v2\/comments?post=320691"}],"wp:featuredmedia":[{"embeddable":true,"href":"https:\/\/www.moskito.cz\/fr\/wp-json\/wp\/v2\/media\/320705"}],"wp:attachment":[{"href":"https:\/\/www.moskito.cz\/fr\/wp-json\/wp\/v2\/media?parent=320691"}],"wp:term":[{"taxonomy":"pwb-brand","embeddable":true,"href":"https:\/\/www.moskito.cz\/fr\/wp-json\/wp\/v2\/pwb-brand?post=320691"},{"taxonomy":"product_brand","embeddable":true,"href":"https:\/\/www.moskito.cz\/fr\/wp-json\/wp\/v2\/product_brand?post=320691"},{"taxonomy":"product_cat","embeddable":true,"href":"https:\/\/www.moskito.cz\/fr\/wp-json\/wp\/v2\/product_cat?post=320691"},{"taxonomy":"product_tag","embeddable":true,"href":"https:\/\/www.moskito.cz\/fr\/wp-json\/wp\/v2\/product_tag?post=320691"}],"curies":[{"name":"wp","href":"https:\/\/api.w.org\/{rel}","templated":true}]}}