{"id":320723,"date":"2023-11-13T17:12:19","date_gmt":"2024-03-19T15:22:59","guid":{"rendered":"https:\/\/www.moskito.cz\/produkt\/couteau-de-tir-microtech-signature-series-ultratech-sandtrooper-sandtrooper-hellhound-119-1setsads\/"},"modified":"2025-05-07T11:06:00","modified_gmt":"2025-05-07T10:06:00","slug":"couteau-de-tir-microtech-signature-series-ultratech-sandtrooper-sandtrooper-hellhound-119-1setsads","status":"publish","type":"product","link":"https:\/\/www.moskito.cz\/fr\/produkt\/couteau-de-tir-microtech-signature-series-ultratech-sandtrooper-sandtrooper-hellhound-119-1setsads\/","title":{"rendered":"Couteau de tir Microtech Signature Series Ultratech Sandtrooper Sandtrooper Hellhound 119-1SETSADS"},"content":{"rendered":"<p>Couteau de tir <strong>Microtech<\/strong> Signature Series Ultratech Sandtrooper Sandtrooper Hellhound 119-1SETSADS<\/p>\n<p><strong>Ultratech<\/strong> \u00e9tablira \u00e0 jamais la norme pour tous les couteaux avant. L&rsquo;Ultratech est le couteau avant double action original de Microtech et constitue la base de toute leur gamme OTF. Il a subi plusieurs modifications au fil des ann\u00e9es, devenant \u00e0 chaque fois plus efficace et plus fiable. Cette version a une texture tri-grip am\u00e9lior\u00e9e sur la glissi\u00e8re du pouce pour un achat plus positif ainsi qu&rsquo;une lame et un manche en sable blanc qui appellent ce mod\u00e8le le Sandtrooper. Il porte \u00e9galement un logo Imperial Crest tr\u00e8s cool sur le clip de poche, qui \u00e9tait le symbole des six rayons de l&rsquo;Empire Galactique de Sheev Palpatine. Le ressort Ultratech reste en position \u00ab\u00a0repos\u00a0\u00bb \u00e0 tout moment, sauf lorsqu&rsquo;il est \u00e9tir\u00e9. Cela garantit que le ressort comprim\u00e9 ne se fatigue pas, garantissant aux utilisateurs que lorsque le couteau est tir\u00e9, il fonctionnera efficacement. L&rsquo;ouverture et la fermeture l\u00e9g\u00e8res d&rsquo;une seule main, la conception mince et la lame tranchante d&rsquo;un scalpel en font un couteau unique disponible uniquement via Microtech. Ce couteau a prouv\u00e9 \u00e0 maintes reprises qu&rsquo;il pouvait r\u00e9sister \u00e0 n&rsquo;importe quel obstacle.<br \/>\nCaract\u00e9ristiques:<\/p>\n<p>Ouverture\/fermeture automatique &#8211; ouverture frontale<br \/>\nAction : Double action \u2013 Tir\/r\u00e9traction automatique<br \/>\nStyles de lames&nbsp;: Hellhound Tanto et Warhound<br \/>\nFinition de la lame : Sandtrooper<br \/>\nAcier : M390<br \/>\nMat\u00e9riau de la poign\u00e9e&nbsp;: aluminium anodis\u00e9 blanc 6061-T6 \u00e0 rev\u00eatement dur Mil-Spec, grav\u00e9 en profondeur<br \/>\nLongueur de la lame : 8,45 cm<br \/>\nLongueur du manche : 12,5 cm<br \/>\nMat\u00e9riau du clip de poche&nbsp;:&nbsp;301 inoxydable<br \/>\nTige standard&nbsp;: alliage 6061-T6 AL<br \/>\nG\u00e2chette&nbsp;:&nbsp;303 inoxydable<br \/>\nPoids : 3,4 onces.<br \/>\nBrise-vitre<br \/>\nFabriqu\u00e9 aux \u00c9tats-Unis<\/p>\n<p><iframe title=\"Microtech Combat Troodon Torture Test\" width=\"800\" height=\"450\" src=\"https:\/\/www.youtube.com\/embed\/xE9TeOFYEjg?feature=oembed\" frameborder=\"0\" allow=\"accelerometer; autoplay; clipboard-write; encrypted-media; gyroscope; picture-in-picture; web-share\" allowfullscreen><\/iframe><\/p>\n<p>&nbsp;<\/p>\n<p>&nbsp;<\/p>\n","protected":false},"excerpt":{"rendered":"<p><strong>L&rsquo;Ultratech de Microtech est l&rsquo;un de leurs mod\u00e8les les plus populaires, offrant certainement le meilleur rapport qualit\u00e9-prix.<\/strong><\/p>\n<p><strong>Tous les couteaux Microtech sont garantis \u00e0 vie.<\/strong><\/p>\n<p><strong>Transports gratuits.<\/strong><\/p>\n","protected":false},"featured_media":320728,"comment_status":"open","ping_status":"closed","template":"","meta":[],"pwb-brand":[3751],"product_brand":[],"product_cat":[3699,3696],"product_tag":[3754],"class_list":{"0":"post-320723","1":"product","2":"type-product","3":"status-publish","4":"has-post-thumbnail","6":"pwb-brand-microtechnologie","7":"product_cat-couteaux-de-tir","8":"product_cat-des-couteaux","9":"product_tag-b2b-fr","11":"first","12":"outofstock","13":"taxable","14":"shipping-taxable","15":"purchasable","16":"product-type-simple"},"brands":[{"id":3751,"name":"Microtechnologie","slug":"microtechnologie"}],"_links":{"self":[{"href":"https:\/\/www.moskito.cz\/fr\/wp-json\/wp\/v2\/product\/320723","targetHints":{"allow":["GET"]}}],"collection":[{"href":"https:\/\/www.moskito.cz\/fr\/wp-json\/wp\/v2\/product"}],"about":[{"href":"https:\/\/www.moskito.cz\/fr\/wp-json\/wp\/v2\/types\/product"}],"replies":[{"embeddable":true,"href":"https:\/\/www.moskito.cz\/fr\/wp-json\/wp\/v2\/comments?post=320723"}],"wp:featuredmedia":[{"embeddable":true,"href":"https:\/\/www.moskito.cz\/fr\/wp-json\/wp\/v2\/media\/320728"}],"wp:attachment":[{"href":"https:\/\/www.moskito.cz\/fr\/wp-json\/wp\/v2\/media?parent=320723"}],"wp:term":[{"taxonomy":"pwb-brand","embeddable":true,"href":"https:\/\/www.moskito.cz\/fr\/wp-json\/wp\/v2\/pwb-brand?post=320723"},{"taxonomy":"product_brand","embeddable":true,"href":"https:\/\/www.moskito.cz\/fr\/wp-json\/wp\/v2\/product_brand?post=320723"},{"taxonomy":"product_cat","embeddable":true,"href":"https:\/\/www.moskito.cz\/fr\/wp-json\/wp\/v2\/product_cat?post=320723"},{"taxonomy":"product_tag","embeddable":true,"href":"https:\/\/www.moskito.cz\/fr\/wp-json\/wp\/v2\/product_tag?post=320723"}],"curies":[{"name":"wp","href":"https:\/\/api.w.org\/{rel}","templated":true}]}}