{"id":320736,"date":"2023-11-10T15:22:55","date_gmt":"2024-03-19T15:23:00","guid":{"rendered":"https:\/\/www.moskito.cz\/produkt\/couteau-de-tir-microtech-utx-85-serie-halloween-231-1hws\/"},"modified":"2025-05-07T11:06:01","modified_gmt":"2025-05-07T10:06:01","slug":"couteau-de-tir-microtech-utx-85-serie-halloween-231-1hws","status":"publish","type":"product","link":"https:\/\/www.moskito.cz\/fr\/produkt\/couteau-de-tir-microtech-utx-85-serie-halloween-231-1hws\/","title":{"rendered":"Couteau de tir Microtech UTX-85 S\u00c9RIE HALLOWEEN 231-1HWS"},"content":{"rendered":"<p>Couteau de tir <strong>Microtech<\/strong> UTX-85 S\u00c9RIE HALLOWEEN 231-1HWS<\/p>\n<p>Le Microtech UTX-85 est une version 15 % plus petite du bien-aim\u00e9 Ultratech . Il offre la m\u00eame action vive et fiable, les m\u00eames mat\u00e9riaux haut de gamme et la m\u00eame esth\u00e9tique g\u00e9n\u00e9rale que son grand fr\u00e8re, mais dans un format plus court. Microtech s\u00e9lectionne les mat\u00e9riaux de lame qui offrent la meilleure r\u00e9tention des bords, la meilleure t\u00e9nacit\u00e9 et r\u00e9sistance \u00e0 la corrosion, ce qui fait de ce couteau automatique \u00e0 double action OTF un plaisir de travailler avec. Vous pouvez compter sur lui dans les situations d\u2019autod\u00e9fense et lors d\u2019une utilisation intensive de l\u2019EDC. Quoi qu\u2019il arrive, l\u2019UTX-85 vous soutient.<\/p>\n<p>Le Microtech UTX-85 est disponible dans une vari\u00e9t\u00e9 de couleurs, de formes de lames et de finitions.<\/p>\n<p>Action&nbsp;: Double action \u2013&nbsp;Tir automatique\/r\u00e9traction automatique<br \/>\nLongueur totale : 18,75 cm<br \/>\nLongueur de la lame : 7,81 cm<br \/>\nTranchant : 7,17 cm<br \/>\n\u00c9paisseur de la lame : 0,32 cm<br \/>\nMat\u00e9riau de la lame : Bohler M390<br \/>\nStyle de lame : Drop Point \u2013 FINITION NOIRE<br \/>\nCh\u00e2ssis : Alliage AL 6061-T6, rev\u00eatement dur Mil-Spec orange anodis\u00e9 &#8211; GRAVINY BAT<br \/>\nMat\u00e9riau du manche : aluminium<br \/>\nClip de poche : Acier inoxydable 301 &#8211; GRAVURE JACK-O-LANTERN<br \/>\nTige standard&nbsp;: alliage 6061-T6 AL<br \/>\nG\u00e2chette&nbsp;: acier inoxydable 303<br \/>\nPoids : 2,8 onces.<br \/>\nFabriqu\u00e9 aux \u00c9tats-Unis<\/p>\n<p><iframe title=\"Microtech Combat Troodon Torture Test\" width=\"800\" height=\"450\" src=\"https:\/\/www.youtube.com\/embed\/xE9TeOFYEjg?feature=oembed\" frameborder=\"0\" allow=\"accelerometer; autoplay; clipboard-write; encrypted-media; gyroscope; picture-in-picture; web-share\" allowfullscreen><\/iframe><\/p>\n<p>&nbsp;<\/p>\n<p>&nbsp;<\/p>\n<p>&nbsp;<\/p>\n","protected":false},"excerpt":{"rendered":"<p><strong>Au fil des ann\u00e9es, Microtech\u00ae Knives a rempli les couteaux avec passion et comp\u00e9tence pour cr\u00e9er presque des \u0153uvres d&rsquo;art qui sont le summum de la fonctionnalit\u00e9. Toutes les pi\u00e8ces sont fabriqu\u00e9es aux \u00c9tats-Unis.<\/strong><br \/>\n<strong>Tous les couteaux Microtech sont garantis \u00e0 vie.<\/strong><\/p>\n<p><strong>Transports gratuits.<\/strong><\/p>\n","protected":false},"featured_media":320751,"comment_status":"open","ping_status":"closed","template":"","meta":[],"pwb-brand":[3751],"product_brand":[],"product_cat":[3699,3696],"product_tag":[3754],"class_list":{"0":"post-320736","1":"product","2":"type-product","3":"status-publish","4":"has-post-thumbnail","6":"pwb-brand-microtechnologie","7":"product_cat-couteaux-de-tir","8":"product_cat-des-couteaux","9":"product_tag-b2b-fr","11":"first","12":"outofstock","13":"taxable","14":"shipping-taxable","15":"purchasable","16":"product-type-simple"},"brands":[{"id":3751,"name":"Microtechnologie","slug":"microtechnologie"}],"_links":{"self":[{"href":"https:\/\/www.moskito.cz\/fr\/wp-json\/wp\/v2\/product\/320736","targetHints":{"allow":["GET"]}}],"collection":[{"href":"https:\/\/www.moskito.cz\/fr\/wp-json\/wp\/v2\/product"}],"about":[{"href":"https:\/\/www.moskito.cz\/fr\/wp-json\/wp\/v2\/types\/product"}],"replies":[{"embeddable":true,"href":"https:\/\/www.moskito.cz\/fr\/wp-json\/wp\/v2\/comments?post=320736"}],"wp:featuredmedia":[{"embeddable":true,"href":"https:\/\/www.moskito.cz\/fr\/wp-json\/wp\/v2\/media\/320751"}],"wp:attachment":[{"href":"https:\/\/www.moskito.cz\/fr\/wp-json\/wp\/v2\/media?parent=320736"}],"wp:term":[{"taxonomy":"pwb-brand","embeddable":true,"href":"https:\/\/www.moskito.cz\/fr\/wp-json\/wp\/v2\/pwb-brand?post=320736"},{"taxonomy":"product_brand","embeddable":true,"href":"https:\/\/www.moskito.cz\/fr\/wp-json\/wp\/v2\/product_brand?post=320736"},{"taxonomy":"product_cat","embeddable":true,"href":"https:\/\/www.moskito.cz\/fr\/wp-json\/wp\/v2\/product_cat?post=320736"},{"taxonomy":"product_tag","embeddable":true,"href":"https:\/\/www.moskito.cz\/fr\/wp-json\/wp\/v2\/product_tag?post=320736"}],"curies":[{"name":"wp","href":"https:\/\/api.w.org\/{rel}","templated":true}]}}