{"id":320827,"date":"2023-11-13T16:48:05","date_gmt":"2024-03-19T15:23:04","guid":{"rendered":"https:\/\/www.moskito.cz\/produkt\/couteau-de-tir-microtech-special-bounty-hunter-ultratech-123-11bh\/"},"modified":"2025-05-07T11:06:03","modified_gmt":"2025-05-07T10:06:03","slug":"couteau-de-tir-microtech-special-bounty-hunter-ultratech-123-11bh","status":"publish","type":"product","link":"https:\/\/www.moskito.cz\/fr\/produkt\/couteau-de-tir-microtech-special-bounty-hunter-ultratech-123-11bh\/","title":{"rendered":"Couteau de tir Microtech Sp\u00e9cial Bounty Hunter Ultratech 123-11BH"},"content":{"rendered":"<p>Couteau de tir <strong>Microtech<\/strong> Sp\u00e9cial Bounty Hunter Ultratech 123-11BH<\/p>\n<p>Ultratech \u00e9tablira \u00e0 jamais la norme pour tous les couteaux avant. L&rsquo;Ultratech est le couteau avant double action original de Microtech et constitue la base de toute leur gamme OTF. Il a subi plusieurs modifications au fil des ann\u00e9es, devenant \u00e0 chaque fois plus efficace et plus fiable. Cette version pr\u00e9sente une texture tri-grip am\u00e9lior\u00e9e sur la glissi\u00e8re du pouce pour un achat plus positif et une poign\u00e9e verte apocalyptique avec du mat\u00e9riel rouge, donnant \u00e0 ce mod\u00e8le le surnom de Bounty Hunter alias Boba Fett. Il a \u00e9galement un logo Mythosaure tr\u00e8s cool sur le clip de poche qui \u00e9tait le symbole du cr\u00e2ne des Vrais Mandaloriens. Le ressort Ultratech reste en position \u00ab\u00a0repos\u00a0\u00bb \u00e0 tout moment, sauf lorsqu&rsquo;il est \u00e9tir\u00e9. Cela garantit que le ressort comprim\u00e9 ne se fatigue pas, garantissant aux utilisateurs que lorsque le couteau est tir\u00e9, il fonctionnera efficacement. L&rsquo;ouverture et la fermeture l\u00e9g\u00e8res d&rsquo;une seule main, la forme mince et la lame tranchante d&rsquo;un scalpel en font un couteau unique disponible uniquement chez Microtech. Ce couteau a prouv\u00e9 \u00e0 maintes reprises qu&rsquo;il pouvait r\u00e9sister \u00e0 n&rsquo;importe quel obstacle et est \u00e0 notre avis le plus d\u00e9sirable de la gamme Star Wars Ultratech.<\/p>\n<p>Caract\u00e9ristiques:<\/p>\n<p>Ouverture\/fermeture automatique &#8211; ouverture frontale<br \/>\nAction : Double action \u2013 Tir\/r\u00e9traction automatique<br \/>\nStyle de lame&nbsp;: Tanto \u00e0 bord unique, partie dentel\u00e9e<br \/>\nMat\u00e9riau de la poign\u00e9e&nbsp;: aluminium 6061-T6 avec rev\u00eatement dur anodis\u00e9 vert apocalyptique Mil-Spec<br \/>\nLongueur de la lame : 8,45 cm Acier : M390<br \/>\nLongueur du manche : 12,5 cm<br \/>\nMat\u00e9riau du clip de poche&nbsp;:&nbsp;301 inoxydable<br \/>\nTige standard&nbsp;: alliage 6061-T6 AL<br \/>\nG\u00e2chette&nbsp;:&nbsp;303 inoxydable<br \/>\nBrise-vitre<br \/>\nFabriqu\u00e9 aux \u00c9tats-Unis<\/p>\n<p><iframe title=\"Microtech Combat Troodon Torture Test\" width=\"800\" height=\"450\" src=\"https:\/\/www.youtube.com\/embed\/xE9TeOFYEjg?feature=oembed\" frameborder=\"0\" allow=\"accelerometer; autoplay; clipboard-write; encrypted-media; gyroscope; picture-in-picture; web-share\" allowfullscreen><\/iframe><\/p>\n<p>&nbsp;<\/p>\n<p>&nbsp;<\/p>\n","protected":false},"excerpt":{"rendered":"<p><strong>L&rsquo;Ultratech de Microtech est l&rsquo;un de leurs mod\u00e8les les plus populaires, offrant certainement le meilleur rapport qualit\u00e9-prix.<\/strong><\/p>\n<p><strong>Tous les couteaux Microtech sont garantis \u00e0 vie. <\/strong><\/p>\n<p><strong>Transports gratuits.<\/strong><\/p>\n","protected":false},"featured_media":320834,"comment_status":"open","ping_status":"closed","template":"","meta":[],"pwb-brand":[3751],"product_brand":[],"product_cat":[3699,3696],"product_tag":[3754],"class_list":{"0":"post-320827","1":"product","2":"type-product","3":"status-publish","4":"has-post-thumbnail","6":"pwb-brand-microtechnologie","7":"product_cat-couteaux-de-tir","8":"product_cat-des-couteaux","9":"product_tag-b2b-fr","11":"first","12":"outofstock","13":"taxable","14":"shipping-taxable","15":"purchasable","16":"product-type-simple"},"brands":[{"id":3751,"name":"Microtechnologie","slug":"microtechnologie"}],"_links":{"self":[{"href":"https:\/\/www.moskito.cz\/fr\/wp-json\/wp\/v2\/product\/320827","targetHints":{"allow":["GET"]}}],"collection":[{"href":"https:\/\/www.moskito.cz\/fr\/wp-json\/wp\/v2\/product"}],"about":[{"href":"https:\/\/www.moskito.cz\/fr\/wp-json\/wp\/v2\/types\/product"}],"replies":[{"embeddable":true,"href":"https:\/\/www.moskito.cz\/fr\/wp-json\/wp\/v2\/comments?post=320827"}],"wp:featuredmedia":[{"embeddable":true,"href":"https:\/\/www.moskito.cz\/fr\/wp-json\/wp\/v2\/media\/320834"}],"wp:attachment":[{"href":"https:\/\/www.moskito.cz\/fr\/wp-json\/wp\/v2\/media?parent=320827"}],"wp:term":[{"taxonomy":"pwb-brand","embeddable":true,"href":"https:\/\/www.moskito.cz\/fr\/wp-json\/wp\/v2\/pwb-brand?post=320827"},{"taxonomy":"product_brand","embeddable":true,"href":"https:\/\/www.moskito.cz\/fr\/wp-json\/wp\/v2\/product_brand?post=320827"},{"taxonomy":"product_cat","embeddable":true,"href":"https:\/\/www.moskito.cz\/fr\/wp-json\/wp\/v2\/product_cat?post=320827"},{"taxonomy":"product_tag","embeddable":true,"href":"https:\/\/www.moskito.cz\/fr\/wp-json\/wp\/v2\/product_tag?post=320827"}],"curies":[{"name":"wp","href":"https:\/\/api.w.org\/{rel}","templated":true}]}}