{"id":320835,"date":"2023-10-26T15:38:14","date_gmt":"2024-03-19T15:23:04","guid":{"rendered":"https:\/\/www.moskito.cz\/produkt\/couteau-de-tir-microtech-utx-7-manche-rouge-en-detresse-apocalyptique-147-12drd\/"},"modified":"2025-05-07T11:06:03","modified_gmt":"2025-05-07T10:06:03","slug":"couteau-de-tir-microtech-utx-7-manche-rouge-en-detresse-apocalyptique-147-12drd","status":"publish","type":"product","link":"https:\/\/www.moskito.cz\/fr\/produkt\/couteau-de-tir-microtech-utx-7-manche-rouge-en-detresse-apocalyptique-147-12drd\/","title":{"rendered":"Couteau de tir Microtech UTX-7 manche rouge en d\u00e9tresse apocalyptique 147-12DRD"},"content":{"rendered":"<p>Couteau de tir <strong>Microtech<\/strong> UTX-7 manche rouge en d\u00e9tresse apocalyptique 147-12DRD<\/p>\n<p>Vous recherchez le couteau automatique frontal le plus compact du march\u00e9 ? Alors vous l&rsquo;avez trouv\u00e9 ! <strong>Le Microtech UTX-70<\/strong> tire automatiquement \u00e0 l&rsquo;aide d&rsquo;un bouton coulissant sur le c\u00f4t\u00e9 droit de la lame. Super petit (moins de 6 au total). Super petit couteau !<\/p>\n<p>Ce mod\u00e8le est dot\u00e9 d&rsquo;une poign\u00e9e en aluminium 6061-T6 anodis\u00e9 rouge avec le logo <strong>Microtech<\/strong> Claw sur le devant. Lame de poignard apocalyptique M390 \u00e0 double tranchant en acier inoxydable avec une lame standard et une lame enti\u00e8rement dentel\u00e9e. mat\u00e9riel fini apocalyptique, clip de poche et brise-verre. La lame contient des informations sur le mod\u00e8le. Le clip de poche porte le logo <strong>Microtech<\/strong> , le num\u00e9ro de s\u00e9rie et la date de fabrication.<\/p>\n<p>Pays d&rsquo;origine : \u00c9tats-Unis<br \/>\nDate d&rsquo;origine : 2023<br \/>\nMat\u00e9riau du manche : Aluminium<br \/>\nMat\u00e9riau de la lame : M390<br \/>\nStyle de lame&nbsp;:&nbsp;Dague \u00e0 double tranchant<br \/>\nFinition de la lame : Apocalyptique<br \/>\nType de bord&nbsp;: Enti\u00e8rement dentel\u00e9<br \/>\nMod\u00e8le\/motif&nbsp;: UTX-70<br \/>\nType de couteau : OTF automatique double action<br \/>\nType de serrure : avant<br \/>\nLongueur totale : 14,07 cm<br \/>\nLongueur de la lame : 6,02 cm<br \/>\n\u00c9paisseur de la lame : 0,2 cm<\/p>\n<p><iframe title=\"Microtech Combat Troodon Torture Test\" width=\"800\" height=\"450\" src=\"https:\/\/www.youtube.com\/embed\/xE9TeOFYEjg?feature=oembed\" frameborder=\"0\" allow=\"accelerometer; autoplay; clipboard-write; encrypted-media; gyroscope; picture-in-picture; web-share\" allowfullscreen><\/iframe><\/p>\n<p>&nbsp;<\/p>\n","protected":false},"excerpt":{"rendered":"<p><strong>Vous recherchez le couteau automatique frontal le plus compact du march\u00e9 ? Alors vous l&rsquo;avez trouv\u00e9 ! Microtech UTX-70.<\/strong><\/p>\n<p><strong>Transports gratuits.<\/strong><\/p>\n","protected":false},"featured_media":320845,"comment_status":"open","ping_status":"closed","template":"","meta":[],"pwb-brand":[3751],"product_brand":[],"product_cat":[3699,3696],"product_tag":[3754],"class_list":{"0":"post-320835","1":"product","2":"type-product","3":"status-publish","4":"has-post-thumbnail","6":"pwb-brand-microtechnologie","7":"product_cat-couteaux-de-tir","8":"product_cat-des-couteaux","9":"product_tag-b2b-fr","11":"first","12":"instock","13":"taxable","14":"shipping-taxable","15":"purchasable","16":"product-type-simple"},"brands":[{"id":3751,"name":"Microtechnologie","slug":"microtechnologie"}],"_links":{"self":[{"href":"https:\/\/www.moskito.cz\/fr\/wp-json\/wp\/v2\/product\/320835","targetHints":{"allow":["GET"]}}],"collection":[{"href":"https:\/\/www.moskito.cz\/fr\/wp-json\/wp\/v2\/product"}],"about":[{"href":"https:\/\/www.moskito.cz\/fr\/wp-json\/wp\/v2\/types\/product"}],"replies":[{"embeddable":true,"href":"https:\/\/www.moskito.cz\/fr\/wp-json\/wp\/v2\/comments?post=320835"}],"wp:featuredmedia":[{"embeddable":true,"href":"https:\/\/www.moskito.cz\/fr\/wp-json\/wp\/v2\/media\/320845"}],"wp:attachment":[{"href":"https:\/\/www.moskito.cz\/fr\/wp-json\/wp\/v2\/media?parent=320835"}],"wp:term":[{"taxonomy":"pwb-brand","embeddable":true,"href":"https:\/\/www.moskito.cz\/fr\/wp-json\/wp\/v2\/pwb-brand?post=320835"},{"taxonomy":"product_brand","embeddable":true,"href":"https:\/\/www.moskito.cz\/fr\/wp-json\/wp\/v2\/product_brand?post=320835"},{"taxonomy":"product_cat","embeddable":true,"href":"https:\/\/www.moskito.cz\/fr\/wp-json\/wp\/v2\/product_cat?post=320835"},{"taxonomy":"product_tag","embeddable":true,"href":"https:\/\/www.moskito.cz\/fr\/wp-json\/wp\/v2\/product_tag?post=320835"}],"curies":[{"name":"wp","href":"https:\/\/api.w.org\/{rel}","templated":true}]}}