{"id":320917,"date":"2023-10-06T19:56:16","date_gmt":"2024-03-19T15:31:01","guid":{"rendered":"https:\/\/www.moskito.cz\/produkt\/couteau-de-tir-microtech-hera-signature-stonewashed-hellhound-919-10s\/"},"modified":"2025-05-07T11:06:05","modified_gmt":"2025-05-07T10:06:05","slug":"couteau-de-tir-microtech-hera-signature-stonewashed-hellhound-919-10s","status":"publish","type":"product","link":"https:\/\/www.moskito.cz\/fr\/produkt\/couteau-de-tir-microtech-hera-signature-stonewashed-hellhound-919-10s\/","title":{"rendered":"Couteau de tir Microtech Hera Signature Stonewashed Hellhound 919-10S"},"content":{"rendered":"<p>Couteau de tir <strong>Microtech<\/strong> Hera Signature Stonewashed Hellhound 919-10S<\/p>\n<p>La Hera est une belle voiture avant \u00e0 double action avec une forme de cadre vaguement bas\u00e9e sur le design Troodon. Il est cependant plus ergonomique, avec des extr\u00e9mit\u00e9s usin\u00e9es pour un meilleur accrochage et, selon nous, un look am\u00e9lior\u00e9. Tout dans ce design \u00e9voque \u00e0 la fois la sophistication et la fonctionnalit\u00e9. Il s&rsquo;agit de l&rsquo;un des meilleurs mod\u00e8les OTF automatiques polyvalents dans un domaine extr\u00eamement encombr\u00e9, et il est parfaitement dimensionn\u00e9 pour un transport quotidien.<\/p>\n<p>Caract\u00e9ristiques<br \/>\nLongueur de la lame : 8 cm<br \/>\nLongueur totale : 19 cm<br \/>\nAcier : M390<br \/>\nStyle de lame&nbsp;: Hellhound Tanto<br \/>\nMeulage de la lame&nbsp;:&nbsp;Plat<br \/>\nTraitement de surface de la lame : Stonewash<br \/>\nMat\u00e9riau du manche : aluminium a\u00e9ronautique anodis\u00e9 noir<br \/>\nM\u00e9canisme de verrouillage&nbsp;:&nbsp;pouce coulissant<br \/>\nClip de poche : Titane (repliable, usure droite)<br \/>\nPoids : 3,10 onces.<br \/>\nCr\u00e9ateurs : Tony et Sean Marfione<br \/>\nFabriqu\u00e9 aux \u00c9tats-Unis<\/p>\n<p><iframe title=\"Microtech Combat Troodon Torture Test\" width=\"800\" height=\"450\" src=\"https:\/\/www.youtube.com\/embed\/xE9TeOFYEjg?feature=oembed\" frameborder=\"0\" allow=\"accelerometer; autoplay; clipboard-write; encrypted-media; gyroscope; picture-in-picture; web-share\" allowfullscreen><\/iframe><\/p>\n<p>&nbsp;<\/p>\n","protected":false},"excerpt":{"rendered":"<p><strong>Au fil des ann\u00e9es, Microtech\u00ae Knives a rempli les couteaux avec passion et comp\u00e9tence pour cr\u00e9er presque des \u0153uvres d&rsquo;art qui sont le summum de la fonctionnalit\u00e9. Toutes les pi\u00e8ces sont fabriqu\u00e9es aux \u00c9tats-Unis.<\/strong><br \/>\n<strong>Tous les couteaux Microtech sont garantis \u00e0 vie (min. 80 000 cycles, ouverture et fermeture)<\/strong><\/p>\n<p><strong>Transports gratuits.<\/strong><\/p>\n","protected":false},"featured_media":320918,"comment_status":"open","ping_status":"closed","template":"","meta":[],"pwb-brand":[3751],"product_brand":[],"product_cat":[3699,3696],"product_tag":[3754],"class_list":{"0":"post-320917","1":"product","2":"type-product","3":"status-publish","4":"has-post-thumbnail","6":"pwb-brand-microtechnologie","7":"product_cat-couteaux-de-tir","8":"product_cat-des-couteaux","9":"product_tag-b2b-fr","11":"first","12":"instock","13":"taxable","14":"shipping-taxable","15":"purchasable","16":"product-type-simple"},"brands":[{"id":3751,"name":"Microtechnologie","slug":"microtechnologie"}],"_links":{"self":[{"href":"https:\/\/www.moskito.cz\/fr\/wp-json\/wp\/v2\/product\/320917","targetHints":{"allow":["GET"]}}],"collection":[{"href":"https:\/\/www.moskito.cz\/fr\/wp-json\/wp\/v2\/product"}],"about":[{"href":"https:\/\/www.moskito.cz\/fr\/wp-json\/wp\/v2\/types\/product"}],"replies":[{"embeddable":true,"href":"https:\/\/www.moskito.cz\/fr\/wp-json\/wp\/v2\/comments?post=320917"}],"wp:featuredmedia":[{"embeddable":true,"href":"https:\/\/www.moskito.cz\/fr\/wp-json\/wp\/v2\/media\/320918"}],"wp:attachment":[{"href":"https:\/\/www.moskito.cz\/fr\/wp-json\/wp\/v2\/media?parent=320917"}],"wp:term":[{"taxonomy":"pwb-brand","embeddable":true,"href":"https:\/\/www.moskito.cz\/fr\/wp-json\/wp\/v2\/pwb-brand?post=320917"},{"taxonomy":"product_brand","embeddable":true,"href":"https:\/\/www.moskito.cz\/fr\/wp-json\/wp\/v2\/product_brand?post=320917"},{"taxonomy":"product_cat","embeddable":true,"href":"https:\/\/www.moskito.cz\/fr\/wp-json\/wp\/v2\/product_cat?post=320917"},{"taxonomy":"product_tag","embeddable":true,"href":"https:\/\/www.moskito.cz\/fr\/wp-json\/wp\/v2\/product_tag?post=320917"}],"curies":[{"name":"wp","href":"https:\/\/api.w.org\/{rel}","templated":true}]}}