{"id":320966,"date":"2023-10-12T18:53:18","date_gmt":"2024-03-19T17:32:07","guid":{"rendered":"https:\/\/www.moskito.cz\/produkt\/couteau-de-tir-microtech-ludt-apocalyptique-135-10apod\/"},"modified":"2025-05-07T11:06:07","modified_gmt":"2025-05-07T10:06:07","slug":"couteau-de-tir-microtech-ludt-apocalyptique-135-10apod","status":"publish","type":"product","link":"https:\/\/www.moskito.cz\/fr\/produkt\/couteau-de-tir-microtech-ludt-apocalyptique-135-10apod\/","title":{"rendered":"Couteau de tir Microtech LUDT Apocalyptique 135-10APOD"},"content":{"rendered":"<p>Couteau de tir <strong>Microtech<\/strong> LUDT Apocalyptique 135-10APOD<\/p>\n<p><strong>Le LUDT<\/strong> est une version grand format du couteau Underwater Demolition Team. Au milieu des ann\u00e9es 90 Au cours des derni\u00e8res ann\u00e9es, il a frapp\u00e9 le march\u00e9 des couteaux et est rapidement devenu l&rsquo;un des couteaux les plus vendus de l&rsquo;histoire de Microtech. Au fil des ann\u00e9es, <strong>LUDT<\/strong> a \u00e9t\u00e9 fa\u00e7onn\u00e9 et modifi\u00e9 pour r\u00e9pondre \u00e0 un march\u00e9 en constante \u00e9volution. LUDT n&rsquo;est plus pr\u00e9sent dans la gamme Microtech depuis un certain temps, nous sommes donc ravis de le retrouver.<\/p>\n<p>La lame 135-10 <strong>LUDT<\/strong> a un dos couronn\u00e9, une laisse pour le pouce et une pointe renforc\u00e9e pour une efficacit\u00e9 de p\u00e9n\u00e9tration maximale sans compromettre la pointe. La finition apocalyptique de la lame est extr\u00eamement durable et le manche vert OD en fait un composant id\u00e9al pour l&rsquo;EDC. La poign\u00e9e est usin\u00e9e \u00e0 partir d&rsquo;aluminium a\u00e9ronautique frais\u00e9 pour plus de r\u00e9sistance et de l\u00e9g\u00e8ret\u00e9. C&rsquo;est une lame ergonomique, rapide comme l&rsquo;\u00e9clair et tout simplement une incroyable lame polyvalente. Ce couteau a fait ses preuves \u00e0 plusieurs reprises et nous sommes tr\u00e8s heureux d&rsquo;y revenir. Comprend un cordon et des vis inviolables.<\/p>\n<p>Caract\u00e9ristiques<br \/>\nOuverture automatique &#8211; ouverture lat\u00e9rale<br \/>\nAcier : M390<br \/>\nLongueur de la lame : 8,42 cm<br \/>\n\u00c9paisseur de la lame : 0,31 cm<br \/>\nStyle de lame&nbsp;: point de chute apocalyptique \u00e0 bord unique<br \/>\nMat\u00e9riau du manche : aluminium OD Green 6061-T6<br \/>\nLongueur ferm\u00e9 : 12 cm<br \/>\nLongueur ouvert : 20 cm<br \/>\nMat\u00e9riau du clip de poche&nbsp;:&nbsp;301 inoxydable<br \/>\nFabriqu\u00e9 aux \u00c9tats-Unis<\/p>\n<p><iframe title=\"Microtech Combat Troodon Torture Test\" width=\"800\" height=\"450\" src=\"https:\/\/www.youtube.com\/embed\/xE9TeOFYEjg?feature=oembed\" frameborder=\"0\" allow=\"accelerometer; autoplay; clipboard-write; encrypted-media; gyroscope; picture-in-picture; web-share\" allowfullscreen><\/iframe><\/p>\n<p>&nbsp;<\/p>\n","protected":false},"excerpt":{"rendered":"<p><strong>Au fil des ann\u00e9es, Microtech\u00ae Knives a rempli les couteaux avec passion et comp\u00e9tence pour cr\u00e9er presque des \u0153uvres d&rsquo;art qui sont le summum de la fonctionnalit\u00e9. Toutes les pi\u00e8ces sont fabriqu\u00e9es aux \u00c9tats-Unis.<\/strong><br \/>\n<strong>Tous les couteaux Microtech sont garantis \u00e0 vie.<\/strong><\/p>\n<p><strong>Transports gratuits.<\/strong><\/p>\n","protected":false},"featured_media":320975,"comment_status":"open","ping_status":"closed","template":"","meta":[],"pwb-brand":[3751],"product_brand":[],"product_cat":[3699,3696],"product_tag":[3754],"class_list":{"0":"post-320966","1":"product","2":"type-product","3":"status-publish","4":"has-post-thumbnail","6":"pwb-brand-microtechnologie","7":"product_cat-couteaux-de-tir","8":"product_cat-des-couteaux","9":"product_tag-b2b-fr","11":"first","12":"outofstock","13":"taxable","14":"shipping-taxable","15":"purchasable","16":"product-type-simple"},"brands":[{"id":3751,"name":"Microtechnologie","slug":"microtechnologie"}],"_links":{"self":[{"href":"https:\/\/www.moskito.cz\/fr\/wp-json\/wp\/v2\/product\/320966","targetHints":{"allow":["GET"]}}],"collection":[{"href":"https:\/\/www.moskito.cz\/fr\/wp-json\/wp\/v2\/product"}],"about":[{"href":"https:\/\/www.moskito.cz\/fr\/wp-json\/wp\/v2\/types\/product"}],"replies":[{"embeddable":true,"href":"https:\/\/www.moskito.cz\/fr\/wp-json\/wp\/v2\/comments?post=320966"}],"wp:featuredmedia":[{"embeddable":true,"href":"https:\/\/www.moskito.cz\/fr\/wp-json\/wp\/v2\/media\/320975"}],"wp:attachment":[{"href":"https:\/\/www.moskito.cz\/fr\/wp-json\/wp\/v2\/media?parent=320966"}],"wp:term":[{"taxonomy":"pwb-brand","embeddable":true,"href":"https:\/\/www.moskito.cz\/fr\/wp-json\/wp\/v2\/pwb-brand?post=320966"},{"taxonomy":"product_brand","embeddable":true,"href":"https:\/\/www.moskito.cz\/fr\/wp-json\/wp\/v2\/product_brand?post=320966"},{"taxonomy":"product_cat","embeddable":true,"href":"https:\/\/www.moskito.cz\/fr\/wp-json\/wp\/v2\/product_cat?post=320966"},{"taxonomy":"product_tag","embeddable":true,"href":"https:\/\/www.moskito.cz\/fr\/wp-json\/wp\/v2\/product_tag?post=320966"}],"curies":[{"name":"wp","href":"https:\/\/api.w.org\/{rel}","templated":true}]}}