{"id":320985,"date":"2023-10-11T18:52:07","date_gmt":"2024-03-19T17:32:08","guid":{"rendered":"https:\/\/www.moskito.cz\/produkt\/couteau-de-tir-microtech-combat-troodon-stonewashed-143-10bl\/"},"modified":"2025-05-07T11:06:08","modified_gmt":"2025-05-07T10:06:08","slug":"couteau-de-tir-microtech-combat-troodon-stonewashed-143-10bl","status":"publish","type":"product","link":"https:\/\/www.moskito.cz\/fr\/produkt\/couteau-de-tir-microtech-combat-troodon-stonewashed-143-10bl\/","title":{"rendered":"Couteau de tir Microtech Combat Troodon Stonewashed 143-10BL"},"content":{"rendered":"<p>Couteau de tir Microtech Combat Troodon Stonewashed 143-10BL<\/p>\n<p>Un favori parmi les forces de l&rsquo;ordre, le personnel militaire et les premiers intervenants, <strong>le Combat Troodon<\/strong> est con\u00e7u pour un large \u00e9ventail d&rsquo;utilisations et de situations de combat rapproch\u00e9. Avec sa forme sculpt\u00e9e et ses \u00e9l\u00e9ments de design radicaux, cette pi\u00e8ce semble substantielle, mais convient \u00e0 un usage quotidien.<\/p>\n<p>Longueur totale : 24,2 cm<br \/>\nLongueur ferm\u00e9 : 14,6 cm<br \/>\nLongueur de la lame : 9,7 cm<br \/>\n\u00c9paisseur de la lame : 0,32 cm<br \/>\nTraitement de surface de la lame : Stonewashed<br \/>\nStyle de lame&nbsp;:&nbsp;pointe de chute<br \/>\nStyle de bordure&nbsp;:&nbsp;Unie<br \/>\nMat\u00e9riau du manche : Aluminium bleu<br \/>\n\u00c9paisseur du manche : 1,5 cm<br \/>\nClip de poche&nbsp;: rabattable<br \/>\nPoids : 149,97 g<br \/>\nFabricant R\u00e9f. #&nbsp;:&nbsp;143-10BL<br \/>\nPays d&rsquo;origine : \u00c9tats-Unis<\/p>\n<p><iframe title=\"Microtech Combat Troodon Torture Test\" width=\"800\" height=\"450\" src=\"https:\/\/www.youtube.com\/embed\/xE9TeOFYEjg?feature=oembed\" frameborder=\"0\" allow=\"accelerometer; autoplay; clipboard-write; encrypted-media; gyroscope; picture-in-picture; web-share\" allowfullscreen><\/iframe><\/p>\n<p><iframe title=\"Microtech Combat Troodon Torture Test\" width=\"800\" height=\"450\" src=\"https:\/\/www.youtube.com\/embed\/xE9TeOFYEjg?feature=oembed\" frameborder=\"0\" allow=\"accelerometer; autoplay; clipboard-write; encrypted-media; gyroscope; picture-in-picture; web-share\" allowfullscreen><\/iframe><\/p>\n","protected":false},"excerpt":{"rendered":"<p><strong>Au fil des ann\u00e9es, Microtech\u00ae Knives a rempli les couteaux avec passion et comp\u00e9tence pour cr\u00e9er presque des \u0153uvres d&rsquo;art qui sont le summum de la fonctionnalit\u00e9. Toutes les pi\u00e8ces sont fabriqu\u00e9es aux \u00c9tats-Unis.<\/strong><br \/>\n<strong>Tous les couteaux Microtech sont garantis \u00e0 vie.<\/strong><\/p>\n<p><strong>Transports gratuits.<\/strong><\/p>\n","protected":false},"featured_media":321002,"comment_status":"open","ping_status":"closed","template":"","meta":[],"pwb-brand":[3751],"product_brand":[],"product_cat":[3699,3696],"product_tag":[3754],"class_list":{"0":"post-320985","1":"product","2":"type-product","3":"status-publish","4":"has-post-thumbnail","6":"pwb-brand-microtechnologie","7":"product_cat-couteaux-de-tir","8":"product_cat-des-couteaux","9":"product_tag-b2b-fr","11":"first","12":"outofstock","13":"taxable","14":"shipping-taxable","15":"purchasable","16":"product-type-simple"},"brands":[{"id":3751,"name":"Microtechnologie","slug":"microtechnologie"}],"_links":{"self":[{"href":"https:\/\/www.moskito.cz\/fr\/wp-json\/wp\/v2\/product\/320985","targetHints":{"allow":["GET"]}}],"collection":[{"href":"https:\/\/www.moskito.cz\/fr\/wp-json\/wp\/v2\/product"}],"about":[{"href":"https:\/\/www.moskito.cz\/fr\/wp-json\/wp\/v2\/types\/product"}],"replies":[{"embeddable":true,"href":"https:\/\/www.moskito.cz\/fr\/wp-json\/wp\/v2\/comments?post=320985"}],"wp:featuredmedia":[{"embeddable":true,"href":"https:\/\/www.moskito.cz\/fr\/wp-json\/wp\/v2\/media\/321002"}],"wp:attachment":[{"href":"https:\/\/www.moskito.cz\/fr\/wp-json\/wp\/v2\/media?parent=320985"}],"wp:term":[{"taxonomy":"pwb-brand","embeddable":true,"href":"https:\/\/www.moskito.cz\/fr\/wp-json\/wp\/v2\/pwb-brand?post=320985"},{"taxonomy":"product_brand","embeddable":true,"href":"https:\/\/www.moskito.cz\/fr\/wp-json\/wp\/v2\/product_brand?post=320985"},{"taxonomy":"product_cat","embeddable":true,"href":"https:\/\/www.moskito.cz\/fr\/wp-json\/wp\/v2\/product_cat?post=320985"},{"taxonomy":"product_tag","embeddable":true,"href":"https:\/\/www.moskito.cz\/fr\/wp-json\/wp\/v2\/product_tag?post=320985"}],"curies":[{"name":"wp","href":"https:\/\/api.w.org\/{rel}","templated":true}]}}