{"id":321027,"date":"2023-10-17T14:59:11","date_gmt":"2024-03-19T17:32:17","guid":{"rendered":"https:\/\/www.moskito.cz\/produkt\/couteau-de-tir-microtech-combat-troodon-turquoise-stonewash-143-10tq\/"},"modified":"2025-05-07T11:06:08","modified_gmt":"2025-05-07T10:06:08","slug":"couteau-de-tir-microtech-combat-troodon-turquoise-stonewash-143-10tq","status":"publish","type":"product","link":"https:\/\/www.moskito.cz\/fr\/produkt\/couteau-de-tir-microtech-combat-troodon-turquoise-stonewash-143-10tq\/","title":{"rendered":"Couteau de tir Microtech Combat Troodon Turquoise Stonewash 143-10TQ"},"content":{"rendered":"<p>Couteau de tir <strong>Microtech<\/strong> Combat Troodon Turquoise Stonewash 143-10TQ<\/p>\n<p>Le couteau OTF de la plus grande production de couteaux Microtech porte le nom du dinosaure Troodon. Combat Troodon est une tr\u00e8s grande version du populaire Troodon. Malgr\u00e9 sa taille, la poign\u00e9e est fine et confortable. L&rsquo;action est bien s\u00fbr Microtech excellente, comme on peut s&rsquo;y attendre. Gros et mauvais !<\/p>\n<p>Ce mod\u00e8le est dot\u00e9 d&rsquo;un manche en aluminium 6061-T6 anodis\u00e9 turquoise avec moletage et moletage pour une meilleure prise en main. Lame en acier inoxydable M390 \u00e0 simple tranchant avec finition Stonewash avec tranchant standard. Brise-verre en acier inoxydable microbill\u00e9, clip de poche double face et quincaillerie. Le clip de poche porte le logo Microtech. La lame contient des informations sur le mod\u00e8le. La poign\u00e9e comporte le logo Microtech Claw, le num\u00e9ro de s\u00e9rie et la date de fabrication.<\/p>\n<p>Longueur totale : 24,2 cm<br \/>\nLongueur ferm\u00e9 : 14,6 cm<br \/>\nLongueur de la lame : 9,7 cm<br \/>\n\u00c9paisseur de la lame : 0,32 cm<br \/>\nTraitement de surface de la lame : Stonewashed<br \/>\nStyle de lame&nbsp;:&nbsp;pointe de chute<br \/>\nStyle de bordure&nbsp;:&nbsp;Unie<\/p>\n<p>Mat\u00e9riau de la lame : M390<br \/>\nMat\u00e9riau du manche : Aluminium<br \/>\nTraitement de surface de la lame : Stonewash<br \/>\nType de bord&nbsp;:&nbsp;Standard<br \/>\nMod\u00e8le\/Motif&nbsp;: Battle Troodon<br \/>\nType de couteau : OTF automatique double action<br \/>\nType de serrure : avant<\/p>\n<p><iframe title=\"Microtech Combat Troodon Torture Test\" width=\"800\" height=\"450\" src=\"https:\/\/www.youtube.com\/embed\/xE9TeOFYEjg?feature=oembed\" frameborder=\"0\" allow=\"accelerometer; autoplay; clipboard-write; encrypted-media; gyroscope; picture-in-picture; web-share\" allowfullscreen><\/iframe><\/p>\n<p>&nbsp;<\/p>\n<p>&nbsp;<\/p>\n<p>&nbsp;<\/p>\n","protected":false},"excerpt":{"rendered":"<div class=\"elementor-element elementor-element-bbb542b elementor-widget elementor-widget-woocommerce-product-short-description\" data-id=\"bbb542b\" data-element_type=\"widget\" data-widget_type=\"woocommerce-product-short-description.default\">\n<div class=\"elementor-widget-container\">\n<div class=\"woocommerce-product-details__short-description\">\n<p><strong>Au fil des ann\u00e9es, Microtech\u00ae Knives a rempli les couteaux avec passion et comp\u00e9tence pour cr\u00e9er presque des \u0153uvres d&rsquo;art qui sont le summum de la fonctionnalit\u00e9. Toutes les pi\u00e8ces sont fabriqu\u00e9es aux \u00c9tats-Unis.<\/strong><br \/>\n<strong>Tous les couteaux Microtech sont garantis \u00e0 vie.<\/strong><\/p>\n<p><strong>Transports gratuits.<\/strong><\/p>\n<\/div>\n<\/div>\n<\/div>\n","protected":false},"featured_media":321031,"comment_status":"open","ping_status":"closed","template":"","meta":[],"pwb-brand":[3751],"product_brand":[],"product_cat":[3699,3696],"product_tag":[3754],"class_list":{"0":"post-321027","1":"product","2":"type-product","3":"status-publish","4":"has-post-thumbnail","6":"pwb-brand-microtechnologie","7":"product_cat-couteaux-de-tir","8":"product_cat-des-couteaux","9":"product_tag-b2b-fr","11":"first","12":"outofstock","13":"taxable","14":"shipping-taxable","15":"purchasable","16":"product-type-simple"},"brands":[{"id":3751,"name":"Microtechnologie","slug":"microtechnologie"}],"_links":{"self":[{"href":"https:\/\/www.moskito.cz\/fr\/wp-json\/wp\/v2\/product\/321027","targetHints":{"allow":["GET"]}}],"collection":[{"href":"https:\/\/www.moskito.cz\/fr\/wp-json\/wp\/v2\/product"}],"about":[{"href":"https:\/\/www.moskito.cz\/fr\/wp-json\/wp\/v2\/types\/product"}],"replies":[{"embeddable":true,"href":"https:\/\/www.moskito.cz\/fr\/wp-json\/wp\/v2\/comments?post=321027"}],"wp:featuredmedia":[{"embeddable":true,"href":"https:\/\/www.moskito.cz\/fr\/wp-json\/wp\/v2\/media\/321031"}],"wp:attachment":[{"href":"https:\/\/www.moskito.cz\/fr\/wp-json\/wp\/v2\/media?parent=321027"}],"wp:term":[{"taxonomy":"pwb-brand","embeddable":true,"href":"https:\/\/www.moskito.cz\/fr\/wp-json\/wp\/v2\/pwb-brand?post=321027"},{"taxonomy":"product_brand","embeddable":true,"href":"https:\/\/www.moskito.cz\/fr\/wp-json\/wp\/v2\/product_brand?post=321027"},{"taxonomy":"product_cat","embeddable":true,"href":"https:\/\/www.moskito.cz\/fr\/wp-json\/wp\/v2\/product_cat?post=321027"},{"taxonomy":"product_tag","embeddable":true,"href":"https:\/\/www.moskito.cz\/fr\/wp-json\/wp\/v2\/product_tag?post=321027"}],"curies":[{"name":"wp","href":"https:\/\/api.w.org\/{rel}","templated":true}]}}