{"id":321046,"date":"2023-10-11T14:35:57","date_gmt":"2024-03-19T17:32:18","guid":{"rendered":"https:\/\/www.moskito.cz\/produkt\/couteau-de-tir-microtech-ultratech-od-vert-123-3od\/"},"modified":"2025-05-07T11:06:09","modified_gmt":"2025-05-07T10:06:09","slug":"couteau-de-tir-microtech-ultratech-od-vert-123-3od","status":"publish","type":"product","link":"https:\/\/www.moskito.cz\/fr\/produkt\/couteau-de-tir-microtech-ultratech-od-vert-123-3od\/","title":{"rendered":"Couteau de tir Microtech Ultratech OD Vert 123-3OD"},"content":{"rendered":"<p>Couteau de tir <strong>Microtech<\/strong> Ultratech OD Vert 123-3OD<\/p>\n<p>En tant que mod\u00e8le phare de la gamme OTF de Microtech, Ultratech\u00ae \u00e9tablit la norme en mati\u00e8re de technologie OTF. Une technologie brevet\u00e9e permet au ressort de d\u00e9clenchement d&rsquo;\u00eatre au repos en position ouverte et ferm\u00e9e, r\u00e9duisant ainsi consid\u00e9rablement l&rsquo;usure des m\u00e9canismes de d\u00e9clenchement internes. La poign\u00e9e du ch\u00e2ssis moul\u00e9 offre une sensation plus l\u00e9g\u00e8re et plus ergonomique et pr\u00e9sente une surface lisse et plate. Le Microtech Ultratech est le tout premier couteau automatique OTF (de face) fabriqu\u00e9 par Microtech Knives. Dispose d&rsquo;une lame de 3,4&Prime; avec une vari\u00e9t\u00e9 de finitions et de styles de lame. L&rsquo;Ultratech est dot\u00e9 d&rsquo;un manche lisse en aluminium 6061-T6 anodis\u00e9 de 5&Prime; avec clip de poche, brise-verre et quincaillerie en acier inoxydable. Pouce coulissant \u00e0 double action pour un tir et une r\u00e9traction automatiques.<\/p>\n<p>Longueur totale : 21 cm<br \/>\nLame : <span id=\"cwos\" class=\"qv3Wpe\">8,5<\/span> cm, noire, Tanto, enti\u00e8rement dentel\u00e9e<br \/>\nPoign\u00e9e : aluminium vert OD<br \/>\nPoids : 3,6 onces<\/p>\n<p>Acier : M390<br \/>\nOuvreur&nbsp;: curseur de pouce<br \/>\nType : OTF double action, automatique.<br \/>\nFabriqu\u00e9 aux \u00c9tats-Unis<br \/>\nMod\u00e8le : 123-3OD<\/p>\n<p>&nbsp;<\/p>\n<p><iframe title=\"Microtech Combat Troodon Torture Test\" width=\"800\" height=\"450\" src=\"https:\/\/www.youtube.com\/embed\/xE9TeOFYEjg?feature=oembed\" frameborder=\"0\" allow=\"accelerometer; autoplay; clipboard-write; encrypted-media; gyroscope; picture-in-picture; web-share\" allowfullscreen><\/iframe><\/p>\n<p>&nbsp;<\/p>\n","protected":false},"excerpt":{"rendered":"<div class=\"elementor-element elementor-element-bbb542b elementor-widget elementor-widget-woocommerce-product-short-description\" data-id=\"bbb542b\" data-element_type=\"widget\" data-widget_type=\"woocommerce-product-short-description.default\">\n<div class=\"elementor-widget-container\">\n<div class=\"woocommerce-product-details__short-description\">\n<p><strong>Au fil des ann\u00e9es, Microtech\u00ae Knives a rempli les couteaux avec passion et comp\u00e9tence pour cr\u00e9er presque des \u0153uvres d&rsquo;art qui sont le summum de la fonctionnalit\u00e9. Toutes les pi\u00e8ces sont fabriqu\u00e9es aux \u00c9tats-Unis.<\/strong><br \/>\n<strong>Tous les couteaux Microtech sont garantis \u00e0 vie.<\/strong><\/p>\n<p><strong>Transports gratuits.<\/strong><\/p>\n<\/div>\n<\/div>\n<\/div>\n","protected":false},"featured_media":321054,"comment_status":"open","ping_status":"closed","template":"","meta":[],"pwb-brand":[3751],"product_brand":[],"product_cat":[3699,3696],"product_tag":[3754],"class_list":{"0":"post-321046","1":"product","2":"type-product","3":"status-publish","4":"has-post-thumbnail","6":"pwb-brand-microtechnologie","7":"product_cat-couteaux-de-tir","8":"product_cat-des-couteaux","9":"product_tag-b2b-fr","11":"first","12":"instock","13":"taxable","14":"shipping-taxable","15":"purchasable","16":"product-type-simple"},"brands":[{"id":3751,"name":"Microtechnologie","slug":"microtechnologie"}],"_links":{"self":[{"href":"https:\/\/www.moskito.cz\/fr\/wp-json\/wp\/v2\/product\/321046","targetHints":{"allow":["GET"]}}],"collection":[{"href":"https:\/\/www.moskito.cz\/fr\/wp-json\/wp\/v2\/product"}],"about":[{"href":"https:\/\/www.moskito.cz\/fr\/wp-json\/wp\/v2\/types\/product"}],"replies":[{"embeddable":true,"href":"https:\/\/www.moskito.cz\/fr\/wp-json\/wp\/v2\/comments?post=321046"}],"wp:featuredmedia":[{"embeddable":true,"href":"https:\/\/www.moskito.cz\/fr\/wp-json\/wp\/v2\/media\/321054"}],"wp:attachment":[{"href":"https:\/\/www.moskito.cz\/fr\/wp-json\/wp\/v2\/media?parent=321046"}],"wp:term":[{"taxonomy":"pwb-brand","embeddable":true,"href":"https:\/\/www.moskito.cz\/fr\/wp-json\/wp\/v2\/pwb-brand?post=321046"},{"taxonomy":"product_brand","embeddable":true,"href":"https:\/\/www.moskito.cz\/fr\/wp-json\/wp\/v2\/product_brand?post=321046"},{"taxonomy":"product_cat","embeddable":true,"href":"https:\/\/www.moskito.cz\/fr\/wp-json\/wp\/v2\/product_cat?post=321046"},{"taxonomy":"product_tag","embeddable":true,"href":"https:\/\/www.moskito.cz\/fr\/wp-json\/wp\/v2\/product_tag?post=321046"}],"curies":[{"name":"wp","href":"https:\/\/api.w.org\/{rel}","templated":true}]}}