{"id":321133,"date":"2023-10-17T19:59:56","date_gmt":"2024-03-19T17:32:23","guid":{"rendered":"https:\/\/www.moskito.cz\/produkt\/couteau-de-tir-microtech-utx-70-bounty-hunter-apocalyptic-149-10bh\/"},"modified":"2025-05-07T11:06:12","modified_gmt":"2025-05-07T10:06:12","slug":"couteau-de-tir-microtech-utx-70-bounty-hunter-apocalyptic-149-10bh","status":"publish","type":"product","link":"https:\/\/www.moskito.cz\/fr\/produkt\/couteau-de-tir-microtech-utx-70-bounty-hunter-apocalyptic-149-10bh\/","title":{"rendered":"Couteau de tir Microtech UTX-70 Bounty Hunter Apocalyptic 149-10BH"},"content":{"rendered":"<p>Couteau de tir <strong>Microtech<\/strong> UTX-70 Bounty Hunter Apocalyptic 149-10BH<\/p>\n<p><strong>L&rsquo;UTX-70<\/strong> est la combinaison parfaite entre taille compacte et performances exceptionnelles. \u00c0 70 % de sa taille, l&rsquo;UltratechUTX-70 est fabriqu\u00e9 \u00e0 partir des m\u00eames mat\u00e9riaux, sur les m\u00eames machines et avec la m\u00eame ing\u00e9niosit\u00e9 que son pr\u00e9d\u00e9cesseur. <strong>L&rsquo;UTX-70<\/strong> est le couteau parfait pour toutes les situations, quelle que soit votre t\u00e2che de coupe, il s&rsquo;int\u00e9grera parfaitement \u00e0 votre style de vie. Gr\u00e2ce \u00e0 l&rsquo;ouverture et \u00e0 la fermeture rapides d&rsquo;une seule main, il accomplit le travail en quelques secondes. Cette version a une lame apocalyptique sombre et un manche vert apocalyptique avec du mat\u00e9riel rouge, donnant \u00e0 ce mod\u00e8le le surnom de Bounty Hunter alias Boba Fett. Il a \u00e9galement un logo Mythosaure tr\u00e8s cool sur le clip de poche qui \u00e9tait le symbole du cr\u00e2ne des Vrais Mandaloriens. \u00c9quip\u00e9 d&rsquo;un clip de poche double face et d&rsquo;une taille compacte, c&rsquo;est un choix parfait pour un usage et un transport quotidiens.<\/p>\n<p>Caract\u00e9ristiques<br \/>\nAction&nbsp;: Double action \u2013&nbsp;Tir automatique\/r\u00e9traction automatique<br \/>\nLongueur de la lame : 6 cm<br \/>\nStyle de lame : Tanto<br \/>\nCh\u00e2ssis&nbsp;: alliage 6061-T6 AL Mil-Spec \u00e0 rev\u00eatement dur anodis\u00e9, vert apocalyptique<br \/>\n\u00c9paisseur du manche : 0,77 cm<br \/>\nLongueur ferm\u00e9 : 8 cm<br \/>\nLongueur totale : 14 cm<br \/>\nClip de poche&nbsp;: acier inoxydable 301 tout dur<br \/>\nTige standard&nbsp;: alliage 6061-T6 AL<br \/>\nG\u00e2chette&nbsp;: acier inoxydable 303<br \/>\nPoids : 1,2 onces.<br \/>\nAcier : M390<br \/>\nFabriqu\u00e9 aux \u00c9tats-Unis<\/p>\n","protected":false},"excerpt":{"rendered":"<p><strong>Au fil des ann\u00e9es, Microtech\u00ae Knives a rempli les couteaux de passion et de savoir-faire pour cr\u00e9er presque des \u0153uvres d&rsquo;art qui sont le summum de la fonctionnalit\u00e9. Toutes les pi\u00e8ces sont fabriqu\u00e9es aux \u00c9tats-Unis.<\/strong><br \/>\n<strong>Tous les couteaux Microtech sont garantis \u00e0 vie.<\/strong><\/p>\n<p><strong>Transports gratuits.<\/strong><\/p>\n","protected":false},"featured_media":321142,"comment_status":"open","ping_status":"closed","template":"","meta":[],"pwb-brand":[3751],"product_brand":[],"product_cat":[3699,3696],"product_tag":[3754],"class_list":{"0":"post-321133","1":"product","2":"type-product","3":"status-publish","4":"has-post-thumbnail","6":"pwb-brand-microtechnologie","7":"product_cat-couteaux-de-tir","8":"product_cat-des-couteaux","9":"product_tag-b2b-fr","11":"first","12":"outofstock","13":"taxable","14":"shipping-taxable","15":"purchasable","16":"product-type-simple"},"brands":[{"id":3751,"name":"Microtechnologie","slug":"microtechnologie"}],"_links":{"self":[{"href":"https:\/\/www.moskito.cz\/fr\/wp-json\/wp\/v2\/product\/321133","targetHints":{"allow":["GET"]}}],"collection":[{"href":"https:\/\/www.moskito.cz\/fr\/wp-json\/wp\/v2\/product"}],"about":[{"href":"https:\/\/www.moskito.cz\/fr\/wp-json\/wp\/v2\/types\/product"}],"replies":[{"embeddable":true,"href":"https:\/\/www.moskito.cz\/fr\/wp-json\/wp\/v2\/comments?post=321133"}],"wp:featuredmedia":[{"embeddable":true,"href":"https:\/\/www.moskito.cz\/fr\/wp-json\/wp\/v2\/media\/321142"}],"wp:attachment":[{"href":"https:\/\/www.moskito.cz\/fr\/wp-json\/wp\/v2\/media?parent=321133"}],"wp:term":[{"taxonomy":"pwb-brand","embeddable":true,"href":"https:\/\/www.moskito.cz\/fr\/wp-json\/wp\/v2\/pwb-brand?post=321133"},{"taxonomy":"product_brand","embeddable":true,"href":"https:\/\/www.moskito.cz\/fr\/wp-json\/wp\/v2\/product_brand?post=321133"},{"taxonomy":"product_cat","embeddable":true,"href":"https:\/\/www.moskito.cz\/fr\/wp-json\/wp\/v2\/product_cat?post=321133"},{"taxonomy":"product_tag","embeddable":true,"href":"https:\/\/www.moskito.cz\/fr\/wp-json\/wp\/v2\/product_tag?post=321133"}],"curies":[{"name":"wp","href":"https:\/\/api.w.org\/{rel}","templated":true}]}}