{"id":321161,"date":"2023-10-12T19:50:24","date_gmt":"2024-03-19T17:32:24","guid":{"rendered":"https:\/\/www.moskito.cz\/produkt\/couteau-de-tir-microtech-combat-troodon-143-2or\/"},"modified":"2025-05-07T11:06:13","modified_gmt":"2025-05-07T10:06:13","slug":"couteau-de-tir-microtech-combat-troodon-143-2or","status":"publish","type":"product","link":"https:\/\/www.moskito.cz\/fr\/produkt\/couteau-de-tir-microtech-combat-troodon-143-2or\/","title":{"rendered":"Couteau de tir Microtech Combat Troodon 143-2OR"},"content":{"rendered":"<p>Couteau de tir <strong>Microtech<\/strong> Combat Troodon 143-2OR<\/p>\n<p>Con\u00e7u pour une vari\u00e9t\u00e9 de situations et de situations de combat rapproch\u00e9, le Combat Troodon\u00ae est un favori parmi les forces de l&rsquo;ordre, les forces arm\u00e9es des \u00c9tats-Unis et le personnel des services de premiers intervenants. Sa sensation substantielle le rend adapt\u00e9 \u00e0 un usage intensif, tandis que les avantages de l&rsquo;OTF automatique en font un excellent choix pour un usage quotidien.<\/p>\n<p>Longueur totale : 23,75 cm<br \/>\nLongueur de la lame : 9,5 cm<br \/>\nMat\u00e9riau de la lame : M390<br \/>\nStyle de lame&nbsp;:&nbsp;pointe de chute<br \/>\nInsertions&nbsp;: plates<br \/>\nLongueur du manche : 14,37 cm<br \/>\n\u00c9paisseur du manche : 1,37 cm<br \/>\nMat\u00e9riau du manche : aluminium<\/p>\n<p>Finition de la lame : Noir<\/p>\n<p>Pays d&rsquo;origine : \u00c9tats-Unis<\/p>\n<p><iframe title=\"Microtech Combat Troodon Torture Test\" width=\"800\" height=\"450\" src=\"https:\/\/www.youtube.com\/embed\/xE9TeOFYEjg?feature=oembed\" frameborder=\"0\" allow=\"accelerometer; autoplay; clipboard-write; encrypted-media; gyroscope; picture-in-picture; web-share\" allowfullscreen><\/iframe><\/p>\n<p>&nbsp;<\/p>\n","protected":false},"excerpt":{"rendered":"<p><strong>Au fil des ann\u00e9es, Microtech\u00ae Knives a rempli les couteaux avec passion et comp\u00e9tence pour cr\u00e9er presque des \u0153uvres d&rsquo;art qui sont le summum de la fonctionnalit\u00e9. Toutes les pi\u00e8ces sont fabriqu\u00e9es aux \u00c9tats-Unis.<\/strong><br \/>\n<strong>Tous les couteaux Microtech sont garantis \u00e0 vie.<\/strong><\/p>\n<p><strong>Sans frais de port.<\/strong><\/p>\n","protected":false},"featured_media":321166,"comment_status":"open","ping_status":"closed","template":"","meta":[],"pwb-brand":[3751],"product_brand":[],"product_cat":[3699,3696],"product_tag":[3754],"class_list":{"0":"post-321161","1":"product","2":"type-product","3":"status-publish","4":"has-post-thumbnail","6":"pwb-brand-microtechnologie","7":"product_cat-couteaux-de-tir","8":"product_cat-des-couteaux","9":"product_tag-b2b-fr","11":"first","12":"instock","13":"taxable","14":"shipping-taxable","15":"purchasable","16":"product-type-simple"},"brands":[{"id":3751,"name":"Microtechnologie","slug":"microtechnologie"}],"_links":{"self":[{"href":"https:\/\/www.moskito.cz\/fr\/wp-json\/wp\/v2\/product\/321161","targetHints":{"allow":["GET"]}}],"collection":[{"href":"https:\/\/www.moskito.cz\/fr\/wp-json\/wp\/v2\/product"}],"about":[{"href":"https:\/\/www.moskito.cz\/fr\/wp-json\/wp\/v2\/types\/product"}],"replies":[{"embeddable":true,"href":"https:\/\/www.moskito.cz\/fr\/wp-json\/wp\/v2\/comments?post=321161"}],"wp:featuredmedia":[{"embeddable":true,"href":"https:\/\/www.moskito.cz\/fr\/wp-json\/wp\/v2\/media\/321166"}],"wp:attachment":[{"href":"https:\/\/www.moskito.cz\/fr\/wp-json\/wp\/v2\/media?parent=321161"}],"wp:term":[{"taxonomy":"pwb-brand","embeddable":true,"href":"https:\/\/www.moskito.cz\/fr\/wp-json\/wp\/v2\/pwb-brand?post=321161"},{"taxonomy":"product_brand","embeddable":true,"href":"https:\/\/www.moskito.cz\/fr\/wp-json\/wp\/v2\/product_brand?post=321161"},{"taxonomy":"product_cat","embeddable":true,"href":"https:\/\/www.moskito.cz\/fr\/wp-json\/wp\/v2\/product_cat?post=321161"},{"taxonomy":"product_tag","embeddable":true,"href":"https:\/\/www.moskito.cz\/fr\/wp-json\/wp\/v2\/product_tag?post=321161"}],"curies":[{"name":"wp","href":"https:\/\/api.w.org\/{rel}","templated":true}]}}