{"id":321182,"date":"2023-10-17T14:21:38","date_gmt":"2024-03-19T17:32:25","guid":{"rendered":"https:\/\/www.moskito.cz\/produkt\/couteau-de-tir-microtech-combat-troodon-143-1bl\/"},"modified":"2025-05-07T11:06:14","modified_gmt":"2025-05-07T10:06:14","slug":"couteau-de-tir-microtech-combat-troodon-143-1bl","status":"publish","type":"product","link":"https:\/\/www.moskito.cz\/fr\/produkt\/couteau-de-tir-microtech-combat-troodon-143-1bl\/","title":{"rendered":"Couteau de tir Microtech Combat Troodon 143-1BL"},"content":{"rendered":"<p>Couteau de tir <strong>Microtech<\/strong> Combat Troodon 143-1BL<\/p>\n<p>Un couteau qui tire de face.<\/p>\n<p>Couteau de tir <strong>Microtech<\/strong> Combat Troodon 143-1T &#8211; Ce Combat Troodon a une lame noire et lisse. Manche en aluminium avec pointe sph\u00e9rique en acier inoxydable.<br \/>\nLe couteau OTF le plus produit de Microtech porte le nom du dinosaure Troodon. Combat Troodon est une tr\u00e8s grande version du populaire Troodon. Malgr\u00e9 sa taille, la poign\u00e9e est fine et confortable.<\/p>\n<p>Longueur de la lame : 9,5 cm<br \/>\n\u00c9paisseur de la lame : 0,33 cm<br \/>\nMat\u00e9riau de la lame : M390<br \/>\nStyle de lame&nbsp;:&nbsp;pointe de chute<br \/>\nInsertions&nbsp;: plates<br \/>\nFinition : Noir<br \/>\nType de bordure&nbsp;:&nbsp;Unie<br \/>\nLongueur du manche : 13,3 cm<br \/>\n\u00c9paisseur du manche : 1,4 cm<br \/>\nMat\u00e9riau du manche : aluminium<\/p>\n<p>Poign\u00e9e&nbsp;: 6061-T6 aluminium bleu Mil Spec Hard Coat Elox<br \/>\nClip de poche&nbsp;: 301 Spring Tremp\u00e9, ambidextre<br \/>\nPoids : 5,3 onces.<\/p>\n<p><iframe title=\"Microtech Combat Troodon Torture Test\" width=\"800\" height=\"450\" src=\"https:\/\/www.youtube.com\/embed\/xE9TeOFYEjg?feature=oembed\" frameborder=\"0\" allow=\"accelerometer; autoplay; clipboard-write; encrypted-media; gyroscope; picture-in-picture; web-share\" allowfullscreen><\/iframe><\/p>\n<p>&nbsp;<\/p>\n<p>&nbsp;<\/p>\n","protected":false},"excerpt":{"rendered":"<p><strong>Au fil des ann\u00e9es, Microtech\u00ae Knives a rempli les couteaux avec passion et comp\u00e9tence pour cr\u00e9er presque des \u0153uvres d&rsquo;art qui sont le summum de la fonctionnalit\u00e9. Toutes les pi\u00e8ces sont fabriqu\u00e9es aux \u00c9tats-Unis.<\/strong><br \/>\n<strong>Tous les couteaux Microtech sont garantis \u00e0 vie.<\/strong><\/p>\n<p><strong>Sans frais de port.<\/strong><\/p>\n","protected":false},"featured_media":321187,"comment_status":"open","ping_status":"closed","template":"","meta":[],"pwb-brand":[3751],"product_brand":[],"product_cat":[3699,3696],"product_tag":[3754],"class_list":{"0":"post-321182","1":"product","2":"type-product","3":"status-publish","4":"has-post-thumbnail","6":"pwb-brand-microtechnologie","7":"product_cat-couteaux-de-tir","8":"product_cat-des-couteaux","9":"product_tag-b2b-fr","11":"first","12":"instock","13":"taxable","14":"shipping-taxable","15":"purchasable","16":"product-type-simple"},"brands":[{"id":3751,"name":"Microtechnologie","slug":"microtechnologie"}],"_links":{"self":[{"href":"https:\/\/www.moskito.cz\/fr\/wp-json\/wp\/v2\/product\/321182","targetHints":{"allow":["GET"]}}],"collection":[{"href":"https:\/\/www.moskito.cz\/fr\/wp-json\/wp\/v2\/product"}],"about":[{"href":"https:\/\/www.moskito.cz\/fr\/wp-json\/wp\/v2\/types\/product"}],"replies":[{"embeddable":true,"href":"https:\/\/www.moskito.cz\/fr\/wp-json\/wp\/v2\/comments?post=321182"}],"wp:featuredmedia":[{"embeddable":true,"href":"https:\/\/www.moskito.cz\/fr\/wp-json\/wp\/v2\/media\/321187"}],"wp:attachment":[{"href":"https:\/\/www.moskito.cz\/fr\/wp-json\/wp\/v2\/media?parent=321182"}],"wp:term":[{"taxonomy":"pwb-brand","embeddable":true,"href":"https:\/\/www.moskito.cz\/fr\/wp-json\/wp\/v2\/pwb-brand?post=321182"},{"taxonomy":"product_brand","embeddable":true,"href":"https:\/\/www.moskito.cz\/fr\/wp-json\/wp\/v2\/product_brand?post=321182"},{"taxonomy":"product_cat","embeddable":true,"href":"https:\/\/www.moskito.cz\/fr\/wp-json\/wp\/v2\/product_cat?post=321182"},{"taxonomy":"product_tag","embeddable":true,"href":"https:\/\/www.moskito.cz\/fr\/wp-json\/wp\/v2\/product_tag?post=321182"}],"curies":[{"name":"wp","href":"https:\/\/api.w.org\/{rel}","templated":true}]}}