{"id":321256,"date":"2023-09-13T18:25:11","date_gmt":"2024-03-19T17:32:54","guid":{"rendered":"https:\/\/www.moskito.cz\/produkt\/couteau-de-tir-microtech-utx-85-cerakote-od-vert-232-1cod\/"},"modified":"2025-05-07T11:06:17","modified_gmt":"2025-05-07T10:06:17","slug":"couteau-de-tir-microtech-utx-85-cerakote-od-vert-232-1cod","status":"publish","type":"product","link":"https:\/\/www.moskito.cz\/fr\/produkt\/couteau-de-tir-microtech-utx-85-cerakote-od-vert-232-1cod\/","title":{"rendered":"Couteau de tir Microtech UTX-85 Cerakote OD Vert 232-1COD"},"content":{"rendered":"<p>Couteau de tir <strong>Microtech<\/strong> UTX-85 Cerakote OD Vert 232-1COD<\/p>\n<p>Microtech a mis \u00e0 jour et am\u00e9lior\u00e9 le mod\u00e8le UTX-85. Il pr\u00e9sente une ergonomie am\u00e9lior\u00e9e, des surfaces de poign\u00e9e arrondies et des patchs rainur\u00e9s sur les c\u00f4t\u00e9s pour une excellente prise en main. Le bouton de d\u00e9clenchement a \u00e9t\u00e9 repens\u00e9 pour augmenter la surface de contact pour un engagement efficace, et le brise-verre est dot\u00e9 d&rsquo;une pointe sph\u00e9rique int\u00e9gr\u00e9e dans la base \u00e0 motif triangulaire pour am\u00e9liorer ses mod\u00e8les d&rsquo;usure quotidienne. L&rsquo;UTX-85 est bas\u00e9 sur la plateforme Ultratech et est r\u00e9duit \u00e0 85 % de sa longueur. L&rsquo;UTX-85 est un choix attrayant pour ceux qui pr\u00e9f\u00e8rent un couteau EDC plus petit et appr\u00e9cient l&rsquo;action frontale haute performance <strong>de Microtech<\/strong> et la qualit\u00e9 de fabrication exceptionnelle.<\/p>\n<p>Ce mod\u00e8le comporte une balance avec un manche en aluminium OD Green Cerakote. Lame de poignard verte OD en acier inoxydable M390 avec rev\u00eatement Cerakote. Quincaillerie Cerakote finie, clip de poche et pointe pour briser le verre. Le clip de poche porte le logo griffe Microtech, le num\u00e9ro de s\u00e9rie et la date de fabrication.<\/p>\n<p>Pays d&rsquo;origine : \u00c9tats-Unis<br \/>\nLongueur de la lame : 8 cm<br \/>\nLongueur totale : 19 cm<br \/>\nMat\u00e9riau du manche : Aluminium<br \/>\nMat\u00e9riau de la lame : M390<br \/>\nStyle de lame&nbsp;:&nbsp;Dague \u00e0 double tranchant<br \/>\nTraitement de surface de la lame : Cerakote<br \/>\nType de bord&nbsp;:&nbsp;Standard<br \/>\nMod\u00e8le\/motif&nbsp;: UTX-85<br \/>\nType de couteau : OTF automatique double action<br \/>\nType de serrure : avant<\/p>\n<p><iframe title=\"Microtech Combat Troodon Torture Test\" width=\"800\" height=\"450\" src=\"https:\/\/www.youtube.com\/embed\/xE9TeOFYEjg?feature=oembed\" frameborder=\"0\" allow=\"accelerometer; autoplay; clipboard-write; encrypted-media; gyroscope; picture-in-picture; web-share\" allowfullscreen><\/iframe><\/p>\n<p>&nbsp;<\/p>\n","protected":false},"excerpt":{"rendered":"<p><strong>Au fil des ann\u00e9es, Microtech\u00ae Knives a rempli les couteaux de passion et de savoir-faire pour cr\u00e9er presque des \u0153uvres d&rsquo;art qui sont le summum de la fonctionnalit\u00e9. Toutes les pi\u00e8ces sont fabriqu\u00e9es aux \u00c9tats-Unis.<\/strong><br \/>\n<strong>Tous les couteaux Microtech sont garantis \u00e0 vie.<\/strong><\/p>\n<p><strong>Transport gratuit<\/strong><\/p>\n","protected":false},"featured_media":321274,"comment_status":"open","ping_status":"closed","template":"","meta":[],"pwb-brand":[3751],"product_brand":[],"product_cat":[3699,3696],"product_tag":[3754],"class_list":{"0":"post-321256","1":"product","2":"type-product","3":"status-publish","4":"has-post-thumbnail","6":"pwb-brand-microtechnologie","7":"product_cat-couteaux-de-tir","8":"product_cat-des-couteaux","9":"product_tag-b2b-fr","11":"first","12":"outofstock","13":"taxable","14":"shipping-taxable","15":"purchasable","16":"product-type-simple"},"brands":[{"id":3751,"name":"Microtechnologie","slug":"microtechnologie"}],"_links":{"self":[{"href":"https:\/\/www.moskito.cz\/fr\/wp-json\/wp\/v2\/product\/321256","targetHints":{"allow":["GET"]}}],"collection":[{"href":"https:\/\/www.moskito.cz\/fr\/wp-json\/wp\/v2\/product"}],"about":[{"href":"https:\/\/www.moskito.cz\/fr\/wp-json\/wp\/v2\/types\/product"}],"replies":[{"embeddable":true,"href":"https:\/\/www.moskito.cz\/fr\/wp-json\/wp\/v2\/comments?post=321256"}],"wp:featuredmedia":[{"embeddable":true,"href":"https:\/\/www.moskito.cz\/fr\/wp-json\/wp\/v2\/media\/321274"}],"wp:attachment":[{"href":"https:\/\/www.moskito.cz\/fr\/wp-json\/wp\/v2\/media?parent=321256"}],"wp:term":[{"taxonomy":"pwb-brand","embeddable":true,"href":"https:\/\/www.moskito.cz\/fr\/wp-json\/wp\/v2\/pwb-brand?post=321256"},{"taxonomy":"product_brand","embeddable":true,"href":"https:\/\/www.moskito.cz\/fr\/wp-json\/wp\/v2\/product_brand?post=321256"},{"taxonomy":"product_cat","embeddable":true,"href":"https:\/\/www.moskito.cz\/fr\/wp-json\/wp\/v2\/product_cat?post=321256"},{"taxonomy":"product_tag","embeddable":true,"href":"https:\/\/www.moskito.cz\/fr\/wp-json\/wp\/v2\/product_tag?post=321256"}],"curies":[{"name":"wp","href":"https:\/\/api.w.org\/{rel}","templated":true}]}}