{"id":321337,"date":"2023-08-16T21:58:08","date_gmt":"2024-03-19T17:33:07","guid":{"rendered":"https:\/\/www.moskito.cz\/produkt\/couteau-de-tir-microtech-ultratech-lord-122-2sl\/"},"modified":"2025-05-07T11:06:22","modified_gmt":"2025-05-07T10:06:22","slug":"couteau-de-tir-microtech-ultratech-lord-122-2sl","status":"publish","type":"product","link":"https:\/\/www.moskito.cz\/fr\/produkt\/couteau-de-tir-microtech-ultratech-lord-122-2sl\/","title":{"rendered":"Couteau de tir Microtech Ultratech Lord 122-2SL"},"content":{"rendered":"<p>Couteau de tir <strong>Microtech<\/strong> Ultratech Lord 122-2SL<\/p>\n<p><strong>Ultratech<\/strong> \u00e9tablira \u00e0 jamais la norme pour tous les couteaux avant. <strong>L&rsquo;Ultratech<\/strong> est le couteau avant \u00e0 double action original <strong>de Microtech<\/strong> et constitue la base de toute sa gamme OTF. Il a subi plusieurs modifications au fil des ann\u00e9es, devenant \u00e0 chaque fois plus efficace et plus fiable. Cette version a une texture tri-grip am\u00e9lior\u00e9e sur la poign\u00e9e et la glissi\u00e8re du pouce pour un achat plus positif, et une magnifique lame rouge pour la faire ressembler \u00e0 un sabre laser. Il pr\u00e9sente \u00e9galement un design d&rsquo;anneau bicolore tr\u00e8s cool sur les vis de la poign\u00e9e, le brise-verre et la glissi\u00e8re du pouce. Le ressort Ultratech reste en position \u00ab\u00a0repos\u00a0\u00bb \u00e0 tout moment, sauf lorsqu&rsquo;il est \u00e9tir\u00e9. Cela garantit que le ressort comprim\u00e9 ne se fatigue pas, garantissant aux utilisateurs que lorsque le couteau est tir\u00e9, il fonctionnera efficacement. Le poids l\u00e9ger de l&rsquo;Ultratech, son ouverture et sa fermeture d&rsquo;une seule main, son design mince et sa lame tranchante \u00e0 double tranchant en font un couteau unique uniquement disponible chez Microtech. Ce couteau a prouv\u00e9 \u00e0 maintes reprises qu\u2019il pouvait r\u00e9sister \u00e0 n\u2019importe quel obstacle et ce g\u00e2teau a du punch.<\/p>\n<p>Caract\u00e9ristiques<br \/>\nOuverture\/fermeture automatique &#8211; ouverture frontale<br \/>\nAction : Double action \u2013 Tir\/r\u00e9traction automatique<br \/>\nAcier : M390<br \/>\nStyle de lame&nbsp;: Dague \u00e0 double tranchant combin\u00e9<br \/>\n\u00c9paisseur du manche&nbsp;: 0,640&Prime;<br \/>\nMat\u00e9riau de la poign\u00e9e&nbsp;: aluminium textur\u00e9 Tri-Grip 6061-T6 avec rev\u00eatement dur Mil-Spec anodis\u00e9<br \/>\nLongueur totale : 22 cm<br \/>\nLongueur de la lame : 8,6 cm<br \/>\nMat\u00e9riau du clip de poche&nbsp;:&nbsp;301 inoxydable<br \/>\nTige standard&nbsp;: alliage 6061-T6 AL<br \/>\nG\u00e2chette&nbsp;:&nbsp;303 inoxydable<br \/>\nBrise-vitre<br \/>\nFabriqu\u00e9 aux \u00c9tats-Unis<\/p>\n<p><iframe title=\"Microtech Combat Troodon Torture Test\" width=\"800\" height=\"450\" src=\"https:\/\/www.youtube.com\/embed\/xE9TeOFYEjg?feature=oembed\" frameborder=\"0\" allow=\"accelerometer; autoplay; clipboard-write; encrypted-media; gyroscope; picture-in-picture; web-share\" allowfullscreen><\/iframe><\/p>\n<p>&nbsp;<\/p>\n","protected":false},"excerpt":{"rendered":"<p><strong>Au fil des ann\u00e9es, Microtech\u00ae Knives a rempli les couteaux de passion et de savoir-faire pour cr\u00e9er presque des \u0153uvres d&rsquo;art qui sont le summum de la fonctionnalit\u00e9. Toutes les pi\u00e8ces sont fabriqu\u00e9es aux \u00c9tats-Unis.<\/strong><br \/>\n<strong>Tous les couteaux Microtech sont garantis \u00e0 vie.<\/strong><\/p>\n<p><strong>Transports gratuits.<\/strong><\/p>\n","protected":false},"featured_media":321345,"comment_status":"open","ping_status":"closed","template":"","meta":[],"pwb-brand":[3751],"product_brand":[],"product_cat":[3699,3696],"product_tag":[3754],"class_list":{"0":"post-321337","1":"product","2":"type-product","3":"status-publish","4":"has-post-thumbnail","6":"pwb-brand-microtechnologie","7":"product_cat-couteaux-de-tir","8":"product_cat-des-couteaux","9":"product_tag-b2b-fr","11":"first","12":"outofstock","13":"taxable","14":"shipping-taxable","15":"purchasable","16":"product-type-simple"},"brands":[{"id":3751,"name":"Microtechnologie","slug":"microtechnologie"}],"_links":{"self":[{"href":"https:\/\/www.moskito.cz\/fr\/wp-json\/wp\/v2\/product\/321337","targetHints":{"allow":["GET"]}}],"collection":[{"href":"https:\/\/www.moskito.cz\/fr\/wp-json\/wp\/v2\/product"}],"about":[{"href":"https:\/\/www.moskito.cz\/fr\/wp-json\/wp\/v2\/types\/product"}],"replies":[{"embeddable":true,"href":"https:\/\/www.moskito.cz\/fr\/wp-json\/wp\/v2\/comments?post=321337"}],"wp:featuredmedia":[{"embeddable":true,"href":"https:\/\/www.moskito.cz\/fr\/wp-json\/wp\/v2\/media\/321345"}],"wp:attachment":[{"href":"https:\/\/www.moskito.cz\/fr\/wp-json\/wp\/v2\/media?parent=321337"}],"wp:term":[{"taxonomy":"pwb-brand","embeddable":true,"href":"https:\/\/www.moskito.cz\/fr\/wp-json\/wp\/v2\/pwb-brand?post=321337"},{"taxonomy":"product_brand","embeddable":true,"href":"https:\/\/www.moskito.cz\/fr\/wp-json\/wp\/v2\/product_brand?post=321337"},{"taxonomy":"product_cat","embeddable":true,"href":"https:\/\/www.moskito.cz\/fr\/wp-json\/wp\/v2\/product_cat?post=321337"},{"taxonomy":"product_tag","embeddable":true,"href":"https:\/\/www.moskito.cz\/fr\/wp-json\/wp\/v2\/product_tag?post=321337"}],"curies":[{"name":"wp","href":"https:\/\/api.w.org\/{rel}","templated":true}]}}